{"id":3272,"date":"2026-02-10T11:16:39","date_gmt":"2026-02-10T04:16:39","guid":{"rendered":"https:\/\/anphatco.123websitedev.com\/san-pham\/sung-siet-bulong-1-inch-kuken-kw-600h\/"},"modified":"2026-02-12T17:05:47","modified_gmt":"2026-02-12T10:05:47","slug":"sung-siet-bulong-1-inch-kuken-kw-600h","status":"publish","type":"product","link":"https:\/\/anphatco.123websitedev.com\/en\/product\/sung-siet-bulong-1-inch-kuken-kw-600h\/","title":{"rendered":"Kuken KW-600H 1-Inch Impact Wrench"},"content":{"rendered":"<p>\u0110\u1eb7c \u0111i\u1ec3m n\u1ed5i b\u1eadt<\/p>\n<p>&#8211; KW-600H l\u00e0 lo\u1ea1i s\u00fang v\u1eb7n bu l\u00f4ng kh\u00ed n\u00e9n ho\u1ea1t \u0111\u1ed9ng \u1ed5n \u0111\u1ecbnh gi\u00fap thao t\u00e1c nhanh v\u00e0 b\u1ea3o v\u1ec7 tu\u1ed5i th\u1ecd cho \u0111ai \u1ed1c.<\/p>\n<p>L\u1ef1c v\u1eb7n kh\u1ecfe, v\u1eadn h\u00e0nh \u00eam \u00e1i v\u00e0 \u0111\u1ed9 b\u1ec1n cao.<\/p>\n<p>&#8211; \u0110\u01b0\u1ee3c l\u00e0m b\u1eb1ng ch\u1ea5t li\u1ec7u h\u1ee3p kim nh\u00f4m l\u00ean c\u00f3 tr\u1ecdng l\u01b0\u1ee3ng si\u00eau nh\u1eb9, KW-600H ch\u1ec9 n\u1eb7ng c\u00f3 15,8 kg thu\u1eadn ti\u1ec7n trong qu\u00e1 tr\u00ecnh thao t\u00e1c, l\u00e0m vi\u1ec7c. Tr\u1ecdng l\u01b0\u1ee3ng nh\u1eb9 gi\u00fap ng\u01b0\u1eddi th\u1ee3 n\u00e2ng cao hi\u1ec7u su\u1ea5t l\u00e0m vi\u1ec7c v\u00e0 b\u1ea3o v\u1ec7 s\u1ee9c kh\u1ecfe \u0111\u1eb7c bi\u1ec7t l\u00e0 c\u1ed9t s\u1ed1ng.<\/p>\n<p>&#8211; B\u00ean c\u1ea1nh \u0111\u00f3: KW-600H ch\u1ec9 ti\u00eau th\u1ee5 0,9 m\u00e9t kh\u1ed1i kh\u00ed\/p, ch\u1ec9 b\u1eb1ng 1\/2 &#8211; 1\/3 c\u00e1c lo\u1ea1i s\u00fang c\u00f9ng lo\u1ea1i tr\u00ean th\u1ecb tr\u01b0\u1eddng. &#8211; &#8211; D\u00f9ng KUKEN KW-600H trong 1 n\u0103m s\u1ebd ti\u1ebft ki\u1ec7m 3.285 m3 kh\u00ed. \u0110i\u1ec1u \u0111\u00f3 c\u00f3 ngh\u0129a l\u00e0 gi\u1ea3m ho\u1ea1t \u0111\u1ed9ng c\u1ee7a m\u00e1y n\u00e9n kh\u00ed v\u1eeba ti\u1ebft ki\u1ec7m ti\u1ec1n \u0111i\u1ec7n, ti\u1ec1n mua d\u1ea7u v\u00e0 gi\u1ea3m hao m\u00f2n, s\u1eeda ch\u1eefa cho \u0111\u1ea7u n\u00e9n kh\u00ed.<\/p>","protected":false},"excerpt":{"rendered":"<p>\u0110\u1eb7c \u0111i\u1ec3m n\u1ed5i b\u1eadt &#8211; KW-600H l\u00e0 lo\u1ea1i s\u00fang v\u1eb7n bu l\u00f4ng kh\u00ed n\u00e9n ho\u1ea1t \u0111\u1ed9ng \u1ed5n \u0111\u1ecbnh gi\u00fap thao t\u00e1c nhanh v\u00e0 b\u1ea3o v\u1ec7 tu\u1ed5i th\u1ecd cho \u0111ai \u1ed1c. L\u1ef1c v\u1eb7n kh\u1ecfe, v\u1eadn h\u00e0nh \u00eam \u00e1i v\u00e0 \u0111\u1ed9 b\u1ec1n cao. &#8211; \u0110\u01b0\u1ee3c l\u00e0m b\u1eb1ng ch\u1ea5t li\u1ec7u h\u1ee3p kim nh\u00f4m l\u00ean c\u00f3 tr\u1ecdng l\u01b0\u1ee3ng si\u00eau [&hellip;]<\/p>","protected":false},"featured_media":3189,"comment_status":"closed","ping_status":"closed","template":"","meta":[],"product_brand":[129],"product_cat":[81,90],"product_tag":[],"class_list":{"0":"post-3272","1":"product","2":"type-product","3":"status-publish","4":"has-post-thumbnail","6":"product_brand-kuken","7":"product_cat-sung-van-oc","8":"product_cat-may-moc-thiet-bi","10":"first","11":"instock","12":"purchasable","13":"product-type-simple"},"acf":[],"ct_brands":[{"id":129,"name":"Kuken","slug":"kuken"}],"yoast_head":"<!-- This site is optimized with the Yoast SEO plugin v26.6 - https:\/\/yoast.com\/wordpress\/plugins\/seo\/ -->\n<title>S\u00fang Si\u1ebft Bulong 1 Inch Kuken KW-600H - An Ph\u00e1t<\/title>\n<meta name=\"robots\" content=\"noindex, follow, max-snippet:-1, max-image-preview:large, max-video-preview:-1\" \/>\n<meta property=\"og:locale\" content=\"en_US\" \/>\n<meta property=\"og:type\" content=\"article\" \/>\n<meta property=\"og:title\" content=\"S\u00fang Si\u1ebft Bulong 1 Inch Kuken KW-600H - An Ph\u00e1t\" \/>\n<meta property=\"og:description\" content=\"\u0110\u1eb7c \u0111i\u1ec3m n\u1ed5i b\u1eadt &#8211; KW-600H l\u00e0 lo\u1ea1i s\u00fang v\u1eb7n bu l\u00f4ng kh\u00ed n\u00e9n ho\u1ea1t \u0111\u1ed9ng \u1ed5n \u0111\u1ecbnh gi\u00fap thao t\u00e1c nhanh v\u00e0 b\u1ea3o v\u1ec7 tu\u1ed5i th\u1ecd cho \u0111ai \u1ed1c. L\u1ef1c v\u1eb7n kh\u1ecfe, v\u1eadn h\u00e0nh \u00eam \u00e1i v\u00e0 \u0111\u1ed9 b\u1ec1n cao. &#8211; \u0110\u01b0\u1ee3c l\u00e0m b\u1eb1ng ch\u1ea5t li\u1ec7u h\u1ee3p kim nh\u00f4m l\u00ean c\u00f3 tr\u1ecdng l\u01b0\u1ee3ng si\u00eau [&hellip;]\" \/>\n<meta property=\"og:url\" content=\"https:\/\/anphatco.123websitedev.com\/en\/product\/sung-siet-bulong-1-inch-kuken-kw-600h\/\" \/>\n<meta property=\"og:site_name\" content=\"An Ph\u00e1t\" \/>\n<meta property=\"article:modified_time\" content=\"2026-02-12T10:05:47+00:00\" \/>\n<meta property=\"og:image\" content=\"https:\/\/anphatco.123websitedev.com\/wp-content\/uploads\/2026\/02\/sung-van-oc-xe-tai-kuken-kw-600h-2.jpg\" \/>\n\t<meta property=\"og:image:width\" content=\"1050\" \/>\n\t<meta property=\"og:image:height\" content=\"1050\" \/>\n\t<meta property=\"og:image:type\" content=\"image\/jpeg\" \/>\n<meta name=\"twitter:card\" content=\"summary_large_image\" \/>\n<meta name=\"twitter:label1\" content=\"Est. reading time\" \/>\n\t<meta name=\"twitter:data1\" content=\"2 minutes\" \/>\n<script type=\"application\/ld+json\" class=\"yoast-schema-graph\">{\"@context\":\"https:\/\/schema.org\",\"@graph\":[{\"@type\":\"WebPage\",\"@id\":\"https:\/\/anphatco.123websitedev.com\/san-pham\/sung-siet-bulong-1-inch-kuken-kw-600h\/\",\"url\":\"https:\/\/anphatco.123websitedev.com\/san-pham\/sung-siet-bulong-1-inch-kuken-kw-600h\/\",\"name\":\"S\u00fang Si\u1ebft Bulong 1 Inch Kuken KW-600H - An Ph\u00e1t\",\"isPartOf\":{\"@id\":\"https:\/\/anphatco.123websitedev.com\/#website\"},\"primaryImageOfPage\":{\"@id\":\"https:\/\/anphatco.123websitedev.com\/san-pham\/sung-siet-bulong-1-inch-kuken-kw-600h\/#primaryimage\"},\"image\":{\"@id\":\"https:\/\/anphatco.123websitedev.com\/san-pham\/sung-siet-bulong-1-inch-kuken-kw-600h\/#primaryimage\"},\"thumbnailUrl\":\"https:\/\/anphatco.123websitedev.com\/wp-content\/uploads\/2026\/02\/sung-van-oc-xe-tai-kuken-kw-600h-2.jpg\",\"datePublished\":\"2026-02-10T04:16:39+00:00\",\"dateModified\":\"2026-02-12T10:05:47+00:00\",\"breadcrumb\":{\"@id\":\"https:\/\/anphatco.123websitedev.com\/san-pham\/sung-siet-bulong-1-inch-kuken-kw-600h\/#breadcrumb\"},\"inLanguage\":\"en-US\",\"potentialAction\":[{\"@type\":\"ReadAction\",\"target\":[\"https:\/\/anphatco.123websitedev.com\/san-pham\/sung-siet-bulong-1-inch-kuken-kw-600h\/\"]}]},{\"@type\":\"ImageObject\",\"inLanguage\":\"en-US\",\"@id\":\"https:\/\/anphatco.123websitedev.com\/san-pham\/sung-siet-bulong-1-inch-kuken-kw-600h\/#primaryimage\",\"url\":\"https:\/\/anphatco.123websitedev.com\/wp-content\/uploads\/2026\/02\/sung-van-oc-xe-tai-kuken-kw-600h-2.jpg\",\"contentUrl\":\"https:\/\/anphatco.123websitedev.com\/wp-content\/uploads\/2026\/02\/sung-van-oc-xe-tai-kuken-kw-600h-2.jpg\",\"width\":1050,\"height\":1050},{\"@type\":\"BreadcrumbList\",\"@id\":\"https:\/\/anphatco.123websitedev.com\/san-pham\/sung-siet-bulong-1-inch-kuken-kw-600h\/#breadcrumb\",\"itemListElement\":[{\"@type\":\"ListItem\",\"position\":1,\"name\":\"Trang ch\u1ee7\",\"item\":\"https:\/\/anphatco.123websitedev.com\/\"},{\"@type\":\"ListItem\",\"position\":2,\"name\":\"S\u1ea3n ph\u1ea9m\",\"item\":\"https:\/\/anphatco.123websitedev.com\/san-pham\/\"},{\"@type\":\"ListItem\",\"position\":3,\"name\":\"S\u00fang Si\u1ebft Bulong 1 Inch Kuken KW-600H\"}]},{\"@type\":\"WebSite\",\"@id\":\"https:\/\/anphatco.123websitedev.com\/#website\",\"url\":\"https:\/\/anphatco.123websitedev.com\/\",\"name\":\"An Ph\u00e1t\",\"description\":\"\",\"publisher\":{\"@id\":\"https:\/\/anphatco.123websitedev.com\/#organization\"},\"potentialAction\":[{\"@type\":\"SearchAction\",\"target\":{\"@type\":\"EntryPoint\",\"urlTemplate\":\"https:\/\/anphatco.123websitedev.com\/?s={search_term_string}\"},\"query-input\":{\"@type\":\"PropertyValueSpecification\",\"valueRequired\":true,\"valueName\":\"search_term_string\"}}],\"inLanguage\":\"en-US\"},{\"@type\":\"Organization\",\"@id\":\"https:\/\/anphatco.123websitedev.com\/#organization\",\"name\":\"An Ph\u00e1t\",\"url\":\"https:\/\/anphatco.123websitedev.com\/\",\"logo\":{\"@type\":\"ImageObject\",\"inLanguage\":\"en-US\",\"@id\":\"https:\/\/anphatco.123websitedev.com\/#\/schema\/logo\/image\/\",\"url\":\"https:\/\/anphatco.123websitedev.com\/wp-content\/uploads\/2025\/12\/an-phat-logo.png\",\"contentUrl\":\"https:\/\/anphatco.123websitedev.com\/wp-content\/uploads\/2025\/12\/an-phat-logo.png\",\"width\":74,\"height\":68,\"caption\":\"An Ph\u00e1t\"},\"image\":{\"@id\":\"https:\/\/anphatco.123websitedev.com\/#\/schema\/logo\/image\/\"}}]}<\/script>\n<!-- \/ Yoast SEO plugin. -->","yoast_head_json":{"title":"S\u00fang Si\u1ebft Bulong 1 Inch Kuken KW-600H - An Ph\u00e1t","robots":{"index":"noindex","follow":"follow","max-snippet":"max-snippet:-1","max-image-preview":"max-image-preview:large","max-video-preview":"max-video-preview:-1"},"og_locale":"en_US","og_type":"article","og_title":"S\u00fang Si\u1ebft Bulong 1 Inch Kuken KW-600H - An Ph\u00e1t","og_description":"\u0110\u1eb7c \u0111i\u1ec3m n\u1ed5i b\u1eadt &#8211; KW-600H l\u00e0 lo\u1ea1i s\u00fang v\u1eb7n bu l\u00f4ng kh\u00ed n\u00e9n ho\u1ea1t \u0111\u1ed9ng \u1ed5n \u0111\u1ecbnh gi\u00fap thao t\u00e1c nhanh v\u00e0 b\u1ea3o v\u1ec7 tu\u1ed5i th\u1ecd cho \u0111ai \u1ed1c. L\u1ef1c v\u1eb7n kh\u1ecfe, v\u1eadn h\u00e0nh \u00eam \u00e1i v\u00e0 \u0111\u1ed9 b\u1ec1n cao. &#8211; \u0110\u01b0\u1ee3c l\u00e0m b\u1eb1ng ch\u1ea5t li\u1ec7u h\u1ee3p kim nh\u00f4m l\u00ean c\u00f3 tr\u1ecdng l\u01b0\u1ee3ng si\u00eau [&hellip;]","og_url":"https:\/\/anphatco.123websitedev.com\/en\/product\/sung-siet-bulong-1-inch-kuken-kw-600h\/","og_site_name":"An Ph\u00e1t","article_modified_time":"2026-02-12T10:05:47+00:00","og_image":[{"width":1050,"height":1050,"url":"https:\/\/anphatco.123websitedev.com\/wp-content\/uploads\/2026\/02\/sung-van-oc-xe-tai-kuken-kw-600h-2.jpg","type":"image\/jpeg"}],"twitter_card":"summary_large_image","twitter_misc":{"Est. reading time":"2 minutes"},"schema":{"@context":"https:\/\/schema.org","@graph":[{"@type":"WebPage","@id":"https:\/\/anphatco.123websitedev.com\/san-pham\/sung-siet-bulong-1-inch-kuken-kw-600h\/","url":"https:\/\/anphatco.123websitedev.com\/san-pham\/sung-siet-bulong-1-inch-kuken-kw-600h\/","name":"S\u00fang Si\u1ebft Bulong 1 Inch Kuken KW-600H - An Ph\u00e1t","isPartOf":{"@id":"https:\/\/anphatco.123websitedev.com\/#website"},"primaryImageOfPage":{"@id":"https:\/\/anphatco.123websitedev.com\/san-pham\/sung-siet-bulong-1-inch-kuken-kw-600h\/#primaryimage"},"image":{"@id":"https:\/\/anphatco.123websitedev.com\/san-pham\/sung-siet-bulong-1-inch-kuken-kw-600h\/#primaryimage"},"thumbnailUrl":"https:\/\/anphatco.123websitedev.com\/wp-content\/uploads\/2026\/02\/sung-van-oc-xe-tai-kuken-kw-600h-2.jpg","datePublished":"2026-02-10T04:16:39+00:00","dateModified":"2026-02-12T10:05:47+00:00","breadcrumb":{"@id":"https:\/\/anphatco.123websitedev.com\/san-pham\/sung-siet-bulong-1-inch-kuken-kw-600h\/#breadcrumb"},"inLanguage":"en-US","potentialAction":[{"@type":"ReadAction","target":["https:\/\/anphatco.123websitedev.com\/san-pham\/sung-siet-bulong-1-inch-kuken-kw-600h\/"]}]},{"@type":"ImageObject","inLanguage":"en-US","@id":"https:\/\/anphatco.123websitedev.com\/san-pham\/sung-siet-bulong-1-inch-kuken-kw-600h\/#primaryimage","url":"https:\/\/anphatco.123websitedev.com\/wp-content\/uploads\/2026\/02\/sung-van-oc-xe-tai-kuken-kw-600h-2.jpg","contentUrl":"https:\/\/anphatco.123websitedev.com\/wp-content\/uploads\/2026\/02\/sung-van-oc-xe-tai-kuken-kw-600h-2.jpg","width":1050,"height":1050},{"@type":"BreadcrumbList","@id":"https:\/\/anphatco.123websitedev.com\/san-pham\/sung-siet-bulong-1-inch-kuken-kw-600h\/#breadcrumb","itemListElement":[{"@type":"ListItem","position":1,"name":"Trang ch\u1ee7","item":"https:\/\/anphatco.123websitedev.com\/"},{"@type":"ListItem","position":2,"name":"S\u1ea3n ph\u1ea9m","item":"https:\/\/anphatco.123websitedev.com\/san-pham\/"},{"@type":"ListItem","position":3,"name":"S\u00fang Si\u1ebft Bulong 1 Inch Kuken KW-600H"}]},{"@type":"WebSite","@id":"https:\/\/anphatco.123websitedev.com\/#website","url":"https:\/\/anphatco.123websitedev.com\/","name":"An Ph\u00e1t","description":"","publisher":{"@id":"https:\/\/anphatco.123websitedev.com\/#organization"},"potentialAction":[{"@type":"SearchAction","target":{"@type":"EntryPoint","urlTemplate":"https:\/\/anphatco.123websitedev.com\/?s={search_term_string}"},"query-input":{"@type":"PropertyValueSpecification","valueRequired":true,"valueName":"search_term_string"}}],"inLanguage":"en-US"},{"@type":"Organization","@id":"https:\/\/anphatco.123websitedev.com\/#organization","name":"An Ph\u00e1t","url":"https:\/\/anphatco.123websitedev.com\/","logo":{"@type":"ImageObject","inLanguage":"en-US","@id":"https:\/\/anphatco.123websitedev.com\/#\/schema\/logo\/image\/","url":"https:\/\/anphatco.123websitedev.com\/wp-content\/uploads\/2025\/12\/an-phat-logo.png","contentUrl":"https:\/\/anphatco.123websitedev.com\/wp-content\/uploads\/2025\/12\/an-phat-logo.png","width":74,"height":68,"caption":"An Ph\u00e1t"},"image":{"@id":"https:\/\/anphatco.123websitedev.com\/#\/schema\/logo\/image\/"}}]}},"_links":{"self":[{"href":"https:\/\/anphatco.123websitedev.com\/en\/wp-json\/wp\/v2\/product\/3272","targetHints":{"allow":["GET"]}}],"collection":[{"href":"https:\/\/anphatco.123websitedev.com\/en\/wp-json\/wp\/v2\/product"}],"about":[{"href":"https:\/\/anphatco.123websitedev.com\/en\/wp-json\/wp\/v2\/types\/product"}],"replies":[{"embeddable":true,"href":"https:\/\/anphatco.123websitedev.com\/en\/wp-json\/wp\/v2\/comments?post=3272"}],"wp:featuredmedia":[{"embeddable":true,"href":"https:\/\/anphatco.123websitedev.com\/en\/wp-json\/wp\/v2\/media\/3189"}],"wp:attachment":[{"href":"https:\/\/anphatco.123websitedev.com\/en\/wp-json\/wp\/v2\/media?parent=3272"}],"wp:term":[{"taxonomy":"product_brand","embeddable":true,"href":"https:\/\/anphatco.123websitedev.com\/en\/wp-json\/wp\/v2\/product_brand?post=3272"},{"taxonomy":"product_cat","embeddable":true,"href":"https:\/\/anphatco.123websitedev.com\/en\/wp-json\/wp\/v2\/product_cat?post=3272"},{"taxonomy":"product_tag","embeddable":true,"href":"https:\/\/anphatco.123websitedev.com\/en\/wp-json\/wp\/v2\/product_tag?post=3272"}],"curies":[{"name":"wp","href":"https:\/\/api.w.org\/{rel}","templated":true}]}}