{"id":3273,"date":"2026-02-10T11:16:39","date_gmt":"2026-02-10T04:16:39","guid":{"rendered":"https:\/\/anphatco.123websitedev.com\/san-pham\/sung-siet-bulong-1-inch-kuken-kw-40p\/"},"modified":"2026-02-12T18:06:41","modified_gmt":"2026-02-12T11:06:41","slug":"sung-siet-bulong-1-inch-kuken-kw-40p","status":"publish","type":"product","link":"https:\/\/anphatco.123websitedev.com\/en\/product\/sung-siet-bulong-1-inch-kuken-kw-40p\/","title":{"rendered":"S\u00fang Si\u1ebft Bulong 1 Inch Kuken KW-40P"},"content":{"rendered":"<p>\u0110\u1eb7c \u0111i\u1ec3m n\u1ed5i b\u1eadt:<\/p>\n<p>&#8211; S\u00fang v\u1eb7n bulong KW-40P c\u00f3 ki\u1ec3u d\u00e1ng nh\u1ecf g\u1ecdn, gi\u00fap b\u1ea1n d\u1ec5 d\u00e0ng s\u1eed d\u1ee5ng v\u00e0 thao t\u00e1c \u1edf nh\u1eefng v\u1ecb tr\u00ed kh\u00f3.<\/p>\n<p>&#8211; V\u1edbi l\u1ef1c v\u1eb7n c\u1ef1c kh\u1ecfe l\u00ean \u0111\u1ebfn 1800 Nm gi\u00fap KW-40P m\u1edf v\u1eb7n \u1ed1c, bulong m\u1ed9t c\u00e1ch d\u1ec5 d\u00e0ng, nhanh ch\u00f3ng.<\/p>\n<p>&#8211; M\u00e1y \u0111\u01b0\u1ee3c thi\u1ebft k\u1ebf \u0111\u1eb7c bi\u1ec7t, c\u00e2n \u0111\u1ed1i gi\u1eefa c\u00e1c chi ti\u1ebft n\u00ean v\u1eadn h\u00e0nh \u00eam \u00e1i, kh\u00f4ng g\u00e2y rung gi\u1eadt trong qu\u00e1 tr\u00ecnh s\u1eed d\u1ee5ng.<\/p>\n<p>&#8211; Kuken l\u00e0 th\u01b0\u01a1ng hi\u1ec7u s\u00fang c\u00f3 uy t\u00edn l\u00e2u n\u0103m, ch\u1ea5t l\u01b0\u1ee3ng cao \u0111\u1ebfn t\u1eeb Nh\u1eadt B\u1ea3n n\u00ean s\u00fang KW-40P c\u00f3 \u0111\u1ed9 b\u1ec1n cao h\u01a1n h\u1eb3n so v\u1edbi nh\u1eefng lo\u1ea1i s\u00fang v\u1eb7n bulong c\u00f9ng lo\u1ea1i nh\u01b0ng kh\u00e1c th\u01b0\u01a1ng hi\u1ec7u.<\/p>\n<p>L\u01b0u \u00fd: \u0110\u1ec3 s\u00fang v\u1eadn h\u00e0nh \u1ed5n \u0111\u1ecbnh, k\u00e9o d\u00e0i tu\u1ed5i th\u1ecd, kh\u00e1ch h\u00e0ng n\u00ean th\u1ef1c hi\u1ec7n b\u1ea3o d\u01b0\u1ee1ng b\u1eb1ng c\u00e1ch tra d\u1ea7u th\u1ee7y l\u1ef1c (d\u1ea7u m\u00e1y kh\u00e2u) th\u01b0\u1eddng xuy\u00ean. N\u1ebfu ph\u00e1t hi\u1ec7n b\u1ea5t k\u1ef3 d\u1ea5u hi\u1ec7u b\u1ea5t th\u01b0\u1eddng n\u00e0o c\u1ee7a s\u1ea3n ph\u1ea9m vui l\u00f2ng li\u00ean h\u1ec7 v\u1edbi nh\u00e2n vi\u00ean c\u1ee7a An Ph\u00e1t \u0111\u1ec3 \u0111\u01b0\u1ee3c h\u1ed7 tr\u1ee3 k\u1ecbp th\u1eddi.<\/p>","protected":false},"excerpt":{"rendered":"<p>\u0110\u1eb7c \u0111i\u1ec3m n\u1ed5i b\u1eadt: &#8211; S\u00fang v\u1eb7n bulong KW-40P c\u00f3 ki\u1ec3u d\u00e1ng nh\u1ecf g\u1ecdn, gi\u00fap b\u1ea1n d\u1ec5 d\u00e0ng s\u1eed d\u1ee5ng v\u00e0 thao t\u00e1c \u1edf nh\u1eefng v\u1ecb tr\u00ed kh\u00f3. &#8211; V\u1edbi l\u1ef1c v\u1eb7n c\u1ef1c kh\u1ecfe l\u00ean \u0111\u1ebfn 1800 Nm gi\u00fap KW-40P m\u1edf v\u1eb7n \u1ed1c, bulong m\u1ed9t c\u00e1ch d\u1ec5 d\u00e0ng, nhanh ch\u00f3ng. &#8211; M\u00e1y \u0111\u01b0\u1ee3c thi\u1ebft k\u1ebf [&hellip;]<\/p>","protected":false},"featured_media":3403,"comment_status":"closed","ping_status":"closed","template":"","meta":[],"product_brand":[129],"product_cat":[96,137],"product_tag":[],"class_list":{"0":"post-3273","1":"product","2":"type-product","3":"status-publish","4":"has-post-thumbnail","6":"product_brand-kuken","7":"product_cat-vat-tu-tieu-hao","8":"product_cat-sung-van-oc-vat-tu-tieu-hao","10":"first","11":"instock","12":"purchasable","13":"product-type-simple"},"acf":[],"ct_brands":[{"id":129,"name":"Kuken","slug":"kuken"}],"yoast_head":"<!-- This site is optimized with the Yoast SEO plugin v26.6 - https:\/\/yoast.com\/wordpress\/plugins\/seo\/ -->\n<title>S\u00fang Si\u1ebft Bulong 1 Inch Kuken KW-40P - An Ph\u00e1t<\/title>\n<meta name=\"robots\" content=\"noindex, follow, max-snippet:-1, max-image-preview:large, max-video-preview:-1\" \/>\n<meta property=\"og:locale\" content=\"en_US\" \/>\n<meta property=\"og:type\" content=\"article\" \/>\n<meta property=\"og:title\" content=\"S\u00fang Si\u1ebft Bulong 1 Inch Kuken KW-40P - An Ph\u00e1t\" \/>\n<meta property=\"og:description\" content=\"\u0110\u1eb7c \u0111i\u1ec3m n\u1ed5i b\u1eadt: &#8211; S\u00fang v\u1eb7n bulong KW-40P c\u00f3 ki\u1ec3u d\u00e1ng nh\u1ecf g\u1ecdn, gi\u00fap b\u1ea1n d\u1ec5 d\u00e0ng s\u1eed d\u1ee5ng v\u00e0 thao t\u00e1c \u1edf nh\u1eefng v\u1ecb tr\u00ed kh\u00f3. &#8211; V\u1edbi l\u1ef1c v\u1eb7n c\u1ef1c kh\u1ecfe l\u00ean \u0111\u1ebfn 1800 Nm gi\u00fap KW-40P m\u1edf v\u1eb7n \u1ed1c, bulong m\u1ed9t c\u00e1ch d\u1ec5 d\u00e0ng, nhanh ch\u00f3ng. &#8211; M\u00e1y \u0111\u01b0\u1ee3c thi\u1ebft k\u1ebf [&hellip;]\" \/>\n<meta property=\"og:url\" content=\"https:\/\/anphatco.123websitedev.com\/en\/product\/sung-siet-bulong-1-inch-kuken-kw-40p\/\" \/>\n<meta property=\"og:site_name\" content=\"An Ph\u00e1t\" \/>\n<meta property=\"article:modified_time\" content=\"2026-02-12T11:06:41+00:00\" \/>\n<meta property=\"og:image\" content=\"https:\/\/anphatco.123websitedev.com\/wp-content\/uploads\/2026\/02\/kw-40p.jpg\" \/>\n\t<meta property=\"og:image:width\" content=\"921\" \/>\n\t<meta property=\"og:image:height\" content=\"960\" \/>\n\t<meta property=\"og:image:type\" content=\"image\/jpeg\" \/>\n<meta name=\"twitter:card\" content=\"summary_large_image\" \/>\n<meta name=\"twitter:label1\" content=\"Est. reading time\" \/>\n\t<meta name=\"twitter:data1\" content=\"2 minutes\" \/>\n<script type=\"application\/ld+json\" class=\"yoast-schema-graph\">{\"@context\":\"https:\/\/schema.org\",\"@graph\":[{\"@type\":\"WebPage\",\"@id\":\"https:\/\/anphatco.123websitedev.com\/san-pham\/sung-siet-bulong-1-inch-kuken-kw-40p\/\",\"url\":\"https:\/\/anphatco.123websitedev.com\/san-pham\/sung-siet-bulong-1-inch-kuken-kw-40p\/\",\"name\":\"S\u00fang Si\u1ebft Bulong 1 Inch Kuken KW-40P - An Ph\u00e1t\",\"isPartOf\":{\"@id\":\"https:\/\/anphatco.123websitedev.com\/#website\"},\"primaryImageOfPage\":{\"@id\":\"https:\/\/anphatco.123websitedev.com\/san-pham\/sung-siet-bulong-1-inch-kuken-kw-40p\/#primaryimage\"},\"image\":{\"@id\":\"https:\/\/anphatco.123websitedev.com\/san-pham\/sung-siet-bulong-1-inch-kuken-kw-40p\/#primaryimage\"},\"thumbnailUrl\":\"https:\/\/anphatco.123websitedev.com\/wp-content\/uploads\/2026\/02\/kw-40p.jpg\",\"datePublished\":\"2026-02-10T04:16:39+00:00\",\"dateModified\":\"2026-02-12T11:06:41+00:00\",\"breadcrumb\":{\"@id\":\"https:\/\/anphatco.123websitedev.com\/san-pham\/sung-siet-bulong-1-inch-kuken-kw-40p\/#breadcrumb\"},\"inLanguage\":\"en-US\",\"potentialAction\":[{\"@type\":\"ReadAction\",\"target\":[\"https:\/\/anphatco.123websitedev.com\/san-pham\/sung-siet-bulong-1-inch-kuken-kw-40p\/\"]}]},{\"@type\":\"ImageObject\",\"inLanguage\":\"en-US\",\"@id\":\"https:\/\/anphatco.123websitedev.com\/san-pham\/sung-siet-bulong-1-inch-kuken-kw-40p\/#primaryimage\",\"url\":\"https:\/\/anphatco.123websitedev.com\/wp-content\/uploads\/2026\/02\/kw-40p.jpg\",\"contentUrl\":\"https:\/\/anphatco.123websitedev.com\/wp-content\/uploads\/2026\/02\/kw-40p.jpg\",\"width\":921,\"height\":960},{\"@type\":\"BreadcrumbList\",\"@id\":\"https:\/\/anphatco.123websitedev.com\/san-pham\/sung-siet-bulong-1-inch-kuken-kw-40p\/#breadcrumb\",\"itemListElement\":[{\"@type\":\"ListItem\",\"position\":1,\"name\":\"Trang ch\u1ee7\",\"item\":\"https:\/\/anphatco.123websitedev.com\/\"},{\"@type\":\"ListItem\",\"position\":2,\"name\":\"S\u1ea3n ph\u1ea9m\",\"item\":\"https:\/\/anphatco.123websitedev.com\/san-pham\/\"},{\"@type\":\"ListItem\",\"position\":3,\"name\":\"S\u00fang Si\u1ebft Bulong 1 Inch Kuken KW-40P\"}]},{\"@type\":\"WebSite\",\"@id\":\"https:\/\/anphatco.123websitedev.com\/#website\",\"url\":\"https:\/\/anphatco.123websitedev.com\/\",\"name\":\"An Ph\u00e1t\",\"description\":\"\",\"publisher\":{\"@id\":\"https:\/\/anphatco.123websitedev.com\/#organization\"},\"potentialAction\":[{\"@type\":\"SearchAction\",\"target\":{\"@type\":\"EntryPoint\",\"urlTemplate\":\"https:\/\/anphatco.123websitedev.com\/?s={search_term_string}\"},\"query-input\":{\"@type\":\"PropertyValueSpecification\",\"valueRequired\":true,\"valueName\":\"search_term_string\"}}],\"inLanguage\":\"en-US\"},{\"@type\":\"Organization\",\"@id\":\"https:\/\/anphatco.123websitedev.com\/#organization\",\"name\":\"An Ph\u00e1t\",\"url\":\"https:\/\/anphatco.123websitedev.com\/\",\"logo\":{\"@type\":\"ImageObject\",\"inLanguage\":\"en-US\",\"@id\":\"https:\/\/anphatco.123websitedev.com\/#\/schema\/logo\/image\/\",\"url\":\"https:\/\/anphatco.123websitedev.com\/wp-content\/uploads\/2025\/12\/an-phat-logo.png\",\"contentUrl\":\"https:\/\/anphatco.123websitedev.com\/wp-content\/uploads\/2025\/12\/an-phat-logo.png\",\"width\":74,\"height\":68,\"caption\":\"An Ph\u00e1t\"},\"image\":{\"@id\":\"https:\/\/anphatco.123websitedev.com\/#\/schema\/logo\/image\/\"}}]}<\/script>\n<!-- \/ Yoast SEO plugin. -->","yoast_head_json":{"title":"S\u00fang Si\u1ebft Bulong 1 Inch Kuken KW-40P - An Ph\u00e1t","robots":{"index":"noindex","follow":"follow","max-snippet":"max-snippet:-1","max-image-preview":"max-image-preview:large","max-video-preview":"max-video-preview:-1"},"og_locale":"en_US","og_type":"article","og_title":"S\u00fang Si\u1ebft Bulong 1 Inch Kuken KW-40P - An Ph\u00e1t","og_description":"\u0110\u1eb7c \u0111i\u1ec3m n\u1ed5i b\u1eadt: &#8211; S\u00fang v\u1eb7n bulong KW-40P c\u00f3 ki\u1ec3u d\u00e1ng nh\u1ecf g\u1ecdn, gi\u00fap b\u1ea1n d\u1ec5 d\u00e0ng s\u1eed d\u1ee5ng v\u00e0 thao t\u00e1c \u1edf nh\u1eefng v\u1ecb tr\u00ed kh\u00f3. &#8211; V\u1edbi l\u1ef1c v\u1eb7n c\u1ef1c kh\u1ecfe l\u00ean \u0111\u1ebfn 1800 Nm gi\u00fap KW-40P m\u1edf v\u1eb7n \u1ed1c, bulong m\u1ed9t c\u00e1ch d\u1ec5 d\u00e0ng, nhanh ch\u00f3ng. &#8211; M\u00e1y \u0111\u01b0\u1ee3c thi\u1ebft k\u1ebf [&hellip;]","og_url":"https:\/\/anphatco.123websitedev.com\/en\/product\/sung-siet-bulong-1-inch-kuken-kw-40p\/","og_site_name":"An Ph\u00e1t","article_modified_time":"2026-02-12T11:06:41+00:00","og_image":[{"width":921,"height":960,"url":"https:\/\/anphatco.123websitedev.com\/wp-content\/uploads\/2026\/02\/kw-40p.jpg","type":"image\/jpeg"}],"twitter_card":"summary_large_image","twitter_misc":{"Est. reading time":"2 minutes"},"schema":{"@context":"https:\/\/schema.org","@graph":[{"@type":"WebPage","@id":"https:\/\/anphatco.123websitedev.com\/san-pham\/sung-siet-bulong-1-inch-kuken-kw-40p\/","url":"https:\/\/anphatco.123websitedev.com\/san-pham\/sung-siet-bulong-1-inch-kuken-kw-40p\/","name":"S\u00fang Si\u1ebft Bulong 1 Inch Kuken KW-40P - An Ph\u00e1t","isPartOf":{"@id":"https:\/\/anphatco.123websitedev.com\/#website"},"primaryImageOfPage":{"@id":"https:\/\/anphatco.123websitedev.com\/san-pham\/sung-siet-bulong-1-inch-kuken-kw-40p\/#primaryimage"},"image":{"@id":"https:\/\/anphatco.123websitedev.com\/san-pham\/sung-siet-bulong-1-inch-kuken-kw-40p\/#primaryimage"},"thumbnailUrl":"https:\/\/anphatco.123websitedev.com\/wp-content\/uploads\/2026\/02\/kw-40p.jpg","datePublished":"2026-02-10T04:16:39+00:00","dateModified":"2026-02-12T11:06:41+00:00","breadcrumb":{"@id":"https:\/\/anphatco.123websitedev.com\/san-pham\/sung-siet-bulong-1-inch-kuken-kw-40p\/#breadcrumb"},"inLanguage":"en-US","potentialAction":[{"@type":"ReadAction","target":["https:\/\/anphatco.123websitedev.com\/san-pham\/sung-siet-bulong-1-inch-kuken-kw-40p\/"]}]},{"@type":"ImageObject","inLanguage":"en-US","@id":"https:\/\/anphatco.123websitedev.com\/san-pham\/sung-siet-bulong-1-inch-kuken-kw-40p\/#primaryimage","url":"https:\/\/anphatco.123websitedev.com\/wp-content\/uploads\/2026\/02\/kw-40p.jpg","contentUrl":"https:\/\/anphatco.123websitedev.com\/wp-content\/uploads\/2026\/02\/kw-40p.jpg","width":921,"height":960},{"@type":"BreadcrumbList","@id":"https:\/\/anphatco.123websitedev.com\/san-pham\/sung-siet-bulong-1-inch-kuken-kw-40p\/#breadcrumb","itemListElement":[{"@type":"ListItem","position":1,"name":"Trang ch\u1ee7","item":"https:\/\/anphatco.123websitedev.com\/"},{"@type":"ListItem","position":2,"name":"S\u1ea3n ph\u1ea9m","item":"https:\/\/anphatco.123websitedev.com\/san-pham\/"},{"@type":"ListItem","position":3,"name":"S\u00fang Si\u1ebft Bulong 1 Inch Kuken KW-40P"}]},{"@type":"WebSite","@id":"https:\/\/anphatco.123websitedev.com\/#website","url":"https:\/\/anphatco.123websitedev.com\/","name":"An Ph\u00e1t","description":"","publisher":{"@id":"https:\/\/anphatco.123websitedev.com\/#organization"},"potentialAction":[{"@type":"SearchAction","target":{"@type":"EntryPoint","urlTemplate":"https:\/\/anphatco.123websitedev.com\/?s={search_term_string}"},"query-input":{"@type":"PropertyValueSpecification","valueRequired":true,"valueName":"search_term_string"}}],"inLanguage":"en-US"},{"@type":"Organization","@id":"https:\/\/anphatco.123websitedev.com\/#organization","name":"An Ph\u00e1t","url":"https:\/\/anphatco.123websitedev.com\/","logo":{"@type":"ImageObject","inLanguage":"en-US","@id":"https:\/\/anphatco.123websitedev.com\/#\/schema\/logo\/image\/","url":"https:\/\/anphatco.123websitedev.com\/wp-content\/uploads\/2025\/12\/an-phat-logo.png","contentUrl":"https:\/\/anphatco.123websitedev.com\/wp-content\/uploads\/2025\/12\/an-phat-logo.png","width":74,"height":68,"caption":"An Ph\u00e1t"},"image":{"@id":"https:\/\/anphatco.123websitedev.com\/#\/schema\/logo\/image\/"}}]}},"_links":{"self":[{"href":"https:\/\/anphatco.123websitedev.com\/en\/wp-json\/wp\/v2\/product\/3273","targetHints":{"allow":["GET"]}}],"collection":[{"href":"https:\/\/anphatco.123websitedev.com\/en\/wp-json\/wp\/v2\/product"}],"about":[{"href":"https:\/\/anphatco.123websitedev.com\/en\/wp-json\/wp\/v2\/types\/product"}],"replies":[{"embeddable":true,"href":"https:\/\/anphatco.123websitedev.com\/en\/wp-json\/wp\/v2\/comments?post=3273"}],"wp:featuredmedia":[{"embeddable":true,"href":"https:\/\/anphatco.123websitedev.com\/en\/wp-json\/wp\/v2\/media\/3403"}],"wp:attachment":[{"href":"https:\/\/anphatco.123websitedev.com\/en\/wp-json\/wp\/v2\/media?parent=3273"}],"wp:term":[{"taxonomy":"product_brand","embeddable":true,"href":"https:\/\/anphatco.123websitedev.com\/en\/wp-json\/wp\/v2\/product_brand?post=3273"},{"taxonomy":"product_cat","embeddable":true,"href":"https:\/\/anphatco.123websitedev.com\/en\/wp-json\/wp\/v2\/product_cat?post=3273"},{"taxonomy":"product_tag","embeddable":true,"href":"https:\/\/anphatco.123websitedev.com\/en\/wp-json\/wp\/v2\/product_tag?post=3273"}],"curies":[{"name":"wp","href":"https:\/\/api.w.org\/{rel}","templated":true}]}}