{"id":3274,"date":"2026-02-10T11:16:39","date_gmt":"2026-02-10T04:16:39","guid":{"rendered":"https:\/\/anphatco.123websitedev.com\/san-pham\/sung-siet-bulong-3-4-inch-kuken-kw-20p\/"},"modified":"2026-02-12T18:04:45","modified_gmt":"2026-02-12T11:04:45","slug":"sung-siet-bulong-3-4-inch-kuken-kw-20p","status":"publish","type":"product","link":"https:\/\/anphatco.123websitedev.com\/en\/product\/sung-siet-bulong-3-4-inch-kuken-kw-20p\/","title":{"rendered":"S\u00fang Si\u1ebft Bulong 3\/4 Inch Kuken KW-20P"},"content":{"rendered":"<p>KW-20P l\u00e0 lo\u1ea1i s\u00fang v\u1eb7n \u1ed1c \u0111\u01b0\u1ee3c s\u1eed d\u1ee5ng nhi\u1ec1u trong c\u00e1c gara s\u1eeda ch\u1eefa \u00f4 t\u00f4 xe m\u00e1y gi\u00fap c\u00f4ng vi\u1ec7c th\u00e1o l\u1eafp \u1ed1c tr\u1edf n\u00ean d\u1ec5 d\u00e0ng v\u00e0 \u0111\u01a1n gi\u1ea3n, ti\u1ebft ki\u1ec7m s\u1ee9c lao \u0111\u1ed9ng.<\/p>\n<p>\u0110\u1eb7c \u0111i\u1ec3m n\u1ed5i b\u1eadt:<\/p>\n<p>&#8211; Ph\u00f9 h\u1ee3p v\u1edbi nh\u1eefng hi\u1ec7u l\u00e0m l\u1ed1p xe du l\u1ecbch, xe t\u1ea3i nh\u1ecf, c\u00e1c gara s\u1eeda ch\u1eefa \u00f4 t\u00f4, m\u00e1y c\u00f4ng tr\u00ecnh, x\u01b0\u1edfng c\u01a1 kh\u00ed\u2026<\/p>\n<p>&#8211; S\u00fang c\u00f3 \u0111\u1ed9 b\u1ec1n cao v\u00e0 ti\u1ebft ki\u1ec7m kh\u00ed n\u00e9n.<\/p>\n<p>L\u01b0u \u00fd: \u0110\u1ec3 s\u00fang v\u1eadn h\u00e0nh \u1ed5n \u0111\u1ecbnh, k\u00e9o d\u00e0i tu\u1ed5i th\u1ecd, kh\u00e1ch h\u00e0ng n\u00ean th\u1ef1c hi\u1ec7n b\u1ea3o d\u01b0\u1ee1ng b\u1eb1ng c\u00e1ch tra d\u1ea7u th\u1ee7y l\u1ef1c (d\u1ea7u m\u00e1y kh\u00e2u) th\u01b0\u1eddng xuy\u00ean. N\u1ebfu ph\u00e1t hi\u1ec7n b\u1ea5t k\u1ef3 d\u1ea5u hi\u1ec7u b\u1ea5t th\u01b0\u1eddng n\u00e0o c\u1ee7a s\u1ea3n ph\u1ea9m vui l\u00f2ng li\u00ean h\u1ec7 v\u1edbi nh\u00e2n vi\u00ean c\u1ee7a An Ph\u00e1t \u0111\u1ec3 \u0111\u01b0\u1ee3c h\u1ed7 tr\u1ee3 k\u1ecbp th\u1eddi.<\/p>","protected":false},"excerpt":{"rendered":"<p>KW-20P l\u00e0 lo\u1ea1i s\u00fang v\u1eb7n \u1ed1c \u0111\u01b0\u1ee3c s\u1eed d\u1ee5ng nhi\u1ec1u trong c\u00e1c gara s\u1eeda ch\u1eefa \u00f4 t\u00f4 xe m\u00e1y gi\u00fap c\u00f4ng vi\u1ec7c th\u00e1o l\u1eafp \u1ed1c tr\u1edf n\u00ean d\u1ec5 d\u00e0ng v\u00e0 \u0111\u01a1n gi\u1ea3n, ti\u1ebft ki\u1ec7m s\u1ee9c lao \u0111\u1ed9ng. \u0110\u1eb7c \u0111i\u1ec3m n\u1ed5i b\u1eadt: &#8211; Ph\u00f9 h\u1ee3p v\u1edbi nh\u1eefng hi\u1ec7u l\u00e0m l\u1ed1p xe du l\u1ecbch, xe t\u1ea3i nh\u1ecf, [&hellip;]<\/p>","protected":false},"featured_media":3416,"comment_status":"closed","ping_status":"closed","template":"","meta":[],"product_brand":[129],"product_cat":[96,137],"product_tag":[],"class_list":{"0":"post-3274","1":"product","2":"type-product","3":"status-publish","4":"has-post-thumbnail","6":"product_brand-kuken","7":"product_cat-vat-tu-tieu-hao","8":"product_cat-sung-van-oc-vat-tu-tieu-hao","10":"first","11":"instock","12":"purchasable","13":"product-type-simple"},"acf":[],"ct_brands":[{"id":129,"name":"Kuken","slug":"kuken"}],"yoast_head":"<!-- This site is optimized with the Yoast SEO plugin v26.6 - https:\/\/yoast.com\/wordpress\/plugins\/seo\/ -->\n<title>S\u00fang Si\u1ebft Bulong 3\/4 Inch Kuken KW-20P - An Ph\u00e1t<\/title>\n<meta name=\"robots\" content=\"noindex, follow, max-snippet:-1, max-image-preview:large, max-video-preview:-1\" \/>\n<meta property=\"og:locale\" content=\"en_US\" \/>\n<meta property=\"og:type\" content=\"article\" \/>\n<meta property=\"og:title\" content=\"S\u00fang Si\u1ebft Bulong 3\/4 Inch Kuken KW-20P - An Ph\u00e1t\" \/>\n<meta property=\"og:description\" content=\"KW-20P l\u00e0 lo\u1ea1i s\u00fang v\u1eb7n \u1ed1c \u0111\u01b0\u1ee3c s\u1eed d\u1ee5ng nhi\u1ec1u trong c\u00e1c gara s\u1eeda ch\u1eefa \u00f4 t\u00f4 xe m\u00e1y gi\u00fap c\u00f4ng vi\u1ec7c th\u00e1o l\u1eafp \u1ed1c tr\u1edf n\u00ean d\u1ec5 d\u00e0ng v\u00e0 \u0111\u01a1n gi\u1ea3n, ti\u1ebft ki\u1ec7m s\u1ee9c lao \u0111\u1ed9ng. \u0110\u1eb7c \u0111i\u1ec3m n\u1ed5i b\u1eadt: &#8211; Ph\u00f9 h\u1ee3p v\u1edbi nh\u1eefng hi\u1ec7u l\u00e0m l\u1ed1p xe du l\u1ecbch, xe t\u1ea3i nh\u1ecf, [&hellip;]\" \/>\n<meta property=\"og:url\" content=\"https:\/\/anphatco.123websitedev.com\/en\/product\/sung-siet-bulong-3-4-inch-kuken-kw-20p\/\" \/>\n<meta property=\"og:site_name\" content=\"An Ph\u00e1t\" \/>\n<meta property=\"article:modified_time\" content=\"2026-02-12T11:04:45+00:00\" \/>\n<meta property=\"og:image\" content=\"https:\/\/anphatco.123websitedev.com\/wp-content\/uploads\/2026\/02\/sung-van-oc-kuken-kw-20p-1.jpg\" \/>\n\t<meta property=\"og:image:width\" content=\"971\" \/>\n\t<meta property=\"og:image:height\" content=\"971\" \/>\n\t<meta property=\"og:image:type\" content=\"image\/jpeg\" \/>\n<meta name=\"twitter:card\" content=\"summary_large_image\" \/>\n<meta name=\"twitter:label1\" content=\"Est. reading time\" \/>\n\t<meta name=\"twitter:data1\" content=\"2 minutes\" \/>\n<script type=\"application\/ld+json\" class=\"yoast-schema-graph\">{\"@context\":\"https:\/\/schema.org\",\"@graph\":[{\"@type\":\"WebPage\",\"@id\":\"https:\/\/anphatco.123websitedev.com\/san-pham\/sung-siet-bulong-3-4-inch-kuken-kw-20p\/\",\"url\":\"https:\/\/anphatco.123websitedev.com\/san-pham\/sung-siet-bulong-3-4-inch-kuken-kw-20p\/\",\"name\":\"S\u00fang Si\u1ebft Bulong 3\/4 Inch Kuken KW-20P - An Ph\u00e1t\",\"isPartOf\":{\"@id\":\"https:\/\/anphatco.123websitedev.com\/#website\"},\"primaryImageOfPage\":{\"@id\":\"https:\/\/anphatco.123websitedev.com\/san-pham\/sung-siet-bulong-3-4-inch-kuken-kw-20p\/#primaryimage\"},\"image\":{\"@id\":\"https:\/\/anphatco.123websitedev.com\/san-pham\/sung-siet-bulong-3-4-inch-kuken-kw-20p\/#primaryimage\"},\"thumbnailUrl\":\"https:\/\/anphatco.123websitedev.com\/wp-content\/uploads\/2026\/02\/sung-van-oc-kuken-kw-20p-1.jpg\",\"datePublished\":\"2026-02-10T04:16:39+00:00\",\"dateModified\":\"2026-02-12T11:04:45+00:00\",\"breadcrumb\":{\"@id\":\"https:\/\/anphatco.123websitedev.com\/san-pham\/sung-siet-bulong-3-4-inch-kuken-kw-20p\/#breadcrumb\"},\"inLanguage\":\"en-US\",\"potentialAction\":[{\"@type\":\"ReadAction\",\"target\":[\"https:\/\/anphatco.123websitedev.com\/san-pham\/sung-siet-bulong-3-4-inch-kuken-kw-20p\/\"]}]},{\"@type\":\"ImageObject\",\"inLanguage\":\"en-US\",\"@id\":\"https:\/\/anphatco.123websitedev.com\/san-pham\/sung-siet-bulong-3-4-inch-kuken-kw-20p\/#primaryimage\",\"url\":\"https:\/\/anphatco.123websitedev.com\/wp-content\/uploads\/2026\/02\/sung-van-oc-kuken-kw-20p-1.jpg\",\"contentUrl\":\"https:\/\/anphatco.123websitedev.com\/wp-content\/uploads\/2026\/02\/sung-van-oc-kuken-kw-20p-1.jpg\",\"width\":971,\"height\":971},{\"@type\":\"BreadcrumbList\",\"@id\":\"https:\/\/anphatco.123websitedev.com\/san-pham\/sung-siet-bulong-3-4-inch-kuken-kw-20p\/#breadcrumb\",\"itemListElement\":[{\"@type\":\"ListItem\",\"position\":1,\"name\":\"Trang ch\u1ee7\",\"item\":\"https:\/\/anphatco.123websitedev.com\/\"},{\"@type\":\"ListItem\",\"position\":2,\"name\":\"S\u1ea3n ph\u1ea9m\",\"item\":\"https:\/\/anphatco.123websitedev.com\/san-pham\/\"},{\"@type\":\"ListItem\",\"position\":3,\"name\":\"S\u00fang Si\u1ebft Bulong 3\/4 Inch Kuken KW-20P\"}]},{\"@type\":\"WebSite\",\"@id\":\"https:\/\/anphatco.123websitedev.com\/#website\",\"url\":\"https:\/\/anphatco.123websitedev.com\/\",\"name\":\"An Ph\u00e1t\",\"description\":\"\",\"publisher\":{\"@id\":\"https:\/\/anphatco.123websitedev.com\/#organization\"},\"potentialAction\":[{\"@type\":\"SearchAction\",\"target\":{\"@type\":\"EntryPoint\",\"urlTemplate\":\"https:\/\/anphatco.123websitedev.com\/?s={search_term_string}\"},\"query-input\":{\"@type\":\"PropertyValueSpecification\",\"valueRequired\":true,\"valueName\":\"search_term_string\"}}],\"inLanguage\":\"en-US\"},{\"@type\":\"Organization\",\"@id\":\"https:\/\/anphatco.123websitedev.com\/#organization\",\"name\":\"An Ph\u00e1t\",\"url\":\"https:\/\/anphatco.123websitedev.com\/\",\"logo\":{\"@type\":\"ImageObject\",\"inLanguage\":\"en-US\",\"@id\":\"https:\/\/anphatco.123websitedev.com\/#\/schema\/logo\/image\/\",\"url\":\"https:\/\/anphatco.123websitedev.com\/wp-content\/uploads\/2025\/12\/an-phat-logo.png\",\"contentUrl\":\"https:\/\/anphatco.123websitedev.com\/wp-content\/uploads\/2025\/12\/an-phat-logo.png\",\"width\":74,\"height\":68,\"caption\":\"An Ph\u00e1t\"},\"image\":{\"@id\":\"https:\/\/anphatco.123websitedev.com\/#\/schema\/logo\/image\/\"}}]}<\/script>\n<!-- \/ Yoast SEO plugin. -->","yoast_head_json":{"title":"S\u00fang Si\u1ebft Bulong 3\/4 Inch Kuken KW-20P - An Ph\u00e1t","robots":{"index":"noindex","follow":"follow","max-snippet":"max-snippet:-1","max-image-preview":"max-image-preview:large","max-video-preview":"max-video-preview:-1"},"og_locale":"en_US","og_type":"article","og_title":"S\u00fang Si\u1ebft Bulong 3\/4 Inch Kuken KW-20P - An Ph\u00e1t","og_description":"KW-20P l\u00e0 lo\u1ea1i s\u00fang v\u1eb7n \u1ed1c \u0111\u01b0\u1ee3c s\u1eed d\u1ee5ng nhi\u1ec1u trong c\u00e1c gara s\u1eeda ch\u1eefa \u00f4 t\u00f4 xe m\u00e1y gi\u00fap c\u00f4ng vi\u1ec7c th\u00e1o l\u1eafp \u1ed1c tr\u1edf n\u00ean d\u1ec5 d\u00e0ng v\u00e0 \u0111\u01a1n gi\u1ea3n, ti\u1ebft ki\u1ec7m s\u1ee9c lao \u0111\u1ed9ng. \u0110\u1eb7c \u0111i\u1ec3m n\u1ed5i b\u1eadt: &#8211; Ph\u00f9 h\u1ee3p v\u1edbi nh\u1eefng hi\u1ec7u l\u00e0m l\u1ed1p xe du l\u1ecbch, xe t\u1ea3i nh\u1ecf, [&hellip;]","og_url":"https:\/\/anphatco.123websitedev.com\/en\/product\/sung-siet-bulong-3-4-inch-kuken-kw-20p\/","og_site_name":"An Ph\u00e1t","article_modified_time":"2026-02-12T11:04:45+00:00","og_image":[{"width":971,"height":971,"url":"https:\/\/anphatco.123websitedev.com\/wp-content\/uploads\/2026\/02\/sung-van-oc-kuken-kw-20p-1.jpg","type":"image\/jpeg"}],"twitter_card":"summary_large_image","twitter_misc":{"Est. reading time":"2 minutes"},"schema":{"@context":"https:\/\/schema.org","@graph":[{"@type":"WebPage","@id":"https:\/\/anphatco.123websitedev.com\/san-pham\/sung-siet-bulong-3-4-inch-kuken-kw-20p\/","url":"https:\/\/anphatco.123websitedev.com\/san-pham\/sung-siet-bulong-3-4-inch-kuken-kw-20p\/","name":"S\u00fang Si\u1ebft Bulong 3\/4 Inch Kuken KW-20P - An Ph\u00e1t","isPartOf":{"@id":"https:\/\/anphatco.123websitedev.com\/#website"},"primaryImageOfPage":{"@id":"https:\/\/anphatco.123websitedev.com\/san-pham\/sung-siet-bulong-3-4-inch-kuken-kw-20p\/#primaryimage"},"image":{"@id":"https:\/\/anphatco.123websitedev.com\/san-pham\/sung-siet-bulong-3-4-inch-kuken-kw-20p\/#primaryimage"},"thumbnailUrl":"https:\/\/anphatco.123websitedev.com\/wp-content\/uploads\/2026\/02\/sung-van-oc-kuken-kw-20p-1.jpg","datePublished":"2026-02-10T04:16:39+00:00","dateModified":"2026-02-12T11:04:45+00:00","breadcrumb":{"@id":"https:\/\/anphatco.123websitedev.com\/san-pham\/sung-siet-bulong-3-4-inch-kuken-kw-20p\/#breadcrumb"},"inLanguage":"en-US","potentialAction":[{"@type":"ReadAction","target":["https:\/\/anphatco.123websitedev.com\/san-pham\/sung-siet-bulong-3-4-inch-kuken-kw-20p\/"]}]},{"@type":"ImageObject","inLanguage":"en-US","@id":"https:\/\/anphatco.123websitedev.com\/san-pham\/sung-siet-bulong-3-4-inch-kuken-kw-20p\/#primaryimage","url":"https:\/\/anphatco.123websitedev.com\/wp-content\/uploads\/2026\/02\/sung-van-oc-kuken-kw-20p-1.jpg","contentUrl":"https:\/\/anphatco.123websitedev.com\/wp-content\/uploads\/2026\/02\/sung-van-oc-kuken-kw-20p-1.jpg","width":971,"height":971},{"@type":"BreadcrumbList","@id":"https:\/\/anphatco.123websitedev.com\/san-pham\/sung-siet-bulong-3-4-inch-kuken-kw-20p\/#breadcrumb","itemListElement":[{"@type":"ListItem","position":1,"name":"Trang ch\u1ee7","item":"https:\/\/anphatco.123websitedev.com\/"},{"@type":"ListItem","position":2,"name":"S\u1ea3n ph\u1ea9m","item":"https:\/\/anphatco.123websitedev.com\/san-pham\/"},{"@type":"ListItem","position":3,"name":"S\u00fang Si\u1ebft Bulong 3\/4 Inch Kuken KW-20P"}]},{"@type":"WebSite","@id":"https:\/\/anphatco.123websitedev.com\/#website","url":"https:\/\/anphatco.123websitedev.com\/","name":"An Ph\u00e1t","description":"","publisher":{"@id":"https:\/\/anphatco.123websitedev.com\/#organization"},"potentialAction":[{"@type":"SearchAction","target":{"@type":"EntryPoint","urlTemplate":"https:\/\/anphatco.123websitedev.com\/?s={search_term_string}"},"query-input":{"@type":"PropertyValueSpecification","valueRequired":true,"valueName":"search_term_string"}}],"inLanguage":"en-US"},{"@type":"Organization","@id":"https:\/\/anphatco.123websitedev.com\/#organization","name":"An Ph\u00e1t","url":"https:\/\/anphatco.123websitedev.com\/","logo":{"@type":"ImageObject","inLanguage":"en-US","@id":"https:\/\/anphatco.123websitedev.com\/#\/schema\/logo\/image\/","url":"https:\/\/anphatco.123websitedev.com\/wp-content\/uploads\/2025\/12\/an-phat-logo.png","contentUrl":"https:\/\/anphatco.123websitedev.com\/wp-content\/uploads\/2025\/12\/an-phat-logo.png","width":74,"height":68,"caption":"An Ph\u00e1t"},"image":{"@id":"https:\/\/anphatco.123websitedev.com\/#\/schema\/logo\/image\/"}}]}},"_links":{"self":[{"href":"https:\/\/anphatco.123websitedev.com\/en\/wp-json\/wp\/v2\/product\/3274","targetHints":{"allow":["GET"]}}],"collection":[{"href":"https:\/\/anphatco.123websitedev.com\/en\/wp-json\/wp\/v2\/product"}],"about":[{"href":"https:\/\/anphatco.123websitedev.com\/en\/wp-json\/wp\/v2\/types\/product"}],"replies":[{"embeddable":true,"href":"https:\/\/anphatco.123websitedev.com\/en\/wp-json\/wp\/v2\/comments?post=3274"}],"wp:featuredmedia":[{"embeddable":true,"href":"https:\/\/anphatco.123websitedev.com\/en\/wp-json\/wp\/v2\/media\/3416"}],"wp:attachment":[{"href":"https:\/\/anphatco.123websitedev.com\/en\/wp-json\/wp\/v2\/media?parent=3274"}],"wp:term":[{"taxonomy":"product_brand","embeddable":true,"href":"https:\/\/anphatco.123websitedev.com\/en\/wp-json\/wp\/v2\/product_brand?post=3274"},{"taxonomy":"product_cat","embeddable":true,"href":"https:\/\/anphatco.123websitedev.com\/en\/wp-json\/wp\/v2\/product_cat?post=3274"},{"taxonomy":"product_tag","embeddable":true,"href":"https:\/\/anphatco.123websitedev.com\/en\/wp-json\/wp\/v2\/product_tag?post=3274"}],"curies":[{"name":"wp","href":"https:\/\/api.w.org\/{rel}","templated":true}]}}