{"id":3275,"date":"2026-02-10T11:16:39","date_gmt":"2026-02-10T04:16:39","guid":{"rendered":"https:\/\/anphatco.123websitedev.com\/san-pham\/sung-siet-bulong-1-2-inch-kuken-kw-19hp\/"},"modified":"2026-02-12T17:05:37","modified_gmt":"2026-02-12T10:05:37","slug":"sung-siet-bulong-1-2-inch-kuken-kw-19hp","status":"publish","type":"product","link":"https:\/\/anphatco.123websitedev.com\/en\/product\/sung-siet-bulong-1-2-inch-kuken-kw-19hp\/","title":{"rendered":"Kuken KW-19HP 1\/2 Inch Impact Wrench"},"content":{"rendered":"<p>\u0110\u1eb7c \u0111i\u1ec3m n\u1ed5i b\u1eadt:<\/p>\n<p>&#8211; L\u00e0 s\u00fang v\u1eb7n \u1ed1c \u0111\u1ebfn t\u1eeb th\u01b0\u01a1ng hi\u1ec7u Kuken c\u1ee7a Nh\u1eadt B\u1ea3n c\u00f3 thi\u1ebft k\u1ebf ki\u1ec3u d\u00e1ng nh\u1ecf g\u1ecdn ch\u1ec9 2.4kg gi\u00fap d\u1ec5 d\u00e0ng thao t\u00e1c khi s\u1eed d\u1ee5ng.<\/p>\n<p>&#8211; Ti\u1ebft ki\u1ec7m kh\u00ed n\u00e9n, mang l\u1ea1i hi\u1ec7u qu\u1ea3 kinh t\u1ebf cao.<\/p>\n<p>&#8211; An to\u00e0n cho ng\u01b0\u1eddi s\u1eed d\u1ee5ng<\/p>\n<p>&#8211; C\u00f3 th\u1ec3 l\u00e0m vi\u1ec7c li\u00ean t\u1ee5c m\u00e0 v\u1eabn \u0111\u1ea3m b\u1ea3o \u0111\u1ed9 b\u1ec1n.<\/p>\n<p>L\u01b0u \u00fd: \u0110\u1ec3 s\u00fang v\u1eadn h\u00e0nh \u1ed5n \u0111\u1ecbnh, k\u00e9o d\u00e0i tu\u1ed5i th\u1ecd, kh\u00e1ch h\u00e0ng n\u00ean th\u1ef1c hi\u1ec7n b\u1ea3o d\u01b0\u1ee1ng b\u1eb1ng c\u00e1ch tra d\u1ea7u th\u1ee7y l\u1ef1c (d\u1ea7u m\u00e1y kh\u00e2u) th\u01b0\u1eddng xuy\u00ean. N\u1ebfu ph\u00e1t hi\u1ec7n b\u1ea5t k\u1ef3 d\u1ea5u hi\u1ec7u b\u1ea5t th\u01b0\u1eddng n\u00e0o c\u1ee7a s\u1ea3n ph\u1ea9m vui l\u00f2ng li\u00ean h\u1ec7 v\u1edbi nh\u00e2n vi\u00ean c\u1ee7a An Ph\u00e1t \u0111\u1ec3 \u0111\u01b0\u1ee3c h\u1ed7 tr\u1ee3 k\u1ecbp th\u1eddi.<\/p>","protected":false},"excerpt":{"rendered":"<p>\u0110\u1eb7c \u0111i\u1ec3m n\u1ed5i b\u1eadt: &#8211; L\u00e0 s\u00fang v\u1eb7n \u1ed1c \u0111\u1ebfn t\u1eeb th\u01b0\u01a1ng hi\u1ec7u Kuken c\u1ee7a Nh\u1eadt B\u1ea3n c\u00f3 thi\u1ebft k\u1ebf ki\u1ec3u d\u00e1ng nh\u1ecf g\u1ecdn ch\u1ec9 2.4kg gi\u00fap d\u1ec5 d\u00e0ng thao t\u00e1c khi s\u1eed d\u1ee5ng. &#8211; Ti\u1ebft ki\u1ec7m kh\u00ed n\u00e9n, mang l\u1ea1i hi\u1ec7u qu\u1ea3 kinh t\u1ebf cao. &#8211; An to\u00e0n cho ng\u01b0\u1eddi s\u1eed d\u1ee5ng &#8211; C\u00f3 [&hellip;]<\/p>","protected":false},"featured_media":3184,"comment_status":"closed","ping_status":"closed","template":"","meta":[],"product_brand":[129],"product_cat":[81,90],"product_tag":[],"class_list":{"0":"post-3275","1":"product","2":"type-product","3":"status-publish","4":"has-post-thumbnail","6":"product_brand-kuken","7":"product_cat-sung-van-oc","8":"product_cat-may-moc-thiet-bi","10":"first","11":"instock","12":"purchasable","13":"product-type-simple"},"acf":[],"ct_brands":[{"id":129,"name":"Kuken","slug":"kuken"}],"yoast_head":"<!-- This site is optimized with the Yoast SEO plugin v26.6 - https:\/\/yoast.com\/wordpress\/plugins\/seo\/ -->\n<title>S\u00fang Si\u1ebft Bulong 1\/2 Inch Kuken KW-19HP - An Ph\u00e1t<\/title>\n<meta name=\"robots\" content=\"noindex, follow, max-snippet:-1, max-image-preview:large, max-video-preview:-1\" \/>\n<meta property=\"og:locale\" content=\"en_US\" \/>\n<meta property=\"og:type\" content=\"article\" \/>\n<meta property=\"og:title\" content=\"S\u00fang Si\u1ebft Bulong 1\/2 Inch Kuken KW-19HP - An Ph\u00e1t\" \/>\n<meta property=\"og:description\" content=\"\u0110\u1eb7c \u0111i\u1ec3m n\u1ed5i b\u1eadt: &#8211; L\u00e0 s\u00fang v\u1eb7n \u1ed1c \u0111\u1ebfn t\u1eeb th\u01b0\u01a1ng hi\u1ec7u Kuken c\u1ee7a Nh\u1eadt B\u1ea3n c\u00f3 thi\u1ebft k\u1ebf ki\u1ec3u d\u00e1ng nh\u1ecf g\u1ecdn ch\u1ec9 2.4kg gi\u00fap d\u1ec5 d\u00e0ng thao t\u00e1c khi s\u1eed d\u1ee5ng. &#8211; Ti\u1ebft ki\u1ec7m kh\u00ed n\u00e9n, mang l\u1ea1i hi\u1ec7u qu\u1ea3 kinh t\u1ebf cao. &#8211; An to\u00e0n cho ng\u01b0\u1eddi s\u1eed d\u1ee5ng &#8211; C\u00f3 [&hellip;]\" \/>\n<meta property=\"og:url\" content=\"https:\/\/anphatco.123websitedev.com\/en\/product\/sung-siet-bulong-1-2-inch-kuken-kw-19hp\/\" \/>\n<meta property=\"og:site_name\" content=\"An Ph\u00e1t\" \/>\n<meta property=\"article:modified_time\" content=\"2026-02-12T10:05:37+00:00\" \/>\n<meta property=\"og:image\" content=\"https:\/\/anphatco.123websitedev.com\/wp-content\/uploads\/2026\/02\/sung-van-oc-kuken-kw-19hp-1.jpg\" \/>\n\t<meta property=\"og:image:width\" content=\"973\" \/>\n\t<meta property=\"og:image:height\" content=\"973\" \/>\n\t<meta property=\"og:image:type\" content=\"image\/jpeg\" \/>\n<meta name=\"twitter:card\" content=\"summary_large_image\" \/>\n<meta name=\"twitter:label1\" content=\"Est. reading time\" \/>\n\t<meta name=\"twitter:data1\" content=\"2 minutes\" \/>\n<script type=\"application\/ld+json\" class=\"yoast-schema-graph\">{\"@context\":\"https:\/\/schema.org\",\"@graph\":[{\"@type\":\"WebPage\",\"@id\":\"https:\/\/anphatco.123websitedev.com\/san-pham\/sung-siet-bulong-1-2-inch-kuken-kw-19hp\/\",\"url\":\"https:\/\/anphatco.123websitedev.com\/san-pham\/sung-siet-bulong-1-2-inch-kuken-kw-19hp\/\",\"name\":\"S\u00fang Si\u1ebft Bulong 1\/2 Inch Kuken KW-19HP - An Ph\u00e1t\",\"isPartOf\":{\"@id\":\"https:\/\/anphatco.123websitedev.com\/#website\"},\"primaryImageOfPage\":{\"@id\":\"https:\/\/anphatco.123websitedev.com\/san-pham\/sung-siet-bulong-1-2-inch-kuken-kw-19hp\/#primaryimage\"},\"image\":{\"@id\":\"https:\/\/anphatco.123websitedev.com\/san-pham\/sung-siet-bulong-1-2-inch-kuken-kw-19hp\/#primaryimage\"},\"thumbnailUrl\":\"https:\/\/anphatco.123websitedev.com\/wp-content\/uploads\/2026\/02\/sung-van-oc-kuken-kw-19hp-1.jpg\",\"datePublished\":\"2026-02-10T04:16:39+00:00\",\"dateModified\":\"2026-02-12T10:05:37+00:00\",\"breadcrumb\":{\"@id\":\"https:\/\/anphatco.123websitedev.com\/san-pham\/sung-siet-bulong-1-2-inch-kuken-kw-19hp\/#breadcrumb\"},\"inLanguage\":\"en-US\",\"potentialAction\":[{\"@type\":\"ReadAction\",\"target\":[\"https:\/\/anphatco.123websitedev.com\/san-pham\/sung-siet-bulong-1-2-inch-kuken-kw-19hp\/\"]}]},{\"@type\":\"ImageObject\",\"inLanguage\":\"en-US\",\"@id\":\"https:\/\/anphatco.123websitedev.com\/san-pham\/sung-siet-bulong-1-2-inch-kuken-kw-19hp\/#primaryimage\",\"url\":\"https:\/\/anphatco.123websitedev.com\/wp-content\/uploads\/2026\/02\/sung-van-oc-kuken-kw-19hp-1.jpg\",\"contentUrl\":\"https:\/\/anphatco.123websitedev.com\/wp-content\/uploads\/2026\/02\/sung-van-oc-kuken-kw-19hp-1.jpg\",\"width\":973,\"height\":973},{\"@type\":\"BreadcrumbList\",\"@id\":\"https:\/\/anphatco.123websitedev.com\/san-pham\/sung-siet-bulong-1-2-inch-kuken-kw-19hp\/#breadcrumb\",\"itemListElement\":[{\"@type\":\"ListItem\",\"position\":1,\"name\":\"Trang ch\u1ee7\",\"item\":\"https:\/\/anphatco.123websitedev.com\/\"},{\"@type\":\"ListItem\",\"position\":2,\"name\":\"S\u1ea3n ph\u1ea9m\",\"item\":\"https:\/\/anphatco.123websitedev.com\/san-pham\/\"},{\"@type\":\"ListItem\",\"position\":3,\"name\":\"S\u00fang Si\u1ebft Bulong 1\/2 Inch Kuken KW-19HP\"}]},{\"@type\":\"WebSite\",\"@id\":\"https:\/\/anphatco.123websitedev.com\/#website\",\"url\":\"https:\/\/anphatco.123websitedev.com\/\",\"name\":\"An Ph\u00e1t\",\"description\":\"\",\"publisher\":{\"@id\":\"https:\/\/anphatco.123websitedev.com\/#organization\"},\"potentialAction\":[{\"@type\":\"SearchAction\",\"target\":{\"@type\":\"EntryPoint\",\"urlTemplate\":\"https:\/\/anphatco.123websitedev.com\/?s={search_term_string}\"},\"query-input\":{\"@type\":\"PropertyValueSpecification\",\"valueRequired\":true,\"valueName\":\"search_term_string\"}}],\"inLanguage\":\"en-US\"},{\"@type\":\"Organization\",\"@id\":\"https:\/\/anphatco.123websitedev.com\/#organization\",\"name\":\"An Ph\u00e1t\",\"url\":\"https:\/\/anphatco.123websitedev.com\/\",\"logo\":{\"@type\":\"ImageObject\",\"inLanguage\":\"en-US\",\"@id\":\"https:\/\/anphatco.123websitedev.com\/#\/schema\/logo\/image\/\",\"url\":\"https:\/\/anphatco.123websitedev.com\/wp-content\/uploads\/2025\/12\/an-phat-logo.png\",\"contentUrl\":\"https:\/\/anphatco.123websitedev.com\/wp-content\/uploads\/2025\/12\/an-phat-logo.png\",\"width\":74,\"height\":68,\"caption\":\"An Ph\u00e1t\"},\"image\":{\"@id\":\"https:\/\/anphatco.123websitedev.com\/#\/schema\/logo\/image\/\"}}]}<\/script>\n<!-- \/ Yoast SEO plugin. -->","yoast_head_json":{"title":"S\u00fang Si\u1ebft Bulong 1\/2 Inch Kuken KW-19HP - An Ph\u00e1t","robots":{"index":"noindex","follow":"follow","max-snippet":"max-snippet:-1","max-image-preview":"max-image-preview:large","max-video-preview":"max-video-preview:-1"},"og_locale":"en_US","og_type":"article","og_title":"S\u00fang Si\u1ebft Bulong 1\/2 Inch Kuken KW-19HP - An Ph\u00e1t","og_description":"\u0110\u1eb7c \u0111i\u1ec3m n\u1ed5i b\u1eadt: &#8211; L\u00e0 s\u00fang v\u1eb7n \u1ed1c \u0111\u1ebfn t\u1eeb th\u01b0\u01a1ng hi\u1ec7u Kuken c\u1ee7a Nh\u1eadt B\u1ea3n c\u00f3 thi\u1ebft k\u1ebf ki\u1ec3u d\u00e1ng nh\u1ecf g\u1ecdn ch\u1ec9 2.4kg gi\u00fap d\u1ec5 d\u00e0ng thao t\u00e1c khi s\u1eed d\u1ee5ng. &#8211; Ti\u1ebft ki\u1ec7m kh\u00ed n\u00e9n, mang l\u1ea1i hi\u1ec7u qu\u1ea3 kinh t\u1ebf cao. &#8211; An to\u00e0n cho ng\u01b0\u1eddi s\u1eed d\u1ee5ng &#8211; C\u00f3 [&hellip;]","og_url":"https:\/\/anphatco.123websitedev.com\/en\/product\/sung-siet-bulong-1-2-inch-kuken-kw-19hp\/","og_site_name":"An Ph\u00e1t","article_modified_time":"2026-02-12T10:05:37+00:00","og_image":[{"width":973,"height":973,"url":"https:\/\/anphatco.123websitedev.com\/wp-content\/uploads\/2026\/02\/sung-van-oc-kuken-kw-19hp-1.jpg","type":"image\/jpeg"}],"twitter_card":"summary_large_image","twitter_misc":{"Est. reading time":"2 minutes"},"schema":{"@context":"https:\/\/schema.org","@graph":[{"@type":"WebPage","@id":"https:\/\/anphatco.123websitedev.com\/san-pham\/sung-siet-bulong-1-2-inch-kuken-kw-19hp\/","url":"https:\/\/anphatco.123websitedev.com\/san-pham\/sung-siet-bulong-1-2-inch-kuken-kw-19hp\/","name":"S\u00fang Si\u1ebft Bulong 1\/2 Inch Kuken KW-19HP - An Ph\u00e1t","isPartOf":{"@id":"https:\/\/anphatco.123websitedev.com\/#website"},"primaryImageOfPage":{"@id":"https:\/\/anphatco.123websitedev.com\/san-pham\/sung-siet-bulong-1-2-inch-kuken-kw-19hp\/#primaryimage"},"image":{"@id":"https:\/\/anphatco.123websitedev.com\/san-pham\/sung-siet-bulong-1-2-inch-kuken-kw-19hp\/#primaryimage"},"thumbnailUrl":"https:\/\/anphatco.123websitedev.com\/wp-content\/uploads\/2026\/02\/sung-van-oc-kuken-kw-19hp-1.jpg","datePublished":"2026-02-10T04:16:39+00:00","dateModified":"2026-02-12T10:05:37+00:00","breadcrumb":{"@id":"https:\/\/anphatco.123websitedev.com\/san-pham\/sung-siet-bulong-1-2-inch-kuken-kw-19hp\/#breadcrumb"},"inLanguage":"en-US","potentialAction":[{"@type":"ReadAction","target":["https:\/\/anphatco.123websitedev.com\/san-pham\/sung-siet-bulong-1-2-inch-kuken-kw-19hp\/"]}]},{"@type":"ImageObject","inLanguage":"en-US","@id":"https:\/\/anphatco.123websitedev.com\/san-pham\/sung-siet-bulong-1-2-inch-kuken-kw-19hp\/#primaryimage","url":"https:\/\/anphatco.123websitedev.com\/wp-content\/uploads\/2026\/02\/sung-van-oc-kuken-kw-19hp-1.jpg","contentUrl":"https:\/\/anphatco.123websitedev.com\/wp-content\/uploads\/2026\/02\/sung-van-oc-kuken-kw-19hp-1.jpg","width":973,"height":973},{"@type":"BreadcrumbList","@id":"https:\/\/anphatco.123websitedev.com\/san-pham\/sung-siet-bulong-1-2-inch-kuken-kw-19hp\/#breadcrumb","itemListElement":[{"@type":"ListItem","position":1,"name":"Trang ch\u1ee7","item":"https:\/\/anphatco.123websitedev.com\/"},{"@type":"ListItem","position":2,"name":"S\u1ea3n ph\u1ea9m","item":"https:\/\/anphatco.123websitedev.com\/san-pham\/"},{"@type":"ListItem","position":3,"name":"S\u00fang Si\u1ebft Bulong 1\/2 Inch Kuken KW-19HP"}]},{"@type":"WebSite","@id":"https:\/\/anphatco.123websitedev.com\/#website","url":"https:\/\/anphatco.123websitedev.com\/","name":"An Ph\u00e1t","description":"","publisher":{"@id":"https:\/\/anphatco.123websitedev.com\/#organization"},"potentialAction":[{"@type":"SearchAction","target":{"@type":"EntryPoint","urlTemplate":"https:\/\/anphatco.123websitedev.com\/?s={search_term_string}"},"query-input":{"@type":"PropertyValueSpecification","valueRequired":true,"valueName":"search_term_string"}}],"inLanguage":"en-US"},{"@type":"Organization","@id":"https:\/\/anphatco.123websitedev.com\/#organization","name":"An Ph\u00e1t","url":"https:\/\/anphatco.123websitedev.com\/","logo":{"@type":"ImageObject","inLanguage":"en-US","@id":"https:\/\/anphatco.123websitedev.com\/#\/schema\/logo\/image\/","url":"https:\/\/anphatco.123websitedev.com\/wp-content\/uploads\/2025\/12\/an-phat-logo.png","contentUrl":"https:\/\/anphatco.123websitedev.com\/wp-content\/uploads\/2025\/12\/an-phat-logo.png","width":74,"height":68,"caption":"An Ph\u00e1t"},"image":{"@id":"https:\/\/anphatco.123websitedev.com\/#\/schema\/logo\/image\/"}}]}},"_links":{"self":[{"href":"https:\/\/anphatco.123websitedev.com\/en\/wp-json\/wp\/v2\/product\/3275","targetHints":{"allow":["GET"]}}],"collection":[{"href":"https:\/\/anphatco.123websitedev.com\/en\/wp-json\/wp\/v2\/product"}],"about":[{"href":"https:\/\/anphatco.123websitedev.com\/en\/wp-json\/wp\/v2\/types\/product"}],"replies":[{"embeddable":true,"href":"https:\/\/anphatco.123websitedev.com\/en\/wp-json\/wp\/v2\/comments?post=3275"}],"wp:featuredmedia":[{"embeddable":true,"href":"https:\/\/anphatco.123websitedev.com\/en\/wp-json\/wp\/v2\/media\/3184"}],"wp:attachment":[{"href":"https:\/\/anphatco.123websitedev.com\/en\/wp-json\/wp\/v2\/media?parent=3275"}],"wp:term":[{"taxonomy":"product_brand","embeddable":true,"href":"https:\/\/anphatco.123websitedev.com\/en\/wp-json\/wp\/v2\/product_brand?post=3275"},{"taxonomy":"product_cat","embeddable":true,"href":"https:\/\/anphatco.123websitedev.com\/en\/wp-json\/wp\/v2\/product_cat?post=3275"},{"taxonomy":"product_tag","embeddable":true,"href":"https:\/\/anphatco.123websitedev.com\/en\/wp-json\/wp\/v2\/product_tag?post=3275"}],"curies":[{"name":"wp","href":"https:\/\/api.w.org\/{rel}","templated":true}]}}