{"id":3276,"date":"2026-02-10T11:16:39","date_gmt":"2026-02-10T04:16:39","guid":{"rendered":"https:\/\/anphatco.123websitedev.com\/san-pham\/sung-siet-oc-khi-nen-1-inch-mok-7165\/"},"modified":"2026-02-12T16:46:00","modified_gmt":"2026-02-12T09:46:00","slug":"sung-siet-oc-khi-nen-1-inch-mok-7165","status":"publish","type":"product","link":"https:\/\/anphatco.123websitedev.com\/en\/product\/sung-siet-oc-khi-nen-1-inch-mok-7165\/","title":{"rendered":"MOK-7165 1-Inch Pneumatic Impact Wrench"},"content":{"rendered":"<p>Trong th\u1ebf gi\u1edbi c\u1ee7a c\u00e1c d\u00f2ng s\u00fang xi\u1ebft bu l\u00f4ng d\u00f9ng h\u01a1i h\u1ea1ng n\u1eb7ng, MOK 7165 ch\u00ednh l\u00e0 bi\u1ec3u t\u01b0\u1ee3ng c\u1ee7a s\u1ee9c m\u1ea1nh v\u00e0 s\u1ef1 b\u1ec1n b\u1ec9. V\u1edbi m\u00f4-men xo\u1eafn c\u1ef1c \u0111\u1ea1i l\u00ean \u0111\u1ebfn 3800 N.m, \u0111\u00e2y l\u00e0 model m\u1ea1nh m\u1ebd nh\u1ea5t \u0111\u01b0\u1ee3c thi\u1ebft k\u1ebf \u0111\u1ec3 x\u1eed l\u00fd nh\u1eefng lo\u1ea1i bu l\u00f4ng &#8220;kh\u1ee7ng&#8221; tr\u00ean xe container, xe m\u1ecf, m\u00e1y c\u00f4ng tr\u00ecnh v\u00e0 c\u00e1c d\u00e2y chuy\u1ec1n l\u1eafp r\u00e1p k\u1ebft c\u1ea5u th\u00e9p quy m\u00f4 l\u1edbn.<\/p>\n<p>\u0110\u1eb7c \u0111i\u1ec3m n\u1ed5i b\u1eadt c\u1ee7a s\u00fang v\u1eb7n \u1ed1c 1 inch MOK 7165<\/p>\n<p>S\u1ea3n ph\u1ea9m s\u1edf h\u1eefu nh\u1eefng c\u1ea3i ti\u1ebfn v\u01b0\u1ee3t b\u1eadc v\u1ec1 c\u1ea5u tr\u00fac v\u00e0 v\u1eadt li\u1ec7u \u0111\u1ec3 \u0111\u00e1p \u1ee9ng c\u00e1c y\u00eau c\u1ea7u kh\u1eaft khe nh\u1ea5t c\u1ee7a ng\u00e0nh c\u00f4ng nghi\u1ec7p n\u1eb7ng:<\/p>\n<p>&#8211; M\u00f4-men xo\u1eafn c\u1ef1c \u0111\u1ea1i l\u00ean \u0111\u1ebfn 3800 N.m: M\u1ed9t con s\u1ed1 \u1ea5n t\u01b0\u1ee3ng cho ph\u00e9p th\u00e1o l\u1eafp nhanh ch\u00f3ng c\u00e1c lo\u1ea1i bu l\u00f4ng c\u1ee1 l\u1edbn l\u00ean \u0111\u1ebfn M39. MOK 7165 gi\u00fap c\u00e1c c\u00f4ng vi\u1ec7c kh\u00f3 kh\u0103n nh\u1ea5t tr\u1edf n\u00ean nh\u1eb9 nh\u00e0ng, ti\u1ebft ki\u1ec7m th\u1eddi gian v\u00e0 s\u1ee9c lao \u0111\u1ed9ng t\u1ed1i \u0111a.<\/p>\n<p>&#8211; C\u00f4ng ngh\u1ec7 Ly h\u1ee3p kh\u00f4ng ch\u1ed1t (Pinless Clutch) &#038; B\u00faa \u0111\u01a1n: Thi\u1ebft k\u1ebf n\u00e0y t\u1eadp trung to\u00e0n b\u1ed9 l\u1ef1c t\u00e1c \u0111\u1ed9ng v\u00e0o \u0111\u1ea7u ra, \u0111\u1ea3m b\u1ea3o m\u00f4-men xo\u1eafn cao nh\u1ea5t v\u00e0 c\u1ef1c k\u1ef3 \u1ed5n \u0111\u1ecbnh. C\u1ea5u tr\u00fac kh\u00f4ng ch\u1ed1t gi\u00fap gi\u1ea3m thi\u1ec3u h\u01b0 h\u1ecfng do va \u0111\u1eadp c\u01b0\u1eddng \u0111\u1ed9 cao, mang l\u1ea1i tu\u1ed5i th\u1ecd g\u1ea5p nhi\u1ec1u l\u1ea7n so v\u1edbi c\u00e1c d\u00f2ng s\u00fang th\u00f4ng th\u01b0\u1eddng.<\/p>\n<p>&#8211; Ch\u1ebf t\u1ea1o t\u1eeb th\u00e9p Maraging cao c\u1ea5p: To\u00e0n b\u1ed9 h\u1ec7 th\u1ed1ng truy\u1ec1n l\u1ef1c c\u1ed1t l\u00f5i \u0111\u01b0\u1ee3c l\u00e0m t\u1eeb th\u00e9p Maraging \u2013 lo\u1ea1i v\u1eadt li\u1ec7u chuy\u00ean d\u1ee5ng trong ng\u00e0nh h\u00e0ng kh\u00f4ng v\u00e0 qu\u00e2n s\u1ef1, n\u1ed5i ti\u1ebfng v\u1edbi \u0111\u1ed9 c\u1ee9ng si\u00eau h\u1ea1ng v\u00e0 kh\u1ea3 n\u0103ng ch\u1ecbu t\u1ea3i tr\u1ecdng n\u1eb7ng m\u00e0 kh\u00f4ng b\u1ecb m\u1ecfi hay n\u1ee9t v\u1ee1.<\/p>\n<p>&#8211; Thi\u1ebft k\u1ebf c\u00f4ng nghi\u1ec7p t\u1ed1i \u01b0u: Th\u00e2n s\u00fang d\u00e0i gi\u00fap ti\u1ebfp c\u1eadn s\u00e2u v\u00e0o c\u00e1c v\u1ecb tr\u00ed kh\u00f3. Tay c\u1ea7m ph\u1ee5 ch\u1eafc ch\u1eafn c\u00f9ng h\u1ec7 th\u1ed1ng tho\u00e1t kh\u00ed th\u00f4ng minh gi\u00fap k\u1ef9 thu\u1eadt vi\u00ean v\u1eadn h\u00e0nh an to\u00e0n, tho\u1ea3i m\u00e1i ngay c\u1ea3 khi l\u00e0m vi\u1ec7c li\u00ean t\u1ee5c \u1edf d\u1ea3i l\u1ef1c cao nh\u1ea5t.<\/p>\n<p>Th\u00f4ng tin chi ti\u1ebft s\u1ea3n ph\u1ea9m<\/p>\n<p>&#8211; S\u00fang v\u1eb7n \u1ed1c MOK 7165 c\u00f3 tr\u1ecdng l\u01b0\u1ee3ng t\u1ecbnh 16.8kg, cung c\u1ea5p \u0111\u1ed9 \u0111\u1ea7m v\u00e0 ch\u1eafc ch\u1eafn c\u1ea7n thi\u1ebft \u0111\u1ec3 tri\u1ec7t ti\u00eau l\u1ef1c ph\u1ea3n h\u1ed3i khi xi\u1ebft c\u00e1c bu l\u00f4ng l\u1edbn. V\u1edbi l\u01b0\u1ee3ng kh\u00ed ti\u00eau th\u1ee5 18.5 L\/s, thi\u1ebft b\u1ecb ph\u00e1t huy t\u1ed1i \u0111a c\u00f4ng su\u1ea5t khi k\u1ebft h\u1ee3p v\u1edbi h\u1ec7 th\u1ed1ng m\u00e1y n\u00e9n kh\u00ed v\u00e0 b\u00ecnh t\u00edch \u00e1p ti\u00eau chu\u1ea9n 90psi.<\/p>\n<p>&#8211; \u0110\u00e2y l\u00e0 gi\u1ea3i ph\u00e1p \u0111\u1ea7u t\u01b0 b\u1ec1n v\u1eefng cho c\u00e1c trung t\u00e2m l\u1ed1p xe t\u1ea3i h\u1ea1ng n\u1eb7ng, c\u00e1c \u0111\u1ed9i xe container v\u00e0 c\u00e1c \u0111\u01a1n v\u1ecb thi c\u00f4ng c\u00f4ng tr\u00ecnh giao th\u00f4ng tr\u1ecdng \u0111i\u1ec3m.<\/p>\n<p>Th\u00f4ng s\u1ed1 k\u1ef9 thu\u1eadt<\/p>\n<p>&#8211; Model: MOK 7165<\/p>\n<p>&#8211; \u0110\u1ea7u c\u1ed1t (Square drive): 1 inch<\/p>\n<p>&#8211; Kh\u1ea3 n\u0103ng v\u1eb7n bu l\u00f4ng: T\u1ed1i \u0111a M39<\/p>\n<p>&#8211; M\u00f4-men xo\u1eafn c\u1ef1c \u0111\u1ea1i: 3800 N.m<\/p>\n<p>&#8211; \u00c1p su\u1ea5t l\u00e0m vi\u1ec7c: 0.62 MPa (90 psi)<\/p>\n<p>&#8211; T\u1ed1c \u0111\u1ed9 kh\u00f4ng t\u1ea3i: 3200 v\u00f2ng\/ph\u00fat<\/p>\n<p>&#8211; L\u01b0\u1ee3ng kh\u00ed ti\u00eau th\u1ee5: 18.5 L\/s<\/p>\n<p>&#8211; \u0110\u1ea7u v\u00e0o kh\u00ed n\u00e9n: 1\/2 inch RC<\/p>\n<p>&#8211; Tr\u1ecdng l\u01b0\u1ee3ng t\u1ecbnh: 16.8 kg<\/p>\n<p>&#8211; K\u00edch th\u01b0\u1edbc h\u1ed9p74 x 25.5 x 17.5 cm<\/p>\n<p>&#8211; Quy c\u00e1ch \u0111\u00f3ng g\u00f3i: 1 c\u00e1i \/ th\u00f9ng<\/p>","protected":false},"excerpt":{"rendered":"<p>Trong th\u1ebf gi\u1edbi c\u1ee7a c\u00e1c d\u00f2ng s\u00fang xi\u1ebft bu l\u00f4ng d\u00f9ng h\u01a1i h\u1ea1ng n\u1eb7ng, MOK 7165 ch\u00ednh l\u00e0 bi\u1ec3u t\u01b0\u1ee3ng c\u1ee7a s\u1ee9c m\u1ea1nh v\u00e0 s\u1ef1 b\u1ec1n b\u1ec9. V\u1edbi m\u00f4-men xo\u1eafn c\u1ef1c \u0111\u1ea1i l\u00ean \u0111\u1ebfn 3800 N.m, \u0111\u00e2y l\u00e0 model m\u1ea1nh m\u1ebd nh\u1ea5t \u0111\u01b0\u1ee3c thi\u1ebft k\u1ebf \u0111\u1ec3 x\u1eed l\u00fd nh\u1eefng lo\u1ea1i bu l\u00f4ng &#8220;kh\u1ee7ng&#8221; tr\u00ean xe [&hellip;]<\/p>","protected":false},"featured_media":3067,"comment_status":"closed","ping_status":"open","template":"","meta":[],"product_brand":[138],"product_cat":[81,90],"product_tag":[],"class_list":{"0":"post-3276","1":"product","2":"type-product","3":"status-publish","4":"has-post-thumbnail","6":"product_brand-mok","7":"product_cat-sung-van-oc","8":"product_cat-may-moc-thiet-bi","10":"first","11":"instock","12":"purchasable","13":"product-type-simple"},"acf":[],"ct_brands":[{"id":138,"name":"MOK","slug":"mok"}],"yoast_head":"<!-- This site is optimized with the Yoast SEO plugin v26.6 - https:\/\/yoast.com\/wordpress\/plugins\/seo\/ -->\n<title>S\u00fang Si\u1ebft \u1ed0c Kh\u00ed N\u00e9n 1 Inch MOK - 7165 - An Ph\u00e1t<\/title>\n<meta name=\"robots\" content=\"noindex, follow, max-snippet:-1, max-image-preview:large, max-video-preview:-1\" \/>\n<meta property=\"og:locale\" content=\"en_US\" \/>\n<meta property=\"og:type\" content=\"article\" \/>\n<meta property=\"og:title\" content=\"S\u00fang Si\u1ebft \u1ed0c Kh\u00ed N\u00e9n 1 Inch MOK - 7165 - An Ph\u00e1t\" \/>\n<meta property=\"og:description\" content=\"Trong th\u1ebf gi\u1edbi c\u1ee7a c\u00e1c d\u00f2ng s\u00fang xi\u1ebft bu l\u00f4ng d\u00f9ng h\u01a1i h\u1ea1ng n\u1eb7ng, MOK 7165 ch\u00ednh l\u00e0 bi\u1ec3u t\u01b0\u1ee3ng c\u1ee7a s\u1ee9c m\u1ea1nh v\u00e0 s\u1ef1 b\u1ec1n b\u1ec9. V\u1edbi m\u00f4-men xo\u1eafn c\u1ef1c \u0111\u1ea1i l\u00ean \u0111\u1ebfn 3800 N.m, \u0111\u00e2y l\u00e0 model m\u1ea1nh m\u1ebd nh\u1ea5t \u0111\u01b0\u1ee3c thi\u1ebft k\u1ebf \u0111\u1ec3 x\u1eed l\u00fd nh\u1eefng lo\u1ea1i bu l\u00f4ng &#8220;kh\u1ee7ng&#8221; tr\u00ean xe [&hellip;]\" \/>\n<meta property=\"og:url\" content=\"https:\/\/anphatco.123websitedev.com\/en\/product\/sung-siet-oc-khi-nen-1-inch-mok-7165\/\" \/>\n<meta property=\"og:site_name\" content=\"An Ph\u00e1t\" \/>\n<meta property=\"article:modified_time\" content=\"2026-02-12T09:46:00+00:00\" \/>\n<meta property=\"og:image\" content=\"https:\/\/anphatco.123websitedev.com\/wp-content\/uploads\/2026\/02\/7165K_1.png\" \/>\n\t<meta property=\"og:image:width\" content=\"800\" \/>\n\t<meta property=\"og:image:height\" content=\"800\" \/>\n\t<meta property=\"og:image:type\" content=\"image\/png\" \/>\n<meta name=\"twitter:card\" content=\"summary_large_image\" \/>\n<meta name=\"twitter:label1\" content=\"Est. reading time\" \/>\n\t<meta name=\"twitter:data1\" content=\"4 minutes\" \/>\n<script type=\"application\/ld+json\" class=\"yoast-schema-graph\">{\"@context\":\"https:\/\/schema.org\",\"@graph\":[{\"@type\":\"WebPage\",\"@id\":\"https:\/\/anphatco.123websitedev.com\/san-pham\/sung-siet-oc-khi-nen-1-inch-mok-7165\/\",\"url\":\"https:\/\/anphatco.123websitedev.com\/san-pham\/sung-siet-oc-khi-nen-1-inch-mok-7165\/\",\"name\":\"S\u00fang Si\u1ebft \u1ed0c Kh\u00ed N\u00e9n 1 Inch MOK - 7165 - An Ph\u00e1t\",\"isPartOf\":{\"@id\":\"https:\/\/anphatco.123websitedev.com\/#website\"},\"primaryImageOfPage\":{\"@id\":\"https:\/\/anphatco.123websitedev.com\/san-pham\/sung-siet-oc-khi-nen-1-inch-mok-7165\/#primaryimage\"},\"image\":{\"@id\":\"https:\/\/anphatco.123websitedev.com\/san-pham\/sung-siet-oc-khi-nen-1-inch-mok-7165\/#primaryimage\"},\"thumbnailUrl\":\"https:\/\/anphatco.123websitedev.com\/wp-content\/uploads\/2026\/02\/7165K_1.png\",\"datePublished\":\"2026-02-10T04:16:39+00:00\",\"dateModified\":\"2026-02-12T09:46:00+00:00\",\"breadcrumb\":{\"@id\":\"https:\/\/anphatco.123websitedev.com\/san-pham\/sung-siet-oc-khi-nen-1-inch-mok-7165\/#breadcrumb\"},\"inLanguage\":\"en-US\",\"potentialAction\":[{\"@type\":\"ReadAction\",\"target\":[\"https:\/\/anphatco.123websitedev.com\/san-pham\/sung-siet-oc-khi-nen-1-inch-mok-7165\/\"]}]},{\"@type\":\"ImageObject\",\"inLanguage\":\"en-US\",\"@id\":\"https:\/\/anphatco.123websitedev.com\/san-pham\/sung-siet-oc-khi-nen-1-inch-mok-7165\/#primaryimage\",\"url\":\"https:\/\/anphatco.123websitedev.com\/wp-content\/uploads\/2026\/02\/7165K_1.png\",\"contentUrl\":\"https:\/\/anphatco.123websitedev.com\/wp-content\/uploads\/2026\/02\/7165K_1.png\",\"width\":800,\"height\":800},{\"@type\":\"BreadcrumbList\",\"@id\":\"https:\/\/anphatco.123websitedev.com\/san-pham\/sung-siet-oc-khi-nen-1-inch-mok-7165\/#breadcrumb\",\"itemListElement\":[{\"@type\":\"ListItem\",\"position\":1,\"name\":\"Trang ch\u1ee7\",\"item\":\"https:\/\/anphatco.123websitedev.com\/\"},{\"@type\":\"ListItem\",\"position\":2,\"name\":\"S\u1ea3n ph\u1ea9m\",\"item\":\"https:\/\/anphatco.123websitedev.com\/san-pham\/\"},{\"@type\":\"ListItem\",\"position\":3,\"name\":\"S\u00fang Si\u1ebft \u1ed0c Kh\u00ed N\u00e9n 1 Inch MOK &#8211; 7165\"}]},{\"@type\":\"WebSite\",\"@id\":\"https:\/\/anphatco.123websitedev.com\/#website\",\"url\":\"https:\/\/anphatco.123websitedev.com\/\",\"name\":\"An Ph\u00e1t\",\"description\":\"\",\"publisher\":{\"@id\":\"https:\/\/anphatco.123websitedev.com\/#organization\"},\"potentialAction\":[{\"@type\":\"SearchAction\",\"target\":{\"@type\":\"EntryPoint\",\"urlTemplate\":\"https:\/\/anphatco.123websitedev.com\/?s={search_term_string}\"},\"query-input\":{\"@type\":\"PropertyValueSpecification\",\"valueRequired\":true,\"valueName\":\"search_term_string\"}}],\"inLanguage\":\"en-US\"},{\"@type\":\"Organization\",\"@id\":\"https:\/\/anphatco.123websitedev.com\/#organization\",\"name\":\"An Ph\u00e1t\",\"url\":\"https:\/\/anphatco.123websitedev.com\/\",\"logo\":{\"@type\":\"ImageObject\",\"inLanguage\":\"en-US\",\"@id\":\"https:\/\/anphatco.123websitedev.com\/#\/schema\/logo\/image\/\",\"url\":\"https:\/\/anphatco.123websitedev.com\/wp-content\/uploads\/2025\/12\/an-phat-logo.png\",\"contentUrl\":\"https:\/\/anphatco.123websitedev.com\/wp-content\/uploads\/2025\/12\/an-phat-logo.png\",\"width\":74,\"height\":68,\"caption\":\"An Ph\u00e1t\"},\"image\":{\"@id\":\"https:\/\/anphatco.123websitedev.com\/#\/schema\/logo\/image\/\"}}]}<\/script>\n<!-- \/ Yoast SEO plugin. -->","yoast_head_json":{"title":"S\u00fang Si\u1ebft \u1ed0c Kh\u00ed N\u00e9n 1 Inch MOK - 7165 - An Ph\u00e1t","robots":{"index":"noindex","follow":"follow","max-snippet":"max-snippet:-1","max-image-preview":"max-image-preview:large","max-video-preview":"max-video-preview:-1"},"og_locale":"en_US","og_type":"article","og_title":"S\u00fang Si\u1ebft \u1ed0c Kh\u00ed N\u00e9n 1 Inch MOK - 7165 - An Ph\u00e1t","og_description":"Trong th\u1ebf gi\u1edbi c\u1ee7a c\u00e1c d\u00f2ng s\u00fang xi\u1ebft bu l\u00f4ng d\u00f9ng h\u01a1i h\u1ea1ng n\u1eb7ng, MOK 7165 ch\u00ednh l\u00e0 bi\u1ec3u t\u01b0\u1ee3ng c\u1ee7a s\u1ee9c m\u1ea1nh v\u00e0 s\u1ef1 b\u1ec1n b\u1ec9. V\u1edbi m\u00f4-men xo\u1eafn c\u1ef1c \u0111\u1ea1i l\u00ean \u0111\u1ebfn 3800 N.m, \u0111\u00e2y l\u00e0 model m\u1ea1nh m\u1ebd nh\u1ea5t \u0111\u01b0\u1ee3c thi\u1ebft k\u1ebf \u0111\u1ec3 x\u1eed l\u00fd nh\u1eefng lo\u1ea1i bu l\u00f4ng &#8220;kh\u1ee7ng&#8221; tr\u00ean xe [&hellip;]","og_url":"https:\/\/anphatco.123websitedev.com\/en\/product\/sung-siet-oc-khi-nen-1-inch-mok-7165\/","og_site_name":"An Ph\u00e1t","article_modified_time":"2026-02-12T09:46:00+00:00","og_image":[{"width":800,"height":800,"url":"https:\/\/anphatco.123websitedev.com\/wp-content\/uploads\/2026\/02\/7165K_1.png","type":"image\/png"}],"twitter_card":"summary_large_image","twitter_misc":{"Est. reading time":"4 minutes"},"schema":{"@context":"https:\/\/schema.org","@graph":[{"@type":"WebPage","@id":"https:\/\/anphatco.123websitedev.com\/san-pham\/sung-siet-oc-khi-nen-1-inch-mok-7165\/","url":"https:\/\/anphatco.123websitedev.com\/san-pham\/sung-siet-oc-khi-nen-1-inch-mok-7165\/","name":"S\u00fang Si\u1ebft \u1ed0c Kh\u00ed N\u00e9n 1 Inch MOK - 7165 - An Ph\u00e1t","isPartOf":{"@id":"https:\/\/anphatco.123websitedev.com\/#website"},"primaryImageOfPage":{"@id":"https:\/\/anphatco.123websitedev.com\/san-pham\/sung-siet-oc-khi-nen-1-inch-mok-7165\/#primaryimage"},"image":{"@id":"https:\/\/anphatco.123websitedev.com\/san-pham\/sung-siet-oc-khi-nen-1-inch-mok-7165\/#primaryimage"},"thumbnailUrl":"https:\/\/anphatco.123websitedev.com\/wp-content\/uploads\/2026\/02\/7165K_1.png","datePublished":"2026-02-10T04:16:39+00:00","dateModified":"2026-02-12T09:46:00+00:00","breadcrumb":{"@id":"https:\/\/anphatco.123websitedev.com\/san-pham\/sung-siet-oc-khi-nen-1-inch-mok-7165\/#breadcrumb"},"inLanguage":"en-US","potentialAction":[{"@type":"ReadAction","target":["https:\/\/anphatco.123websitedev.com\/san-pham\/sung-siet-oc-khi-nen-1-inch-mok-7165\/"]}]},{"@type":"ImageObject","inLanguage":"en-US","@id":"https:\/\/anphatco.123websitedev.com\/san-pham\/sung-siet-oc-khi-nen-1-inch-mok-7165\/#primaryimage","url":"https:\/\/anphatco.123websitedev.com\/wp-content\/uploads\/2026\/02\/7165K_1.png","contentUrl":"https:\/\/anphatco.123websitedev.com\/wp-content\/uploads\/2026\/02\/7165K_1.png","width":800,"height":800},{"@type":"BreadcrumbList","@id":"https:\/\/anphatco.123websitedev.com\/san-pham\/sung-siet-oc-khi-nen-1-inch-mok-7165\/#breadcrumb","itemListElement":[{"@type":"ListItem","position":1,"name":"Trang ch\u1ee7","item":"https:\/\/anphatco.123websitedev.com\/"},{"@type":"ListItem","position":2,"name":"S\u1ea3n ph\u1ea9m","item":"https:\/\/anphatco.123websitedev.com\/san-pham\/"},{"@type":"ListItem","position":3,"name":"S\u00fang Si\u1ebft \u1ed0c Kh\u00ed N\u00e9n 1 Inch MOK &#8211; 7165"}]},{"@type":"WebSite","@id":"https:\/\/anphatco.123websitedev.com\/#website","url":"https:\/\/anphatco.123websitedev.com\/","name":"An Ph\u00e1t","description":"","publisher":{"@id":"https:\/\/anphatco.123websitedev.com\/#organization"},"potentialAction":[{"@type":"SearchAction","target":{"@type":"EntryPoint","urlTemplate":"https:\/\/anphatco.123websitedev.com\/?s={search_term_string}"},"query-input":{"@type":"PropertyValueSpecification","valueRequired":true,"valueName":"search_term_string"}}],"inLanguage":"en-US"},{"@type":"Organization","@id":"https:\/\/anphatco.123websitedev.com\/#organization","name":"An Ph\u00e1t","url":"https:\/\/anphatco.123websitedev.com\/","logo":{"@type":"ImageObject","inLanguage":"en-US","@id":"https:\/\/anphatco.123websitedev.com\/#\/schema\/logo\/image\/","url":"https:\/\/anphatco.123websitedev.com\/wp-content\/uploads\/2025\/12\/an-phat-logo.png","contentUrl":"https:\/\/anphatco.123websitedev.com\/wp-content\/uploads\/2025\/12\/an-phat-logo.png","width":74,"height":68,"caption":"An Ph\u00e1t"},"image":{"@id":"https:\/\/anphatco.123websitedev.com\/#\/schema\/logo\/image\/"}}]}},"_links":{"self":[{"href":"https:\/\/anphatco.123websitedev.com\/en\/wp-json\/wp\/v2\/product\/3276","targetHints":{"allow":["GET"]}}],"collection":[{"href":"https:\/\/anphatco.123websitedev.com\/en\/wp-json\/wp\/v2\/product"}],"about":[{"href":"https:\/\/anphatco.123websitedev.com\/en\/wp-json\/wp\/v2\/types\/product"}],"replies":[{"embeddable":true,"href":"https:\/\/anphatco.123websitedev.com\/en\/wp-json\/wp\/v2\/comments?post=3276"}],"wp:featuredmedia":[{"embeddable":true,"href":"https:\/\/anphatco.123websitedev.com\/en\/wp-json\/wp\/v2\/media\/3067"}],"wp:attachment":[{"href":"https:\/\/anphatco.123websitedev.com\/en\/wp-json\/wp\/v2\/media?parent=3276"}],"wp:term":[{"taxonomy":"product_brand","embeddable":true,"href":"https:\/\/anphatco.123websitedev.com\/en\/wp-json\/wp\/v2\/product_brand?post=3276"},{"taxonomy":"product_cat","embeddable":true,"href":"https:\/\/anphatco.123websitedev.com\/en\/wp-json\/wp\/v2\/product_cat?post=3276"},{"taxonomy":"product_tag","embeddable":true,"href":"https:\/\/anphatco.123websitedev.com\/en\/wp-json\/wp\/v2\/product_tag?post=3276"}],"curies":[{"name":"wp","href":"https:\/\/api.w.org\/{rel}","templated":true}]}}