{"id":3277,"date":"2026-02-10T11:16:39","date_gmt":"2026-02-10T04:16:39","guid":{"rendered":"https:\/\/anphatco.123websitedev.com\/san-pham\/sung-siet-oc-khi-nen-3-4-inch-mok-7128\/"},"modified":"2026-02-12T18:02:26","modified_gmt":"2026-02-12T11:02:26","slug":"sung-siet-oc-khi-nen-3-4-inch-mok-7128","status":"publish","type":"product","link":"https:\/\/anphatco.123websitedev.com\/en\/product\/sung-siet-oc-khi-nen-3-4-inch-mok-7128\/","title":{"rendered":"S\u00fang Si\u1ebft \u1ed0c Kh\u00ed N\u00e9n 3\/4 Inch MOK &#8211; 7128"},"content":{"rendered":"<p>Trong th\u1ebf gi\u1edbi c\u1ee7a c\u00e1c thi\u1ebft b\u1ecb kh\u00ed n\u00e9n chuy\u00ean d\u1ee5ng, MOK 7128 \u0111\u1ea7u c\u1ed1t 3\/4 inch n\u1ed5i l\u00ean nh\u01b0 m\u1ed9t gi\u1ea3i ph\u00e1p ho\u00e0n h\u1ea3o, l\u1ea5p \u0111\u1ea7y kho\u1ea3ng tr\u1ed1ng gi\u1eefa d\u00f2ng s\u00fang 1\/2&#8243; linh ho\u1ea1t v\u00e0 d\u00f2ng s\u00fang 1&#8243; c\u1ed3ng k\u1ec1nh. V\u1edbi m\u00f4-men xo\u1eafn c\u1ef1c \u0111\u1ea1i l\u00ean \u0111\u1ebfn 2000 N.m, \u0111\u00e2y l\u00e0 thi\u1ebft b\u1ecb l\u00fd t\u01b0\u1edfng \u0111\u1ec3 th\u00e1o l\u1eafp c\u00e1c lo\u1ea1i bu l\u00f4ng c\u1ee1 l\u1edbn tr\u00ean xe t\u1ea3i trung, xe kh\u00e1ch v\u00e0 c\u00e1c d\u00e2y chuy\u1ec1n s\u1ea3n xu\u1ea5t c\u01a1 kh\u00ed quy m\u00f4 l\u1edbn.<\/p>\n<p>\u0110\u1eb7c \u0111i\u1ec3m n\u1ed5i b\u1eadt c\u1ee7a s\u00fang v\u1eb7n \u1ed1c MOK 7128<\/p>\n<p>&#8211; S\u1ea3n ph\u1ea9m \u0111\u01b0\u1ee3c thi\u1ebft k\u1ebf t\u1ed1i \u01b0u cho c\u00e1c c\u00f4ng vi\u1ec7c \u0111\u00f2i h\u1ecfi c\u01b0\u1eddng \u0111\u1ed9 cao v\u00e0 s\u1ee9c m\u1ea1nh v\u01b0\u1ee3t tr\u1ed9i:<\/p>\n<p>&#8211; L\u1ef1c v\u1eb7n c\u1ef1c \u0111\u1ea1i m\u1ea1nh m\u1ebd: V\u1edbi m\u00f4-men xo\u1eafn t\u1ed1i \u0111a 2000N.m, MOK 7128 d\u1ec5 d\u00e0ng x\u1eed l\u00fd c\u00e1c lo\u1ea1i bu l\u00f4ng khung g\u1ea7m, nh\u00edp xe v\u00e0 b\u00e1nh xe t\u1ea3i, gi\u00fap gi\u1ea3m thi\u1ec3u t\u1ed1i \u0111a s\u1ee9c lao \u0111\u1ed9ng c\u1ee7a k\u1ef9 thu\u1eadt vi\u00ean.<\/p>\n<p>&#8211; C\u1ea5u tr\u00fac b\u00faa k\u00e9p (Twin Hammer): C\u01a1 ch\u1ebf b\u00faa \u0111\u00f4i gi\u00fap s\u00fang t\u1ea1o ra l\u1ef1c va \u0111\u1eadp \u1ed5n \u0111\u1ecbnh, m\u1ea1nh m\u1ebd v\u00e0 c\u00e2n b\u1eb1ng, gi\u00fap m\u00e1y ho\u1ea1t \u0111\u1ed9ng b\u1ec1n b\u1ec9 h\u01a1n ngay c\u1ea3 trong m\u00f4i tr\u01b0\u1eddng l\u00e0m vi\u1ec7c kh\u1eafc nghi\u1ec7t.<\/p>\n<p>&#8211; Th\u00e2n m\u00e1y nh\u00f4m \u0111\u00fac ch\u1ecbu l\u1ef1c: V\u1ecf s\u00fang l\u00e0m t\u1eeb nh\u00f4m \u0111\u00fac cao c\u1ea5p gi\u00fap t\u1ea3n nhi\u1ec7t nhanh, ch\u1ecbu va \u0111\u1eadp t\u1ed1t nh\u01b0ng v\u1eabn \u0111\u1ea3m b\u1ea3o tr\u1ecdng l\u01b0\u1ee3ng h\u1ee3p l\u00fd cho m\u1ed9t d\u00f2ng s\u00fang h\u1ea1ng n\u1eb7ng.<\/p>\n<p>&#8211; Kh\u1ea3 n\u0103ng linh ho\u1ea1t v\u1ec1 \u0111\u1ea7u kh\u1ea9u: Thi\u1ebft b\u1ecb h\u1ed7 tr\u1ee3 c\u1ea3 \u0111\u1ea7u c\u1ed1t 3\/4&#8221; v\u00e0 1&#8221;, cho ph\u00e9p ng\u01b0\u1eddi d\u00f9ng linh ho\u1ea1t thay \u0111\u1ed5i t\u00f9y theo k\u00edch c\u1ee1 \u0111\u1ea7u kh\u1ea9u hi\u1ec7n c\u00f3 t\u1ea1i x\u01b0\u1edfng.<\/p>\n<p>&#8211; Ki\u1ec3m so\u00e1t ch\u00ednh x\u00e1c: T\u1ed1c \u0111\u1ed9 kh\u00f4ng t\u1ea3i 4300rpm gi\u00fap vi\u1ec7c th\u00e1o l\u1eafp di\u1ec5n ra nhanh ch\u00f3ng, t\u0103ng n\u0103ng su\u1ea5t l\u00e0m vi\u1ec7c cho d\u00e2y chuy\u1ec1n b\u1ea3o d\u01b0\u1ee1ng.<\/p>\n<p>Th\u00f4ng tin chi ti\u1ebft s\u1ea3n ph\u1ea9m<\/p>\n<p>&#8211; S\u00fang v\u1eb7n \u1ed1c MOK 7128 s\u1eed d\u1ee5ng \u0111\u1ea7u c\u1ed1t 3\/4 inch v\u00e0 1 inch ch\u1eafc ch\u1eafn, \u0111\u1ea3m b\u1ea3o truy\u1ec1n t\u1ea3i l\u1ef1c xo\u1eafn t\u1ed1i \u0111a m\u00e0 kh\u00f4ng g\u00e2y h\u01b0 h\u1ea1i cho \u0111\u1ea7u kh\u1ea9u. V\u1edbi s\u1ef1 c\u00e2n b\u1eb1ng gi\u1eefa tr\u1ecdng l\u01b0\u1ee3ng v\u00e0 s\u1ee9c m\u1ea1nh, s\u1ea3n ph\u1ea9m gi\u00fap gi\u1ea3m b\u1edbt g\u00e1nh n\u1eb7ng cho ng\u01b0\u1eddi th\u1ee3 trong qu\u00e1 tr\u00ecnh l\u00e0m vi\u1ec7c li\u00ean t\u1ee5c.<\/p>\n<p>&#8211; Thi\u1ebft b\u1ecb ho\u1ea1t \u0111\u1ed9ng t\u1ed1t nh\u1ea5t \u1edf \u00e1p su\u1ea5t kh\u00ed n\u00e9n 6.2 bar (90 psi), ph\u00f9 h\u1ee3p v\u1edbi h\u1ea7u h\u1ebft c\u00e1c h\u1ec7 th\u1ed1ng m\u00e1y n\u00e9n kh\u00ed ti\u00eau chu\u1ea9n t\u1ea1i c\u00e1c x\u01b0\u1edfng s\u1eeda ch\u1eefa chuy\u00ean nghi\u1ec7p hi\u1ec7n nay.<\/p>","protected":false},"excerpt":{"rendered":"<p>Trong th\u1ebf gi\u1edbi c\u1ee7a c\u00e1c thi\u1ebft b\u1ecb kh\u00ed n\u00e9n chuy\u00ean d\u1ee5ng, MOK 7128 \u0111\u1ea7u c\u1ed1t 3\/4 inch n\u1ed5i l\u00ean nh\u01b0 m\u1ed9t gi\u1ea3i ph\u00e1p ho\u00e0n h\u1ea3o, l\u1ea5p \u0111\u1ea7y kho\u1ea3ng tr\u1ed1ng gi\u1eefa d\u00f2ng s\u00fang 1\/2&#8243; linh ho\u1ea1t v\u00e0 d\u00f2ng s\u00fang 1&#8243; c\u1ed3ng k\u1ec1nh. V\u1edbi m\u00f4-men xo\u1eafn c\u1ef1c \u0111\u1ea1i l\u00ean \u0111\u1ebfn 2000 N.m, \u0111\u00e2y l\u00e0 thi\u1ebft b\u1ecb l\u00fd [&hellip;]<\/p>","protected":false},"featured_media":3063,"comment_status":"closed","ping_status":"closed","template":"","meta":[],"product_brand":[138],"product_cat":[137,96],"product_tag":[],"class_list":{"0":"post-3277","1":"product","2":"type-product","3":"status-publish","4":"has-post-thumbnail","6":"product_brand-mok","7":"product_cat-sung-van-oc-vat-tu-tieu-hao","8":"product_cat-vat-tu-tieu-hao","10":"first","11":"instock","12":"purchasable","13":"product-type-simple"},"acf":[],"ct_brands":[{"id":138,"name":"MOK","slug":"mok"}],"yoast_head":"<!-- This site is optimized with the Yoast SEO plugin v26.6 - https:\/\/yoast.com\/wordpress\/plugins\/seo\/ -->\n<title>S\u00fang Si\u1ebft \u1ed0c Kh\u00ed N\u00e9n 3\/4 Inch MOK - 7128 - An Ph\u00e1t<\/title>\n<meta name=\"robots\" content=\"noindex, follow, max-snippet:-1, max-image-preview:large, max-video-preview:-1\" \/>\n<meta property=\"og:locale\" content=\"en_US\" \/>\n<meta property=\"og:type\" content=\"article\" \/>\n<meta property=\"og:title\" content=\"S\u00fang Si\u1ebft \u1ed0c Kh\u00ed N\u00e9n 3\/4 Inch MOK - 7128 - An Ph\u00e1t\" \/>\n<meta property=\"og:description\" content=\"Trong th\u1ebf gi\u1edbi c\u1ee7a c\u00e1c thi\u1ebft b\u1ecb kh\u00ed n\u00e9n chuy\u00ean d\u1ee5ng, MOK 7128 \u0111\u1ea7u c\u1ed1t 3\/4 inch n\u1ed5i l\u00ean nh\u01b0 m\u1ed9t gi\u1ea3i ph\u00e1p ho\u00e0n h\u1ea3o, l\u1ea5p \u0111\u1ea7y kho\u1ea3ng tr\u1ed1ng gi\u1eefa d\u00f2ng s\u00fang 1\/2&#8243; linh ho\u1ea1t v\u00e0 d\u00f2ng s\u00fang 1&#8243; c\u1ed3ng k\u1ec1nh. V\u1edbi m\u00f4-men xo\u1eafn c\u1ef1c \u0111\u1ea1i l\u00ean \u0111\u1ebfn 2000 N.m, \u0111\u00e2y l\u00e0 thi\u1ebft b\u1ecb l\u00fd [&hellip;]\" \/>\n<meta property=\"og:url\" content=\"https:\/\/anphatco.123websitedev.com\/en\/product\/sung-siet-oc-khi-nen-3-4-inch-mok-7128\/\" \/>\n<meta property=\"og:site_name\" content=\"An Ph\u00e1t\" \/>\n<meta property=\"article:modified_time\" content=\"2026-02-12T11:02:26+00:00\" \/>\n<meta property=\"og:image\" content=\"https:\/\/anphatco.123websitedev.com\/wp-content\/uploads\/2026\/02\/7128.jpg\" \/>\n\t<meta property=\"og:image:width\" content=\"1200\" \/>\n\t<meta property=\"og:image:height\" content=\"1200\" \/>\n\t<meta property=\"og:image:type\" content=\"image\/jpeg\" \/>\n<meta name=\"twitter:card\" content=\"summary_large_image\" \/>\n<meta name=\"twitter:label1\" content=\"Est. reading time\" \/>\n\t<meta name=\"twitter:data1\" content=\"3 minutes\" \/>\n<script type=\"application\/ld+json\" class=\"yoast-schema-graph\">{\"@context\":\"https:\/\/schema.org\",\"@graph\":[{\"@type\":\"WebPage\",\"@id\":\"https:\/\/anphatco.123websitedev.com\/san-pham\/sung-siet-oc-khi-nen-3-4-inch-mok-7128\/\",\"url\":\"https:\/\/anphatco.123websitedev.com\/san-pham\/sung-siet-oc-khi-nen-3-4-inch-mok-7128\/\",\"name\":\"S\u00fang Si\u1ebft \u1ed0c Kh\u00ed N\u00e9n 3\/4 Inch MOK - 7128 - An Ph\u00e1t\",\"isPartOf\":{\"@id\":\"https:\/\/anphatco.123websitedev.com\/#website\"},\"primaryImageOfPage\":{\"@id\":\"https:\/\/anphatco.123websitedev.com\/san-pham\/sung-siet-oc-khi-nen-3-4-inch-mok-7128\/#primaryimage\"},\"image\":{\"@id\":\"https:\/\/anphatco.123websitedev.com\/san-pham\/sung-siet-oc-khi-nen-3-4-inch-mok-7128\/#primaryimage\"},\"thumbnailUrl\":\"https:\/\/anphatco.123websitedev.com\/wp-content\/uploads\/2026\/02\/7128.jpg\",\"datePublished\":\"2026-02-10T04:16:39+00:00\",\"dateModified\":\"2026-02-12T11:02:26+00:00\",\"breadcrumb\":{\"@id\":\"https:\/\/anphatco.123websitedev.com\/san-pham\/sung-siet-oc-khi-nen-3-4-inch-mok-7128\/#breadcrumb\"},\"inLanguage\":\"en-US\",\"potentialAction\":[{\"@type\":\"ReadAction\",\"target\":[\"https:\/\/anphatco.123websitedev.com\/san-pham\/sung-siet-oc-khi-nen-3-4-inch-mok-7128\/\"]}]},{\"@type\":\"ImageObject\",\"inLanguage\":\"en-US\",\"@id\":\"https:\/\/anphatco.123websitedev.com\/san-pham\/sung-siet-oc-khi-nen-3-4-inch-mok-7128\/#primaryimage\",\"url\":\"https:\/\/anphatco.123websitedev.com\/wp-content\/uploads\/2026\/02\/7128.jpg\",\"contentUrl\":\"https:\/\/anphatco.123websitedev.com\/wp-content\/uploads\/2026\/02\/7128.jpg\",\"width\":1200,\"height\":1200},{\"@type\":\"BreadcrumbList\",\"@id\":\"https:\/\/anphatco.123websitedev.com\/san-pham\/sung-siet-oc-khi-nen-3-4-inch-mok-7128\/#breadcrumb\",\"itemListElement\":[{\"@type\":\"ListItem\",\"position\":1,\"name\":\"Trang ch\u1ee7\",\"item\":\"https:\/\/anphatco.123websitedev.com\/\"},{\"@type\":\"ListItem\",\"position\":2,\"name\":\"S\u1ea3n ph\u1ea9m\",\"item\":\"https:\/\/anphatco.123websitedev.com\/san-pham\/\"},{\"@type\":\"ListItem\",\"position\":3,\"name\":\"S\u00fang Si\u1ebft \u1ed0c Kh\u00ed N\u00e9n 3\/4 Inch MOK &#8211; 7128\"}]},{\"@type\":\"WebSite\",\"@id\":\"https:\/\/anphatco.123websitedev.com\/#website\",\"url\":\"https:\/\/anphatco.123websitedev.com\/\",\"name\":\"An Ph\u00e1t\",\"description\":\"\",\"publisher\":{\"@id\":\"https:\/\/anphatco.123websitedev.com\/#organization\"},\"potentialAction\":[{\"@type\":\"SearchAction\",\"target\":{\"@type\":\"EntryPoint\",\"urlTemplate\":\"https:\/\/anphatco.123websitedev.com\/?s={search_term_string}\"},\"query-input\":{\"@type\":\"PropertyValueSpecification\",\"valueRequired\":true,\"valueName\":\"search_term_string\"}}],\"inLanguage\":\"en-US\"},{\"@type\":\"Organization\",\"@id\":\"https:\/\/anphatco.123websitedev.com\/#organization\",\"name\":\"An Ph\u00e1t\",\"url\":\"https:\/\/anphatco.123websitedev.com\/\",\"logo\":{\"@type\":\"ImageObject\",\"inLanguage\":\"en-US\",\"@id\":\"https:\/\/anphatco.123websitedev.com\/#\/schema\/logo\/image\/\",\"url\":\"https:\/\/anphatco.123websitedev.com\/wp-content\/uploads\/2025\/12\/an-phat-logo.png\",\"contentUrl\":\"https:\/\/anphatco.123websitedev.com\/wp-content\/uploads\/2025\/12\/an-phat-logo.png\",\"width\":74,\"height\":68,\"caption\":\"An Ph\u00e1t\"},\"image\":{\"@id\":\"https:\/\/anphatco.123websitedev.com\/#\/schema\/logo\/image\/\"}}]}<\/script>\n<!-- \/ Yoast SEO plugin. -->","yoast_head_json":{"title":"S\u00fang Si\u1ebft \u1ed0c Kh\u00ed N\u00e9n 3\/4 Inch MOK - 7128 - An Ph\u00e1t","robots":{"index":"noindex","follow":"follow","max-snippet":"max-snippet:-1","max-image-preview":"max-image-preview:large","max-video-preview":"max-video-preview:-1"},"og_locale":"en_US","og_type":"article","og_title":"S\u00fang Si\u1ebft \u1ed0c Kh\u00ed N\u00e9n 3\/4 Inch MOK - 7128 - An Ph\u00e1t","og_description":"Trong th\u1ebf gi\u1edbi c\u1ee7a c\u00e1c thi\u1ebft b\u1ecb kh\u00ed n\u00e9n chuy\u00ean d\u1ee5ng, MOK 7128 \u0111\u1ea7u c\u1ed1t 3\/4 inch n\u1ed5i l\u00ean nh\u01b0 m\u1ed9t gi\u1ea3i ph\u00e1p ho\u00e0n h\u1ea3o, l\u1ea5p \u0111\u1ea7y kho\u1ea3ng tr\u1ed1ng gi\u1eefa d\u00f2ng s\u00fang 1\/2&#8243; linh ho\u1ea1t v\u00e0 d\u00f2ng s\u00fang 1&#8243; c\u1ed3ng k\u1ec1nh. V\u1edbi m\u00f4-men xo\u1eafn c\u1ef1c \u0111\u1ea1i l\u00ean \u0111\u1ebfn 2000 N.m, \u0111\u00e2y l\u00e0 thi\u1ebft b\u1ecb l\u00fd [&hellip;]","og_url":"https:\/\/anphatco.123websitedev.com\/en\/product\/sung-siet-oc-khi-nen-3-4-inch-mok-7128\/","og_site_name":"An Ph\u00e1t","article_modified_time":"2026-02-12T11:02:26+00:00","og_image":[{"width":1200,"height":1200,"url":"https:\/\/anphatco.123websitedev.com\/wp-content\/uploads\/2026\/02\/7128.jpg","type":"image\/jpeg"}],"twitter_card":"summary_large_image","twitter_misc":{"Est. reading time":"3 minutes"},"schema":{"@context":"https:\/\/schema.org","@graph":[{"@type":"WebPage","@id":"https:\/\/anphatco.123websitedev.com\/san-pham\/sung-siet-oc-khi-nen-3-4-inch-mok-7128\/","url":"https:\/\/anphatco.123websitedev.com\/san-pham\/sung-siet-oc-khi-nen-3-4-inch-mok-7128\/","name":"S\u00fang Si\u1ebft \u1ed0c Kh\u00ed N\u00e9n 3\/4 Inch MOK - 7128 - An Ph\u00e1t","isPartOf":{"@id":"https:\/\/anphatco.123websitedev.com\/#website"},"primaryImageOfPage":{"@id":"https:\/\/anphatco.123websitedev.com\/san-pham\/sung-siet-oc-khi-nen-3-4-inch-mok-7128\/#primaryimage"},"image":{"@id":"https:\/\/anphatco.123websitedev.com\/san-pham\/sung-siet-oc-khi-nen-3-4-inch-mok-7128\/#primaryimage"},"thumbnailUrl":"https:\/\/anphatco.123websitedev.com\/wp-content\/uploads\/2026\/02\/7128.jpg","datePublished":"2026-02-10T04:16:39+00:00","dateModified":"2026-02-12T11:02:26+00:00","breadcrumb":{"@id":"https:\/\/anphatco.123websitedev.com\/san-pham\/sung-siet-oc-khi-nen-3-4-inch-mok-7128\/#breadcrumb"},"inLanguage":"en-US","potentialAction":[{"@type":"ReadAction","target":["https:\/\/anphatco.123websitedev.com\/san-pham\/sung-siet-oc-khi-nen-3-4-inch-mok-7128\/"]}]},{"@type":"ImageObject","inLanguage":"en-US","@id":"https:\/\/anphatco.123websitedev.com\/san-pham\/sung-siet-oc-khi-nen-3-4-inch-mok-7128\/#primaryimage","url":"https:\/\/anphatco.123websitedev.com\/wp-content\/uploads\/2026\/02\/7128.jpg","contentUrl":"https:\/\/anphatco.123websitedev.com\/wp-content\/uploads\/2026\/02\/7128.jpg","width":1200,"height":1200},{"@type":"BreadcrumbList","@id":"https:\/\/anphatco.123websitedev.com\/san-pham\/sung-siet-oc-khi-nen-3-4-inch-mok-7128\/#breadcrumb","itemListElement":[{"@type":"ListItem","position":1,"name":"Trang ch\u1ee7","item":"https:\/\/anphatco.123websitedev.com\/"},{"@type":"ListItem","position":2,"name":"S\u1ea3n ph\u1ea9m","item":"https:\/\/anphatco.123websitedev.com\/san-pham\/"},{"@type":"ListItem","position":3,"name":"S\u00fang Si\u1ebft \u1ed0c Kh\u00ed N\u00e9n 3\/4 Inch MOK &#8211; 7128"}]},{"@type":"WebSite","@id":"https:\/\/anphatco.123websitedev.com\/#website","url":"https:\/\/anphatco.123websitedev.com\/","name":"An Ph\u00e1t","description":"","publisher":{"@id":"https:\/\/anphatco.123websitedev.com\/#organization"},"potentialAction":[{"@type":"SearchAction","target":{"@type":"EntryPoint","urlTemplate":"https:\/\/anphatco.123websitedev.com\/?s={search_term_string}"},"query-input":{"@type":"PropertyValueSpecification","valueRequired":true,"valueName":"search_term_string"}}],"inLanguage":"en-US"},{"@type":"Organization","@id":"https:\/\/anphatco.123websitedev.com\/#organization","name":"An Ph\u00e1t","url":"https:\/\/anphatco.123websitedev.com\/","logo":{"@type":"ImageObject","inLanguage":"en-US","@id":"https:\/\/anphatco.123websitedev.com\/#\/schema\/logo\/image\/","url":"https:\/\/anphatco.123websitedev.com\/wp-content\/uploads\/2025\/12\/an-phat-logo.png","contentUrl":"https:\/\/anphatco.123websitedev.com\/wp-content\/uploads\/2025\/12\/an-phat-logo.png","width":74,"height":68,"caption":"An Ph\u00e1t"},"image":{"@id":"https:\/\/anphatco.123websitedev.com\/#\/schema\/logo\/image\/"}}]}},"_links":{"self":[{"href":"https:\/\/anphatco.123websitedev.com\/en\/wp-json\/wp\/v2\/product\/3277","targetHints":{"allow":["GET"]}}],"collection":[{"href":"https:\/\/anphatco.123websitedev.com\/en\/wp-json\/wp\/v2\/product"}],"about":[{"href":"https:\/\/anphatco.123websitedev.com\/en\/wp-json\/wp\/v2\/types\/product"}],"replies":[{"embeddable":true,"href":"https:\/\/anphatco.123websitedev.com\/en\/wp-json\/wp\/v2\/comments?post=3277"}],"wp:featuredmedia":[{"embeddable":true,"href":"https:\/\/anphatco.123websitedev.com\/en\/wp-json\/wp\/v2\/media\/3063"}],"wp:attachment":[{"href":"https:\/\/anphatco.123websitedev.com\/en\/wp-json\/wp\/v2\/media?parent=3277"}],"wp:term":[{"taxonomy":"product_brand","embeddable":true,"href":"https:\/\/anphatco.123websitedev.com\/en\/wp-json\/wp\/v2\/product_brand?post=3277"},{"taxonomy":"product_cat","embeddable":true,"href":"https:\/\/anphatco.123websitedev.com\/en\/wp-json\/wp\/v2\/product_cat?post=3277"},{"taxonomy":"product_tag","embeddable":true,"href":"https:\/\/anphatco.123websitedev.com\/en\/wp-json\/wp\/v2\/product_tag?post=3277"}],"curies":[{"name":"wp","href":"https:\/\/api.w.org\/{rel}","templated":true}]}}