{"id":3278,"date":"2026-02-10T11:16:39","date_gmt":"2026-02-10T04:16:39","guid":{"rendered":"https:\/\/anphatco.123websitedev.com\/san-pham\/sung-siet-oc-khi-nen-1-2-inch-mok-7152\/"},"modified":"2026-02-12T16:59:34","modified_gmt":"2026-02-12T09:59:34","slug":"sung-siet-oc-khi-nen-1-2-inch-mok-7152","status":"publish","type":"product","link":"https:\/\/anphatco.123websitedev.com\/en\/product\/sung-siet-oc-khi-nen-1-2-inch-mok-7152\/","title":{"rendered":"MOK 7152 1\/2 Inch Pneumatic Impact Wrench"},"content":{"rendered":"<p>Trong ph\u00e2n kh\u00fac s\u00fang xi\u1ebft bu l\u00f4ng 1\/2 inch, MOK 7152 l\u00e0 m\u1ed9t &#8220;qu\u00e1i ki\u1ec7t&#8221; th\u1ef1c th\u1ee5 khi s\u1edf h\u1eefu l\u1ef1c xi\u1ebft t\u01b0\u01a1ng \u0111\u01b0\u01a1ng v\u1edbi c\u00e1c d\u00f2ng s\u00fang c\u1ee1 l\u1edbn h\u01a1n. V\u1edbi thi\u1ebft k\u1ebf hi\u1ec7n \u0111\u1ea1i, b\u1ec1n b\u1ec9 v\u00e0 l\u1ef1c v\u1eb7n c\u1ef1c \u0111\u1ea1i \u1ea5n t\u01b0\u1ee3ng, \u0111\u00e2y l\u00e0 c\u00f4ng c\u1ee5 kh\u00f4ng th\u1ec3 thi\u1ebfu cho c\u00e1c ti\u1ec7m l\u00e0m l\u1ed1p \u00f4 t\u00f4, x\u01b0\u1edfng s\u1eeda ch\u1eefa xe t\u1ea3i nh\u1eb9 v\u00e0 c\u00e1c d\u00e2y chuy\u1ec1n l\u1eafp r\u00e1p c\u01a1 kh\u00ed h\u1ea1ng n\u1eb7ng.<\/p>\n<p>\u0110\u1eb7c \u0111i\u1ec3m n\u1ed5i b\u1eadt c\u1ee7a s\u00fang v\u1eb7n \u1ed1c 1\/2&#8243; MOK 7152<\/p>\n<p>S\u1ea3n ph\u1ea9m h\u1ed9i t\u1ee5 nh\u1eefng \u01b0u \u0111i\u1ec3m c\u00f4ng ngh\u1ec7 gi\u00fap t\u1ed1i \u01b0u h\u00f3a hi\u1ec7u su\u1ea5t l\u00e0m vi\u1ec7c cho k\u1ef9 thu\u1eadt vi\u00ean:<\/p>\n<p>&#8211; L\u1ef1c xo\u1eafn c\u1ef1c \u0111\u1ea1i \u1ea5n t\u01b0\u1ee3ng: MOK 7152 c\u00f3 kh\u1ea3 n\u0103ng \u0111\u1ea1t m\u00f4-men xo\u1eafn t\u1ed1i \u0111a l\u00ean \u0111\u1ebfn 1750N.m. \u0110\u00e2y l\u00e0 con s\u1ed1 d\u1eabn \u0111\u1ea7u trong d\u00f2ng s\u00fang 1\/2&#8243;, gi\u00fap d\u1ec5 d\u00e0ng chinh ph\u1ee5c c\u00e1c lo\u1ea1i bu l\u00f4ng c\u1ee9ng \u0111\u1ea7u, r\u1ec9 s\u00e9t l\u00e2u ng\u00e0y.<\/p>\n<p>&#8211; C\u1ea5u tr\u00fac b\u00faa k\u00e9p (Twin Hammer): C\u01a1 ch\u1ebf b\u00faa \u0111\u00f4i gi\u00fap s\u00fang t\u1ea1o ra l\u1ef1c t\u00e1c \u0111\u1ed9ng m\u1ea1nh, \u1ed5n \u0111\u1ecbnh v\u00e0 c\u00e2n b\u1eb1ng. C\u1ea5u tr\u00fac n\u00e0y kh\u00f4ng ch\u1ec9 t\u0103ng m\u00f4-men xo\u1eafn m\u00e0 c\u00f2n \u0111\u1ea3m b\u1ea3o \u0111\u1ed9 b\u1ec1n b\u1ec9 cho m\u00e1y khi v\u1eadn h\u00e0nh \u1edf c\u01b0\u1eddng \u0111\u1ed9 cao.<\/p>\n<p>&#8211; Thi\u1ebft k\u1ebf b\u1ea3o v\u1ec7 to\u00e0n di\u1ec7n: Th\u00e2n s\u00fang \u0111\u01b0\u1ee3c trang b\u1ecb 4 mi\u1ebfng \u0111\u1ec7m cao su b\u1ea3o v\u1ec7 \u1edf ph\u00eda tr\u01b0\u1edbc v\u00e0 ph\u00eda sau. Thi\u1ebft k\u1ebf n\u00e0y gi\u00fap ch\u1ed1ng va \u0111\u1eadp, b\u1ea3o v\u1ec7 l\u1edbp v\u1ecf s\u00fang kh\u1ecfi tr\u1ea7y x\u01b0\u1edbc v\u00e0 h\u01b0 h\u1ea1i khi \u0111\u1eb7t s\u00fang xu\u1ed1ng s\u00e0n ho\u1eb7c l\u00e0m vi\u1ec7c trong kh\u00f4ng gian h\u1eb9p.<\/p>\n<p>&#8211; Tay c\u1ea7m c\u00f4ng th\u00e1i h\u1ecdc: Ch\u1ea5t li\u1ec7u TPR cao c\u1ea5p k\u1ebft h\u1ee3p v\u1edbi l\u1edbp keo hai m\u00e0u kh\u00f4ng ch\u1ec9 t\u1ea1o t\u00ednh th\u1ea9m m\u1ef9 m\u00e0 c\u00f2n gi\u00fap c\u1ea7m n\u1eafm c\u1ef1c k\u1ef3 tho\u1ea3i m\u00e1i, ch\u1ed1ng tr\u01b0\u1ee3t v\u00e0 gi\u1ea3m rung ch\u1ea5n truy\u1ec1n \u0111\u1ebfn tay ng\u01b0\u1eddi s\u1eed d\u1ee5ng.<\/p>\n<p>&#8211; Tr\u1ecdng l\u01b0\u1ee3ng si\u00eau nh\u1eb9: M\u1eb7c d\u00f9 s\u1edf h\u1eefu l\u1ef1c xi\u1ebft kh\u1ee7ng nh\u01b0ng s\u00fang ch\u1ec9 n\u1eb7ng v\u1ecfn v\u1eb9n 2kg, gi\u00fap k\u1ef9 thu\u1eadt vi\u00ean l\u00e0m vi\u1ec7c li\u00ean t\u1ee5c trong th\u1eddi gian d\u00e0i m\u00e0 kh\u00f4ng g\u00e2y m\u1ecfi tay.<\/p>\n<p>Th\u00f4ng tin chi ti\u1ebft s\u1ea3n ph\u1ea9m<\/p>\n<p>S\u00fang v\u1eb7n \u1ed1c 1\/2&#8243; MOK 7152 ho\u1ea1t \u0111\u1ed9ng \u1ed5n \u0111\u1ecbnh \u1edf \u00e1p su\u1ea5t kh\u00ed n\u00e9n ti\u00eau chu\u1ea9n 90psi. V\u1edbi t\u1ed1c \u0111\u1ed9 kh\u00f4ng t\u1ea3i l\u00ean \u0111\u1ebfn 8000 v\u00f2ng\/ph\u00fat, thi\u1ebft b\u1ecb \u0111\u1ea3m b\u1ea3o ti\u1ebfn \u0111\u1ed9 c\u00f4ng vi\u1ec7c nhanh ch\u00f3ng. \u0110\u1ea7u c\u1ed1t 1\/2 inch ph\u1ed5 bi\u1ebfn gi\u00fap ng\u01b0\u1eddi d\u00f9ng d\u1ec5 d\u00e0ng k\u1ebft h\u1ee3p v\u1edbi c\u00e1c lo\u1ea1i \u0111\u1ea7u kh\u1ea9u (tu\u00fdp) tr\u00ean th\u1ecb tr\u01b0\u1eddng.<\/p>\n<p>S\u1ea3n ph\u1ea9m \u0111\u01b0\u1ee3c \u0111\u00f3ng g\u00f3i g\u1ecdn g\u00e0ng trong h\u1ed9p gi\u1ea5y chuy\u00ean d\u1ee5ng, \u0111i k\u00e8m h\u01b0\u1edbng d\u1eabn v\u00e0 c\u00e1c \u0111\u1ea7u n\u1ed1i kh\u00ed n\u00e9n ti\u00eau chu\u1ea9n.<\/p>","protected":false},"excerpt":{"rendered":"<p>Trong ph\u00e2n kh\u00fac s\u00fang xi\u1ebft bu l\u00f4ng 1\/2 inch, MOK 7152 l\u00e0 m\u1ed9t &#8220;qu\u00e1i ki\u1ec7t&#8221; th\u1ef1c th\u1ee5 khi s\u1edf h\u1eefu l\u1ef1c xi\u1ebft t\u01b0\u01a1ng \u0111\u01b0\u01a1ng v\u1edbi c\u00e1c d\u00f2ng s\u00fang c\u1ee1 l\u1edbn h\u01a1n. V\u1edbi thi\u1ebft k\u1ebf hi\u1ec7n \u0111\u1ea1i, b\u1ec1n b\u1ec9 v\u00e0 l\u1ef1c v\u1eb7n c\u1ef1c \u0111\u1ea1i \u1ea5n t\u01b0\u1ee3ng, \u0111\u00e2y l\u00e0 c\u00f4ng c\u1ee5 kh\u00f4ng th\u1ec3 thi\u1ebfu cho c\u00e1c ti\u1ec7m [&hellip;]<\/p>","protected":false},"featured_media":3140,"comment_status":"closed","ping_status":"closed","template":"","meta":[],"product_brand":[138],"product_cat":[81,90],"product_tag":[],"class_list":{"0":"post-3278","1":"product","2":"type-product","3":"status-publish","4":"has-post-thumbnail","6":"product_brand-mok","7":"product_cat-sung-van-oc","8":"product_cat-may-moc-thiet-bi","10":"first","11":"instock","12":"purchasable","13":"product-type-simple"},"acf":[],"ct_brands":[{"id":138,"name":"MOK","slug":"mok"}],"yoast_head":"<!-- This site is optimized with the Yoast SEO plugin v26.6 - https:\/\/yoast.com\/wordpress\/plugins\/seo\/ -->\n<title>S\u00fang Si\u1ebft \u1ed0c Kh\u00ed N\u00e9n 1\/2 Inch MOK - 7152 - An Ph\u00e1t<\/title>\n<meta name=\"robots\" content=\"noindex, follow, max-snippet:-1, max-image-preview:large, max-video-preview:-1\" \/>\n<meta property=\"og:locale\" content=\"en_US\" \/>\n<meta property=\"og:type\" content=\"article\" \/>\n<meta property=\"og:title\" content=\"S\u00fang Si\u1ebft \u1ed0c Kh\u00ed N\u00e9n 1\/2 Inch MOK - 7152 - An Ph\u00e1t\" \/>\n<meta property=\"og:description\" content=\"Trong ph\u00e2n kh\u00fac s\u00fang xi\u1ebft bu l\u00f4ng 1\/2 inch, MOK 7152 l\u00e0 m\u1ed9t &#8220;qu\u00e1i ki\u1ec7t&#8221; th\u1ef1c th\u1ee5 khi s\u1edf h\u1eefu l\u1ef1c xi\u1ebft t\u01b0\u01a1ng \u0111\u01b0\u01a1ng v\u1edbi c\u00e1c d\u00f2ng s\u00fang c\u1ee1 l\u1edbn h\u01a1n. V\u1edbi thi\u1ebft k\u1ebf hi\u1ec7n \u0111\u1ea1i, b\u1ec1n b\u1ec9 v\u00e0 l\u1ef1c v\u1eb7n c\u1ef1c \u0111\u1ea1i \u1ea5n t\u01b0\u1ee3ng, \u0111\u00e2y l\u00e0 c\u00f4ng c\u1ee5 kh\u00f4ng th\u1ec3 thi\u1ebfu cho c\u00e1c ti\u1ec7m [&hellip;]\" \/>\n<meta property=\"og:url\" content=\"https:\/\/anphatco.123websitedev.com\/en\/product\/sung-siet-oc-khi-nen-1-2-inch-mok-7152\/\" \/>\n<meta property=\"og:site_name\" content=\"An Ph\u00e1t\" \/>\n<meta property=\"article:modified_time\" content=\"2026-02-12T09:59:34+00:00\" \/>\n<meta property=\"og:image\" content=\"https:\/\/anphatco.123websitedev.com\/wp-content\/uploads\/2026\/02\/mok-7152.jpg\" \/>\n\t<meta property=\"og:image:width\" content=\"1200\" \/>\n\t<meta property=\"og:image:height\" content=\"1200\" \/>\n\t<meta property=\"og:image:type\" content=\"image\/jpeg\" \/>\n<meta name=\"twitter:card\" content=\"summary_large_image\" \/>\n<meta name=\"twitter:label1\" content=\"Est. reading time\" \/>\n\t<meta name=\"twitter:data1\" content=\"3 minutes\" \/>\n<script type=\"application\/ld+json\" class=\"yoast-schema-graph\">{\"@context\":\"https:\/\/schema.org\",\"@graph\":[{\"@type\":\"WebPage\",\"@id\":\"https:\/\/anphatco.123websitedev.com\/san-pham\/sung-siet-oc-khi-nen-1-2-inch-mok-7152\/\",\"url\":\"https:\/\/anphatco.123websitedev.com\/san-pham\/sung-siet-oc-khi-nen-1-2-inch-mok-7152\/\",\"name\":\"S\u00fang Si\u1ebft \u1ed0c Kh\u00ed N\u00e9n 1\/2 Inch MOK - 7152 - An Ph\u00e1t\",\"isPartOf\":{\"@id\":\"https:\/\/anphatco.123websitedev.com\/#website\"},\"primaryImageOfPage\":{\"@id\":\"https:\/\/anphatco.123websitedev.com\/san-pham\/sung-siet-oc-khi-nen-1-2-inch-mok-7152\/#primaryimage\"},\"image\":{\"@id\":\"https:\/\/anphatco.123websitedev.com\/san-pham\/sung-siet-oc-khi-nen-1-2-inch-mok-7152\/#primaryimage\"},\"thumbnailUrl\":\"https:\/\/anphatco.123websitedev.com\/wp-content\/uploads\/2026\/02\/mok-7152.jpg\",\"datePublished\":\"2026-02-10T04:16:39+00:00\",\"dateModified\":\"2026-02-12T09:59:34+00:00\",\"breadcrumb\":{\"@id\":\"https:\/\/anphatco.123websitedev.com\/san-pham\/sung-siet-oc-khi-nen-1-2-inch-mok-7152\/#breadcrumb\"},\"inLanguage\":\"en-US\",\"potentialAction\":[{\"@type\":\"ReadAction\",\"target\":[\"https:\/\/anphatco.123websitedev.com\/san-pham\/sung-siet-oc-khi-nen-1-2-inch-mok-7152\/\"]}]},{\"@type\":\"ImageObject\",\"inLanguage\":\"en-US\",\"@id\":\"https:\/\/anphatco.123websitedev.com\/san-pham\/sung-siet-oc-khi-nen-1-2-inch-mok-7152\/#primaryimage\",\"url\":\"https:\/\/anphatco.123websitedev.com\/wp-content\/uploads\/2026\/02\/mok-7152.jpg\",\"contentUrl\":\"https:\/\/anphatco.123websitedev.com\/wp-content\/uploads\/2026\/02\/mok-7152.jpg\",\"width\":1200,\"height\":1200},{\"@type\":\"BreadcrumbList\",\"@id\":\"https:\/\/anphatco.123websitedev.com\/san-pham\/sung-siet-oc-khi-nen-1-2-inch-mok-7152\/#breadcrumb\",\"itemListElement\":[{\"@type\":\"ListItem\",\"position\":1,\"name\":\"Trang ch\u1ee7\",\"item\":\"https:\/\/anphatco.123websitedev.com\/\"},{\"@type\":\"ListItem\",\"position\":2,\"name\":\"S\u1ea3n ph\u1ea9m\",\"item\":\"https:\/\/anphatco.123websitedev.com\/san-pham\/\"},{\"@type\":\"ListItem\",\"position\":3,\"name\":\"S\u00fang Si\u1ebft \u1ed0c Kh\u00ed N\u00e9n 1\/2 Inch MOK &#8211; 7152\"}]},{\"@type\":\"WebSite\",\"@id\":\"https:\/\/anphatco.123websitedev.com\/#website\",\"url\":\"https:\/\/anphatco.123websitedev.com\/\",\"name\":\"An Ph\u00e1t\",\"description\":\"\",\"publisher\":{\"@id\":\"https:\/\/anphatco.123websitedev.com\/#organization\"},\"potentialAction\":[{\"@type\":\"SearchAction\",\"target\":{\"@type\":\"EntryPoint\",\"urlTemplate\":\"https:\/\/anphatco.123websitedev.com\/?s={search_term_string}\"},\"query-input\":{\"@type\":\"PropertyValueSpecification\",\"valueRequired\":true,\"valueName\":\"search_term_string\"}}],\"inLanguage\":\"en-US\"},{\"@type\":\"Organization\",\"@id\":\"https:\/\/anphatco.123websitedev.com\/#organization\",\"name\":\"An Ph\u00e1t\",\"url\":\"https:\/\/anphatco.123websitedev.com\/\",\"logo\":{\"@type\":\"ImageObject\",\"inLanguage\":\"en-US\",\"@id\":\"https:\/\/anphatco.123websitedev.com\/#\/schema\/logo\/image\/\",\"url\":\"https:\/\/anphatco.123websitedev.com\/wp-content\/uploads\/2025\/12\/an-phat-logo.png\",\"contentUrl\":\"https:\/\/anphatco.123websitedev.com\/wp-content\/uploads\/2025\/12\/an-phat-logo.png\",\"width\":74,\"height\":68,\"caption\":\"An Ph\u00e1t\"},\"image\":{\"@id\":\"https:\/\/anphatco.123websitedev.com\/#\/schema\/logo\/image\/\"}}]}<\/script>\n<!-- \/ Yoast SEO plugin. -->","yoast_head_json":{"title":"S\u00fang Si\u1ebft \u1ed0c Kh\u00ed N\u00e9n 1\/2 Inch MOK - 7152 - An Ph\u00e1t","robots":{"index":"noindex","follow":"follow","max-snippet":"max-snippet:-1","max-image-preview":"max-image-preview:large","max-video-preview":"max-video-preview:-1"},"og_locale":"en_US","og_type":"article","og_title":"S\u00fang Si\u1ebft \u1ed0c Kh\u00ed N\u00e9n 1\/2 Inch MOK - 7152 - An Ph\u00e1t","og_description":"Trong ph\u00e2n kh\u00fac s\u00fang xi\u1ebft bu l\u00f4ng 1\/2 inch, MOK 7152 l\u00e0 m\u1ed9t &#8220;qu\u00e1i ki\u1ec7t&#8221; th\u1ef1c th\u1ee5 khi s\u1edf h\u1eefu l\u1ef1c xi\u1ebft t\u01b0\u01a1ng \u0111\u01b0\u01a1ng v\u1edbi c\u00e1c d\u00f2ng s\u00fang c\u1ee1 l\u1edbn h\u01a1n. V\u1edbi thi\u1ebft k\u1ebf hi\u1ec7n \u0111\u1ea1i, b\u1ec1n b\u1ec9 v\u00e0 l\u1ef1c v\u1eb7n c\u1ef1c \u0111\u1ea1i \u1ea5n t\u01b0\u1ee3ng, \u0111\u00e2y l\u00e0 c\u00f4ng c\u1ee5 kh\u00f4ng th\u1ec3 thi\u1ebfu cho c\u00e1c ti\u1ec7m [&hellip;]","og_url":"https:\/\/anphatco.123websitedev.com\/en\/product\/sung-siet-oc-khi-nen-1-2-inch-mok-7152\/","og_site_name":"An Ph\u00e1t","article_modified_time":"2026-02-12T09:59:34+00:00","og_image":[{"width":1200,"height":1200,"url":"https:\/\/anphatco.123websitedev.com\/wp-content\/uploads\/2026\/02\/mok-7152.jpg","type":"image\/jpeg"}],"twitter_card":"summary_large_image","twitter_misc":{"Est. reading time":"3 minutes"},"schema":{"@context":"https:\/\/schema.org","@graph":[{"@type":"WebPage","@id":"https:\/\/anphatco.123websitedev.com\/san-pham\/sung-siet-oc-khi-nen-1-2-inch-mok-7152\/","url":"https:\/\/anphatco.123websitedev.com\/san-pham\/sung-siet-oc-khi-nen-1-2-inch-mok-7152\/","name":"S\u00fang Si\u1ebft \u1ed0c Kh\u00ed N\u00e9n 1\/2 Inch MOK - 7152 - An Ph\u00e1t","isPartOf":{"@id":"https:\/\/anphatco.123websitedev.com\/#website"},"primaryImageOfPage":{"@id":"https:\/\/anphatco.123websitedev.com\/san-pham\/sung-siet-oc-khi-nen-1-2-inch-mok-7152\/#primaryimage"},"image":{"@id":"https:\/\/anphatco.123websitedev.com\/san-pham\/sung-siet-oc-khi-nen-1-2-inch-mok-7152\/#primaryimage"},"thumbnailUrl":"https:\/\/anphatco.123websitedev.com\/wp-content\/uploads\/2026\/02\/mok-7152.jpg","datePublished":"2026-02-10T04:16:39+00:00","dateModified":"2026-02-12T09:59:34+00:00","breadcrumb":{"@id":"https:\/\/anphatco.123websitedev.com\/san-pham\/sung-siet-oc-khi-nen-1-2-inch-mok-7152\/#breadcrumb"},"inLanguage":"en-US","potentialAction":[{"@type":"ReadAction","target":["https:\/\/anphatco.123websitedev.com\/san-pham\/sung-siet-oc-khi-nen-1-2-inch-mok-7152\/"]}]},{"@type":"ImageObject","inLanguage":"en-US","@id":"https:\/\/anphatco.123websitedev.com\/san-pham\/sung-siet-oc-khi-nen-1-2-inch-mok-7152\/#primaryimage","url":"https:\/\/anphatco.123websitedev.com\/wp-content\/uploads\/2026\/02\/mok-7152.jpg","contentUrl":"https:\/\/anphatco.123websitedev.com\/wp-content\/uploads\/2026\/02\/mok-7152.jpg","width":1200,"height":1200},{"@type":"BreadcrumbList","@id":"https:\/\/anphatco.123websitedev.com\/san-pham\/sung-siet-oc-khi-nen-1-2-inch-mok-7152\/#breadcrumb","itemListElement":[{"@type":"ListItem","position":1,"name":"Trang ch\u1ee7","item":"https:\/\/anphatco.123websitedev.com\/"},{"@type":"ListItem","position":2,"name":"S\u1ea3n ph\u1ea9m","item":"https:\/\/anphatco.123websitedev.com\/san-pham\/"},{"@type":"ListItem","position":3,"name":"S\u00fang Si\u1ebft \u1ed0c Kh\u00ed N\u00e9n 1\/2 Inch MOK &#8211; 7152"}]},{"@type":"WebSite","@id":"https:\/\/anphatco.123websitedev.com\/#website","url":"https:\/\/anphatco.123websitedev.com\/","name":"An Ph\u00e1t","description":"","publisher":{"@id":"https:\/\/anphatco.123websitedev.com\/#organization"},"potentialAction":[{"@type":"SearchAction","target":{"@type":"EntryPoint","urlTemplate":"https:\/\/anphatco.123websitedev.com\/?s={search_term_string}"},"query-input":{"@type":"PropertyValueSpecification","valueRequired":true,"valueName":"search_term_string"}}],"inLanguage":"en-US"},{"@type":"Organization","@id":"https:\/\/anphatco.123websitedev.com\/#organization","name":"An Ph\u00e1t","url":"https:\/\/anphatco.123websitedev.com\/","logo":{"@type":"ImageObject","inLanguage":"en-US","@id":"https:\/\/anphatco.123websitedev.com\/#\/schema\/logo\/image\/","url":"https:\/\/anphatco.123websitedev.com\/wp-content\/uploads\/2025\/12\/an-phat-logo.png","contentUrl":"https:\/\/anphatco.123websitedev.com\/wp-content\/uploads\/2025\/12\/an-phat-logo.png","width":74,"height":68,"caption":"An Ph\u00e1t"},"image":{"@id":"https:\/\/anphatco.123websitedev.com\/#\/schema\/logo\/image\/"}}]}},"_links":{"self":[{"href":"https:\/\/anphatco.123websitedev.com\/en\/wp-json\/wp\/v2\/product\/3278","targetHints":{"allow":["GET"]}}],"collection":[{"href":"https:\/\/anphatco.123websitedev.com\/en\/wp-json\/wp\/v2\/product"}],"about":[{"href":"https:\/\/anphatco.123websitedev.com\/en\/wp-json\/wp\/v2\/types\/product"}],"replies":[{"embeddable":true,"href":"https:\/\/anphatco.123websitedev.com\/en\/wp-json\/wp\/v2\/comments?post=3278"}],"wp:featuredmedia":[{"embeddable":true,"href":"https:\/\/anphatco.123websitedev.com\/en\/wp-json\/wp\/v2\/media\/3140"}],"wp:attachment":[{"href":"https:\/\/anphatco.123websitedev.com\/en\/wp-json\/wp\/v2\/media?parent=3278"}],"wp:term":[{"taxonomy":"product_brand","embeddable":true,"href":"https:\/\/anphatco.123websitedev.com\/en\/wp-json\/wp\/v2\/product_brand?post=3278"},{"taxonomy":"product_cat","embeddable":true,"href":"https:\/\/anphatco.123websitedev.com\/en\/wp-json\/wp\/v2\/product_cat?post=3278"},{"taxonomy":"product_tag","embeddable":true,"href":"https:\/\/anphatco.123websitedev.com\/en\/wp-json\/wp\/v2\/product_tag?post=3278"}],"curies":[{"name":"wp","href":"https:\/\/api.w.org\/{rel}","templated":true}]}}