{"id":3283,"date":"2026-02-10T11:16:39","date_gmt":"2026-02-10T04:16:39","guid":{"rendered":"https:\/\/anphatco.123websitedev.com\/san-pham\/kich-con-doi-thuy-luc-20-tan-sunrun-sth-20b\/"},"modified":"2026-02-12T16:46:00","modified_gmt":"2026-02-12T09:46:00","slug":"kich-con-doi-thuy-luc-20-tan-sunrun-sth-20b","status":"publish","type":"product","link":"https:\/\/anphatco.123websitedev.com\/en\/product\/kich-con-doi-thuy-luc-20-tan-sunrun-sth-20b\/","title":{"rendered":"Sunrun STH-20B 20-Ton Hydraulic Jack"},"content":{"rendered":"<p>Con \u0111\u1ed9i th\u1ee7y l\u1ef1c Sunrun STH-20\/B d\u00f9ng \u0111\u1ec3 n\u00e2ng h\u1ea1 nh\u1eefng v\u1eadt n\u1eb7ng c\u00f3 kh\u1ed1i l\u01b0\u1ee3ng t\u1eeb h\u00e0ng ch\u1ee5c \u0111\u1ebfn h\u00e0ng tr\u0103m t\u1ea5n t\u00f9y thu\u1ed9c v\u00e0o c\u1ea5u t\u1ea1o v\u00e0 k\u00edch th\u01b0\u1edbc c\u1ee7a xi lanh. \u0110\u00e2y l\u00e0 lo\u1ea1i thi\u1ebft b\u1ecb \u0111\u01b0\u1ee3c d\u00f9ng nhi\u1ec1u \u1edf c\u00e1c x\u01b0\u1edfng, gara s\u1eeda ch\u1eefa \u00f4 t\u00f4,\u2026<\/p>\n<p>\u0110\u1eb7c \u0111i\u1ec3m c\u1ee7a con \u0111\u1ed9i th\u1ee7y l\u1ef1c Sunrun STH-20\/B:<\/p>\n<p>&#8211; Thi\u1ebft k\u1ebf v\u1ecf li\u1ec1n \u0111\u1ebf ph\u00f9 h\u1ee3p v\u1edbi m\u1ecdi \u0111\u1ecba h\u00ecnh ph\u1ee9c t\u1ea1p.<\/p>\n<p>&#8211; L\u00f2 xo t\u1ef1 h\u1ed3i c\u1ee1 l\u1edbn gi\u00fap c\u1ea7n n\u00e2ng h\u1ed3i nhanh sau khi s\u1eed d\u1ee5ng.<\/p>\n<p>&#8211; An to\u00e0n tuy\u1ec7t \u0111\u1ed1i cho ng\u01b0\u1eddi th\u1ee3 \u00f4 t\u00f4 v\u1edbi van ch\u1ed1ng qu\u00e1 t\u1ea3i.<\/p>\n<p>&#8211; \u0110\u1eb7c bi\u1ec7t ti\u1ec7n d\u1ee5ng, d\u1ec5 d\u00e0ng thay th\u1ebf ph\u1ee5 t\u00f9ng.<\/p>","protected":false},"excerpt":{"rendered":"<p>Con \u0111\u1ed9i th\u1ee7y l\u1ef1c Sunrun STH-20\/B d\u00f9ng \u0111\u1ec3 n\u00e2ng h\u1ea1 nh\u1eefng v\u1eadt n\u1eb7ng c\u00f3 kh\u1ed1i l\u01b0\u1ee3ng t\u1eeb h\u00e0ng ch\u1ee5c \u0111\u1ebfn h\u00e0ng tr\u0103m t\u1ea5n t\u00f9y thu\u1ed9c v\u00e0o c\u1ea5u t\u1ea1o v\u00e0 k\u00edch th\u01b0\u1edbc c\u1ee7a xi lanh. \u0110\u00e2y l\u00e0 lo\u1ea1i thi\u1ebft b\u1ecb \u0111\u01b0\u1ee3c d\u00f9ng nhi\u1ec1u \u1edf c\u00e1c x\u01b0\u1edfng, gara s\u1eeda ch\u1eefa \u00f4 t\u00f4,\u2026 \u0110\u1eb7c \u0111i\u1ec3m c\u1ee7a con \u0111\u1ed9i [&hellip;]<\/p>","protected":false},"featured_media":3085,"comment_status":"closed","ping_status":"open","template":"","meta":[],"product_brand":[123],"product_cat":[90,91],"product_tag":[],"class_list":{"0":"post-3283","1":"product","2":"type-product","3":"status-publish","4":"has-post-thumbnail","6":"product_brand-sunrun","7":"product_cat-may-moc-thiet-bi","8":"product_cat-kich","10":"first","11":"instock","12":"purchasable","13":"product-type-simple"},"acf":[],"ct_brands":[{"id":123,"name":"Sunrun","slug":"sunrun"}],"yoast_head":"<!-- This site is optimized with the Yoast SEO plugin v26.6 - https:\/\/yoast.com\/wordpress\/plugins\/seo\/ -->\n<title>K\u00edch (Con \u0110\u1ed9i) Th\u1ee7y L\u1ef1c 20 T\u1ea5n Sunrun STH-20B - An Ph\u00e1t<\/title>\n<meta name=\"robots\" content=\"noindex, follow, max-snippet:-1, max-image-preview:large, max-video-preview:-1\" \/>\n<meta property=\"og:locale\" content=\"en_US\" \/>\n<meta property=\"og:type\" content=\"article\" \/>\n<meta property=\"og:title\" content=\"K\u00edch (Con \u0110\u1ed9i) Th\u1ee7y L\u1ef1c 20 T\u1ea5n Sunrun STH-20B - An Ph\u00e1t\" \/>\n<meta property=\"og:description\" content=\"Con \u0111\u1ed9i th\u1ee7y l\u1ef1c Sunrun STH-20\/B d\u00f9ng \u0111\u1ec3 n\u00e2ng h\u1ea1 nh\u1eefng v\u1eadt n\u1eb7ng c\u00f3 kh\u1ed1i l\u01b0\u1ee3ng t\u1eeb h\u00e0ng ch\u1ee5c \u0111\u1ebfn h\u00e0ng tr\u0103m t\u1ea5n t\u00f9y thu\u1ed9c v\u00e0o c\u1ea5u t\u1ea1o v\u00e0 k\u00edch th\u01b0\u1edbc c\u1ee7a xi lanh. \u0110\u00e2y l\u00e0 lo\u1ea1i thi\u1ebft b\u1ecb \u0111\u01b0\u1ee3c d\u00f9ng nhi\u1ec1u \u1edf c\u00e1c x\u01b0\u1edfng, gara s\u1eeda ch\u1eefa \u00f4 t\u00f4,\u2026 \u0110\u1eb7c \u0111i\u1ec3m c\u1ee7a con \u0111\u1ed9i [&hellip;]\" \/>\n<meta property=\"og:url\" content=\"https:\/\/anphatco.123websitedev.com\/en\/product\/kich-con-doi-thuy-luc-20-tan-sunrun-sth-20b\/\" \/>\n<meta property=\"og:site_name\" content=\"An Ph\u00e1t\" \/>\n<meta property=\"article:modified_time\" content=\"2026-02-12T09:46:00+00:00\" \/>\n<meta property=\"og:image\" content=\"https:\/\/anphatco.123websitedev.com\/wp-content\/uploads\/2026\/02\/con-doi-hoi-30-tan-sth-20-1.jpg\" \/>\n\t<meta property=\"og:image:width\" content=\"1200\" \/>\n\t<meta property=\"og:image:height\" content=\"1200\" \/>\n\t<meta property=\"og:image:type\" content=\"image\/jpeg\" \/>\n<meta name=\"twitter:card\" content=\"summary_large_image\" \/>\n<meta name=\"twitter:label1\" content=\"Est. reading time\" \/>\n\t<meta name=\"twitter:data1\" content=\"1 minute\" \/>\n<script type=\"application\/ld+json\" class=\"yoast-schema-graph\">{\"@context\":\"https:\/\/schema.org\",\"@graph\":[{\"@type\":\"WebPage\",\"@id\":\"https:\/\/anphatco.123websitedev.com\/san-pham\/kich-con-doi-thuy-luc-20-tan-sunrun-sth-20b\/\",\"url\":\"https:\/\/anphatco.123websitedev.com\/san-pham\/kich-con-doi-thuy-luc-20-tan-sunrun-sth-20b\/\",\"name\":\"K\u00edch (Con \u0110\u1ed9i) Th\u1ee7y L\u1ef1c 20 T\u1ea5n Sunrun STH-20B - An Ph\u00e1t\",\"isPartOf\":{\"@id\":\"https:\/\/anphatco.123websitedev.com\/#website\"},\"primaryImageOfPage\":{\"@id\":\"https:\/\/anphatco.123websitedev.com\/san-pham\/kich-con-doi-thuy-luc-20-tan-sunrun-sth-20b\/#primaryimage\"},\"image\":{\"@id\":\"https:\/\/anphatco.123websitedev.com\/san-pham\/kich-con-doi-thuy-luc-20-tan-sunrun-sth-20b\/#primaryimage\"},\"thumbnailUrl\":\"https:\/\/anphatco.123websitedev.com\/wp-content\/uploads\/2026\/02\/con-doi-hoi-30-tan-sth-20-1.jpg\",\"datePublished\":\"2026-02-10T04:16:39+00:00\",\"dateModified\":\"2026-02-12T09:46:00+00:00\",\"breadcrumb\":{\"@id\":\"https:\/\/anphatco.123websitedev.com\/san-pham\/kich-con-doi-thuy-luc-20-tan-sunrun-sth-20b\/#breadcrumb\"},\"inLanguage\":\"en-US\",\"potentialAction\":[{\"@type\":\"ReadAction\",\"target\":[\"https:\/\/anphatco.123websitedev.com\/san-pham\/kich-con-doi-thuy-luc-20-tan-sunrun-sth-20b\/\"]}]},{\"@type\":\"ImageObject\",\"inLanguage\":\"en-US\",\"@id\":\"https:\/\/anphatco.123websitedev.com\/san-pham\/kich-con-doi-thuy-luc-20-tan-sunrun-sth-20b\/#primaryimage\",\"url\":\"https:\/\/anphatco.123websitedev.com\/wp-content\/uploads\/2026\/02\/con-doi-hoi-30-tan-sth-20-1.jpg\",\"contentUrl\":\"https:\/\/anphatco.123websitedev.com\/wp-content\/uploads\/2026\/02\/con-doi-hoi-30-tan-sth-20-1.jpg\",\"width\":1200,\"height\":1200},{\"@type\":\"BreadcrumbList\",\"@id\":\"https:\/\/anphatco.123websitedev.com\/san-pham\/kich-con-doi-thuy-luc-20-tan-sunrun-sth-20b\/#breadcrumb\",\"itemListElement\":[{\"@type\":\"ListItem\",\"position\":1,\"name\":\"Trang ch\u1ee7\",\"item\":\"https:\/\/anphatco.123websitedev.com\/\"},{\"@type\":\"ListItem\",\"position\":2,\"name\":\"S\u1ea3n ph\u1ea9m\",\"item\":\"https:\/\/anphatco.123websitedev.com\/san-pham\/\"},{\"@type\":\"ListItem\",\"position\":3,\"name\":\"K\u00edch (Con \u0110\u1ed9i) Th\u1ee7y L\u1ef1c 20 T\u1ea5n Sunrun STH-20B\"}]},{\"@type\":\"WebSite\",\"@id\":\"https:\/\/anphatco.123websitedev.com\/#website\",\"url\":\"https:\/\/anphatco.123websitedev.com\/\",\"name\":\"An Ph\u00e1t\",\"description\":\"\",\"publisher\":{\"@id\":\"https:\/\/anphatco.123websitedev.com\/#organization\"},\"potentialAction\":[{\"@type\":\"SearchAction\",\"target\":{\"@type\":\"EntryPoint\",\"urlTemplate\":\"https:\/\/anphatco.123websitedev.com\/?s={search_term_string}\"},\"query-input\":{\"@type\":\"PropertyValueSpecification\",\"valueRequired\":true,\"valueName\":\"search_term_string\"}}],\"inLanguage\":\"en-US\"},{\"@type\":\"Organization\",\"@id\":\"https:\/\/anphatco.123websitedev.com\/#organization\",\"name\":\"An Ph\u00e1t\",\"url\":\"https:\/\/anphatco.123websitedev.com\/\",\"logo\":{\"@type\":\"ImageObject\",\"inLanguage\":\"en-US\",\"@id\":\"https:\/\/anphatco.123websitedev.com\/#\/schema\/logo\/image\/\",\"url\":\"https:\/\/anphatco.123websitedev.com\/wp-content\/uploads\/2025\/12\/an-phat-logo.png\",\"contentUrl\":\"https:\/\/anphatco.123websitedev.com\/wp-content\/uploads\/2025\/12\/an-phat-logo.png\",\"width\":74,\"height\":68,\"caption\":\"An Ph\u00e1t\"},\"image\":{\"@id\":\"https:\/\/anphatco.123websitedev.com\/#\/schema\/logo\/image\/\"}}]}<\/script>\n<!-- \/ Yoast SEO plugin. -->","yoast_head_json":{"title":"K\u00edch (Con \u0110\u1ed9i) Th\u1ee7y L\u1ef1c 20 T\u1ea5n Sunrun STH-20B - An Ph\u00e1t","robots":{"index":"noindex","follow":"follow","max-snippet":"max-snippet:-1","max-image-preview":"max-image-preview:large","max-video-preview":"max-video-preview:-1"},"og_locale":"en_US","og_type":"article","og_title":"K\u00edch (Con \u0110\u1ed9i) Th\u1ee7y L\u1ef1c 20 T\u1ea5n Sunrun STH-20B - An Ph\u00e1t","og_description":"Con \u0111\u1ed9i th\u1ee7y l\u1ef1c Sunrun STH-20\/B d\u00f9ng \u0111\u1ec3 n\u00e2ng h\u1ea1 nh\u1eefng v\u1eadt n\u1eb7ng c\u00f3 kh\u1ed1i l\u01b0\u1ee3ng t\u1eeb h\u00e0ng ch\u1ee5c \u0111\u1ebfn h\u00e0ng tr\u0103m t\u1ea5n t\u00f9y thu\u1ed9c v\u00e0o c\u1ea5u t\u1ea1o v\u00e0 k\u00edch th\u01b0\u1edbc c\u1ee7a xi lanh. \u0110\u00e2y l\u00e0 lo\u1ea1i thi\u1ebft b\u1ecb \u0111\u01b0\u1ee3c d\u00f9ng nhi\u1ec1u \u1edf c\u00e1c x\u01b0\u1edfng, gara s\u1eeda ch\u1eefa \u00f4 t\u00f4,\u2026 \u0110\u1eb7c \u0111i\u1ec3m c\u1ee7a con \u0111\u1ed9i [&hellip;]","og_url":"https:\/\/anphatco.123websitedev.com\/en\/product\/kich-con-doi-thuy-luc-20-tan-sunrun-sth-20b\/","og_site_name":"An Ph\u00e1t","article_modified_time":"2026-02-12T09:46:00+00:00","og_image":[{"width":1200,"height":1200,"url":"https:\/\/anphatco.123websitedev.com\/wp-content\/uploads\/2026\/02\/con-doi-hoi-30-tan-sth-20-1.jpg","type":"image\/jpeg"}],"twitter_card":"summary_large_image","twitter_misc":{"Est. reading time":"1 minute"},"schema":{"@context":"https:\/\/schema.org","@graph":[{"@type":"WebPage","@id":"https:\/\/anphatco.123websitedev.com\/san-pham\/kich-con-doi-thuy-luc-20-tan-sunrun-sth-20b\/","url":"https:\/\/anphatco.123websitedev.com\/san-pham\/kich-con-doi-thuy-luc-20-tan-sunrun-sth-20b\/","name":"K\u00edch (Con \u0110\u1ed9i) Th\u1ee7y L\u1ef1c 20 T\u1ea5n Sunrun STH-20B - An Ph\u00e1t","isPartOf":{"@id":"https:\/\/anphatco.123websitedev.com\/#website"},"primaryImageOfPage":{"@id":"https:\/\/anphatco.123websitedev.com\/san-pham\/kich-con-doi-thuy-luc-20-tan-sunrun-sth-20b\/#primaryimage"},"image":{"@id":"https:\/\/anphatco.123websitedev.com\/san-pham\/kich-con-doi-thuy-luc-20-tan-sunrun-sth-20b\/#primaryimage"},"thumbnailUrl":"https:\/\/anphatco.123websitedev.com\/wp-content\/uploads\/2026\/02\/con-doi-hoi-30-tan-sth-20-1.jpg","datePublished":"2026-02-10T04:16:39+00:00","dateModified":"2026-02-12T09:46:00+00:00","breadcrumb":{"@id":"https:\/\/anphatco.123websitedev.com\/san-pham\/kich-con-doi-thuy-luc-20-tan-sunrun-sth-20b\/#breadcrumb"},"inLanguage":"en-US","potentialAction":[{"@type":"ReadAction","target":["https:\/\/anphatco.123websitedev.com\/san-pham\/kich-con-doi-thuy-luc-20-tan-sunrun-sth-20b\/"]}]},{"@type":"ImageObject","inLanguage":"en-US","@id":"https:\/\/anphatco.123websitedev.com\/san-pham\/kich-con-doi-thuy-luc-20-tan-sunrun-sth-20b\/#primaryimage","url":"https:\/\/anphatco.123websitedev.com\/wp-content\/uploads\/2026\/02\/con-doi-hoi-30-tan-sth-20-1.jpg","contentUrl":"https:\/\/anphatco.123websitedev.com\/wp-content\/uploads\/2026\/02\/con-doi-hoi-30-tan-sth-20-1.jpg","width":1200,"height":1200},{"@type":"BreadcrumbList","@id":"https:\/\/anphatco.123websitedev.com\/san-pham\/kich-con-doi-thuy-luc-20-tan-sunrun-sth-20b\/#breadcrumb","itemListElement":[{"@type":"ListItem","position":1,"name":"Trang ch\u1ee7","item":"https:\/\/anphatco.123websitedev.com\/"},{"@type":"ListItem","position":2,"name":"S\u1ea3n ph\u1ea9m","item":"https:\/\/anphatco.123websitedev.com\/san-pham\/"},{"@type":"ListItem","position":3,"name":"K\u00edch (Con \u0110\u1ed9i) Th\u1ee7y L\u1ef1c 20 T\u1ea5n Sunrun STH-20B"}]},{"@type":"WebSite","@id":"https:\/\/anphatco.123websitedev.com\/#website","url":"https:\/\/anphatco.123websitedev.com\/","name":"An Ph\u00e1t","description":"","publisher":{"@id":"https:\/\/anphatco.123websitedev.com\/#organization"},"potentialAction":[{"@type":"SearchAction","target":{"@type":"EntryPoint","urlTemplate":"https:\/\/anphatco.123websitedev.com\/?s={search_term_string}"},"query-input":{"@type":"PropertyValueSpecification","valueRequired":true,"valueName":"search_term_string"}}],"inLanguage":"en-US"},{"@type":"Organization","@id":"https:\/\/anphatco.123websitedev.com\/#organization","name":"An Ph\u00e1t","url":"https:\/\/anphatco.123websitedev.com\/","logo":{"@type":"ImageObject","inLanguage":"en-US","@id":"https:\/\/anphatco.123websitedev.com\/#\/schema\/logo\/image\/","url":"https:\/\/anphatco.123websitedev.com\/wp-content\/uploads\/2025\/12\/an-phat-logo.png","contentUrl":"https:\/\/anphatco.123websitedev.com\/wp-content\/uploads\/2025\/12\/an-phat-logo.png","width":74,"height":68,"caption":"An Ph\u00e1t"},"image":{"@id":"https:\/\/anphatco.123websitedev.com\/#\/schema\/logo\/image\/"}}]}},"_links":{"self":[{"href":"https:\/\/anphatco.123websitedev.com\/en\/wp-json\/wp\/v2\/product\/3283","targetHints":{"allow":["GET"]}}],"collection":[{"href":"https:\/\/anphatco.123websitedev.com\/en\/wp-json\/wp\/v2\/product"}],"about":[{"href":"https:\/\/anphatco.123websitedev.com\/en\/wp-json\/wp\/v2\/types\/product"}],"replies":[{"embeddable":true,"href":"https:\/\/anphatco.123websitedev.com\/en\/wp-json\/wp\/v2\/comments?post=3283"}],"wp:featuredmedia":[{"embeddable":true,"href":"https:\/\/anphatco.123websitedev.com\/en\/wp-json\/wp\/v2\/media\/3085"}],"wp:attachment":[{"href":"https:\/\/anphatco.123websitedev.com\/en\/wp-json\/wp\/v2\/media?parent=3283"}],"wp:term":[{"taxonomy":"product_brand","embeddable":true,"href":"https:\/\/anphatco.123websitedev.com\/en\/wp-json\/wp\/v2\/product_brand?post=3283"},{"taxonomy":"product_cat","embeddable":true,"href":"https:\/\/anphatco.123websitedev.com\/en\/wp-json\/wp\/v2\/product_cat?post=3283"},{"taxonomy":"product_tag","embeddable":true,"href":"https:\/\/anphatco.123websitedev.com\/en\/wp-json\/wp\/v2\/product_tag?post=3283"}],"curies":[{"name":"wp","href":"https:\/\/api.w.org\/{rel}","templated":true}]}}