{"id":3286,"date":"2026-02-10T11:16:52","date_gmt":"2026-02-10T04:16:52","guid":{"rendered":"https:\/\/anphatco.123websitedev.com\/san-pham\/kich-con-doi-hoi-20-tan-sunrun-st-20a\/"},"modified":"2026-02-12T16:46:04","modified_gmt":"2026-02-12T09:46:04","slug":"kich-con-doi-hoi-20-tan-sunrun-st-20a","status":"publish","type":"product","link":"https:\/\/anphatco.123websitedev.com\/en\/product\/kich-con-doi-hoi-20-tan-sunrun-st-20a\/","title":{"rendered":"Sunrun ST-20A 20-Ton Pneumatic Jack"},"content":{"rendered":"<p>A hydraulic jack (also known as a hydraulic lifting jack) is a common and simplest cylinder-operated lifting device used to raise machinery from a low position to a higher position.<\/p>\n<p>Advantages of the ST-20A\/B hydraulic jack<\/p>\n<p>The ST-20A\/B hydraulic jack is made from carbon steel using an automatic welding method for stable quality and high durability. The ST-20A\/B hydraulic jack is easy to use and move. With a load capacity of 20 tons, similar to the STH-20A\/B and QYL-20 jacks, it has a wide range of applications in various lifting\/jacking operations.<\/p>\n<p>\u2013 The cylinder must be made of alloy steel and chrome-plated.<\/p>\n<p>\u2013 Use a compressed air system to operate the jack.<\/p>\n<p>\u2013 Integrated hull design to suit all terrains.<\/p>\n<p>\u2013 The large self-returning spring allows the lifting arm to retract quickly and smoothly during use.<\/p>\n<p>\u2013 Absolutely safe with overload protection valve.<\/p>\n<p>\u2013 Particularly convenient with a full range of replacement parts.<\/p>","protected":false},"excerpt":{"rendered":"<p>Con \u0111\u1ed9i th\u1ee7y l\u1ef1c (hay c\u00f2n g\u1ecdi l\u00e0 k\u00edch m\u00f3c th\u1ee7y l\u1ef1c) l\u00e0 thi\u1ebft b\u1ecb n\u00e2ng h\u1ea1 s\u1eed d\u1ee5ng xi lanh ph\u1ed5 bi\u1ebfn \u2013 \u0111\u01a1n gi\u1ea3n nh\u1ea5t \u0111\u1ec3 k\u00edch n\u00e2ng m\u00e1y m\u00f3c t\u1eeb d\u01b0\u1edbi th\u1ea5p l\u00ean cao. \u01afu \u0111i\u1ec3m c\u1ee7a con \u0111\u1ed9i th\u1ee7y l\u1ef1c ST-20A\/B K\u00edch con \u0111\u1ed9i th\u1ee7y l\u1ef1c ST-20A\/B \u0111\u01b0\u1ee3c l\u00e0m t\u1eeb th\u00e9p [&hellip;]<\/p>","protected":false},"featured_media":3080,"comment_status":"closed","ping_status":"closed","template":"","meta":[],"product_brand":[123],"product_cat":[90,91],"product_tag":[],"class_list":{"0":"post-3286","1":"product","2":"type-product","3":"status-publish","4":"has-post-thumbnail","6":"product_brand-sunrun","7":"product_cat-may-moc-thiet-bi","8":"product_cat-kich","10":"first","11":"instock","12":"purchasable","13":"product-type-simple"},"acf":[],"ct_brands":[{"id":123,"name":"Sunrun","slug":"sunrun"}],"yoast_head":"<!-- This site is optimized with the Yoast SEO plugin v26.6 - https:\/\/yoast.com\/wordpress\/plugins\/seo\/ -->\n<title>K\u00edch (Con \u0110\u1ed9i) H\u01a1i 20 T\u1ea5n Sunrun ST-20A - An Ph\u00e1t<\/title>\n<meta name=\"robots\" content=\"noindex, follow, max-snippet:-1, max-image-preview:large, max-video-preview:-1\" \/>\n<meta property=\"og:locale\" content=\"en_US\" \/>\n<meta property=\"og:type\" content=\"article\" \/>\n<meta property=\"og:title\" content=\"K\u00edch (Con \u0110\u1ed9i) H\u01a1i 20 T\u1ea5n Sunrun ST-20A - An Ph\u00e1t\" \/>\n<meta property=\"og:description\" content=\"Con \u0111\u1ed9i th\u1ee7y l\u1ef1c (hay c\u00f2n g\u1ecdi l\u00e0 k\u00edch m\u00f3c th\u1ee7y l\u1ef1c) l\u00e0 thi\u1ebft b\u1ecb n\u00e2ng h\u1ea1 s\u1eed d\u1ee5ng xi lanh ph\u1ed5 bi\u1ebfn \u2013 \u0111\u01a1n gi\u1ea3n nh\u1ea5t \u0111\u1ec3 k\u00edch n\u00e2ng m\u00e1y m\u00f3c t\u1eeb d\u01b0\u1edbi th\u1ea5p l\u00ean cao. \u01afu \u0111i\u1ec3m c\u1ee7a con \u0111\u1ed9i th\u1ee7y l\u1ef1c ST-20A\/B K\u00edch con \u0111\u1ed9i th\u1ee7y l\u1ef1c ST-20A\/B \u0111\u01b0\u1ee3c l\u00e0m t\u1eeb th\u00e9p [&hellip;]\" \/>\n<meta property=\"og:url\" content=\"https:\/\/anphatco.123websitedev.com\/en\/product\/kich-con-doi-hoi-20-tan-sunrun-st-20a\/\" \/>\n<meta property=\"og:site_name\" content=\"An Ph\u00e1t\" \/>\n<meta property=\"article:modified_time\" content=\"2026-02-12T09:46:04+00:00\" \/>\n<meta property=\"og:image\" content=\"https:\/\/anphatco.123websitedev.com\/wp-content\/uploads\/2026\/02\/con-doi-hoi-20-tan-st-20a-b-1.jpg\" \/>\n\t<meta property=\"og:image:width\" content=\"1200\" \/>\n\t<meta property=\"og:image:height\" content=\"1200\" \/>\n\t<meta property=\"og:image:type\" content=\"image\/jpeg\" \/>\n<meta name=\"twitter:card\" content=\"summary_large_image\" \/>\n<meta name=\"twitter:label1\" content=\"Est. reading time\" \/>\n\t<meta name=\"twitter:data1\" content=\"2 minutes\" \/>\n<script type=\"application\/ld+json\" class=\"yoast-schema-graph\">{\"@context\":\"https:\/\/schema.org\",\"@graph\":[{\"@type\":\"WebPage\",\"@id\":\"https:\/\/anphatco.123websitedev.com\/san-pham\/kich-con-doi-hoi-20-tan-sunrun-st-20a\/\",\"url\":\"https:\/\/anphatco.123websitedev.com\/san-pham\/kich-con-doi-hoi-20-tan-sunrun-st-20a\/\",\"name\":\"K\u00edch (Con \u0110\u1ed9i) H\u01a1i 20 T\u1ea5n Sunrun ST-20A - An Ph\u00e1t\",\"isPartOf\":{\"@id\":\"https:\/\/anphatco.123websitedev.com\/#website\"},\"primaryImageOfPage\":{\"@id\":\"https:\/\/anphatco.123websitedev.com\/san-pham\/kich-con-doi-hoi-20-tan-sunrun-st-20a\/#primaryimage\"},\"image\":{\"@id\":\"https:\/\/anphatco.123websitedev.com\/san-pham\/kich-con-doi-hoi-20-tan-sunrun-st-20a\/#primaryimage\"},\"thumbnailUrl\":\"https:\/\/anphatco.123websitedev.com\/wp-content\/uploads\/2026\/02\/con-doi-hoi-20-tan-st-20a-b-1.jpg\",\"datePublished\":\"2026-02-10T04:16:52+00:00\",\"dateModified\":\"2026-02-12T09:46:04+00:00\",\"breadcrumb\":{\"@id\":\"https:\/\/anphatco.123websitedev.com\/san-pham\/kich-con-doi-hoi-20-tan-sunrun-st-20a\/#breadcrumb\"},\"inLanguage\":\"en-US\",\"potentialAction\":[{\"@type\":\"ReadAction\",\"target\":[\"https:\/\/anphatco.123websitedev.com\/san-pham\/kich-con-doi-hoi-20-tan-sunrun-st-20a\/\"]}]},{\"@type\":\"ImageObject\",\"inLanguage\":\"en-US\",\"@id\":\"https:\/\/anphatco.123websitedev.com\/san-pham\/kich-con-doi-hoi-20-tan-sunrun-st-20a\/#primaryimage\",\"url\":\"https:\/\/anphatco.123websitedev.com\/wp-content\/uploads\/2026\/02\/con-doi-hoi-20-tan-st-20a-b-1.jpg\",\"contentUrl\":\"https:\/\/anphatco.123websitedev.com\/wp-content\/uploads\/2026\/02\/con-doi-hoi-20-tan-st-20a-b-1.jpg\",\"width\":1200,\"height\":1200},{\"@type\":\"BreadcrumbList\",\"@id\":\"https:\/\/anphatco.123websitedev.com\/san-pham\/kich-con-doi-hoi-20-tan-sunrun-st-20a\/#breadcrumb\",\"itemListElement\":[{\"@type\":\"ListItem\",\"position\":1,\"name\":\"Trang ch\u1ee7\",\"item\":\"https:\/\/anphatco.123websitedev.com\/\"},{\"@type\":\"ListItem\",\"position\":2,\"name\":\"S\u1ea3n ph\u1ea9m\",\"item\":\"https:\/\/anphatco.123websitedev.com\/san-pham\/\"},{\"@type\":\"ListItem\",\"position\":3,\"name\":\"K\u00edch (Con \u0110\u1ed9i) H\u01a1i 20 T\u1ea5n Sunrun ST-20A\"}]},{\"@type\":\"WebSite\",\"@id\":\"https:\/\/anphatco.123websitedev.com\/#website\",\"url\":\"https:\/\/anphatco.123websitedev.com\/\",\"name\":\"An Ph\u00e1t\",\"description\":\"\",\"publisher\":{\"@id\":\"https:\/\/anphatco.123websitedev.com\/#organization\"},\"potentialAction\":[{\"@type\":\"SearchAction\",\"target\":{\"@type\":\"EntryPoint\",\"urlTemplate\":\"https:\/\/anphatco.123websitedev.com\/?s={search_term_string}\"},\"query-input\":{\"@type\":\"PropertyValueSpecification\",\"valueRequired\":true,\"valueName\":\"search_term_string\"}}],\"inLanguage\":\"en-US\"},{\"@type\":\"Organization\",\"@id\":\"https:\/\/anphatco.123websitedev.com\/#organization\",\"name\":\"An Ph\u00e1t\",\"url\":\"https:\/\/anphatco.123websitedev.com\/\",\"logo\":{\"@type\":\"ImageObject\",\"inLanguage\":\"en-US\",\"@id\":\"https:\/\/anphatco.123websitedev.com\/#\/schema\/logo\/image\/\",\"url\":\"https:\/\/anphatco.123websitedev.com\/wp-content\/uploads\/2025\/12\/an-phat-logo.png\",\"contentUrl\":\"https:\/\/anphatco.123websitedev.com\/wp-content\/uploads\/2025\/12\/an-phat-logo.png\",\"width\":74,\"height\":68,\"caption\":\"An Ph\u00e1t\"},\"image\":{\"@id\":\"https:\/\/anphatco.123websitedev.com\/#\/schema\/logo\/image\/\"}}]}<\/script>\n<!-- \/ Yoast SEO plugin. -->","yoast_head_json":{"title":"K\u00edch (Con \u0110\u1ed9i) H\u01a1i 20 T\u1ea5n Sunrun ST-20A - An Ph\u00e1t","robots":{"index":"noindex","follow":"follow","max-snippet":"max-snippet:-1","max-image-preview":"max-image-preview:large","max-video-preview":"max-video-preview:-1"},"og_locale":"en_US","og_type":"article","og_title":"K\u00edch (Con \u0110\u1ed9i) H\u01a1i 20 T\u1ea5n Sunrun ST-20A - An Ph\u00e1t","og_description":"Con \u0111\u1ed9i th\u1ee7y l\u1ef1c (hay c\u00f2n g\u1ecdi l\u00e0 k\u00edch m\u00f3c th\u1ee7y l\u1ef1c) l\u00e0 thi\u1ebft b\u1ecb n\u00e2ng h\u1ea1 s\u1eed d\u1ee5ng xi lanh ph\u1ed5 bi\u1ebfn \u2013 \u0111\u01a1n gi\u1ea3n nh\u1ea5t \u0111\u1ec3 k\u00edch n\u00e2ng m\u00e1y m\u00f3c t\u1eeb d\u01b0\u1edbi th\u1ea5p l\u00ean cao. \u01afu \u0111i\u1ec3m c\u1ee7a con \u0111\u1ed9i th\u1ee7y l\u1ef1c ST-20A\/B K\u00edch con \u0111\u1ed9i th\u1ee7y l\u1ef1c ST-20A\/B \u0111\u01b0\u1ee3c l\u00e0m t\u1eeb th\u00e9p [&hellip;]","og_url":"https:\/\/anphatco.123websitedev.com\/en\/product\/kich-con-doi-hoi-20-tan-sunrun-st-20a\/","og_site_name":"An Ph\u00e1t","article_modified_time":"2026-02-12T09:46:04+00:00","og_image":[{"width":1200,"height":1200,"url":"https:\/\/anphatco.123websitedev.com\/wp-content\/uploads\/2026\/02\/con-doi-hoi-20-tan-st-20a-b-1.jpg","type":"image\/jpeg"}],"twitter_card":"summary_large_image","twitter_misc":{"Est. reading time":"2 minutes"},"schema":{"@context":"https:\/\/schema.org","@graph":[{"@type":"WebPage","@id":"https:\/\/anphatco.123websitedev.com\/san-pham\/kich-con-doi-hoi-20-tan-sunrun-st-20a\/","url":"https:\/\/anphatco.123websitedev.com\/san-pham\/kich-con-doi-hoi-20-tan-sunrun-st-20a\/","name":"K\u00edch (Con \u0110\u1ed9i) H\u01a1i 20 T\u1ea5n Sunrun ST-20A - An Ph\u00e1t","isPartOf":{"@id":"https:\/\/anphatco.123websitedev.com\/#website"},"primaryImageOfPage":{"@id":"https:\/\/anphatco.123websitedev.com\/san-pham\/kich-con-doi-hoi-20-tan-sunrun-st-20a\/#primaryimage"},"image":{"@id":"https:\/\/anphatco.123websitedev.com\/san-pham\/kich-con-doi-hoi-20-tan-sunrun-st-20a\/#primaryimage"},"thumbnailUrl":"https:\/\/anphatco.123websitedev.com\/wp-content\/uploads\/2026\/02\/con-doi-hoi-20-tan-st-20a-b-1.jpg","datePublished":"2026-02-10T04:16:52+00:00","dateModified":"2026-02-12T09:46:04+00:00","breadcrumb":{"@id":"https:\/\/anphatco.123websitedev.com\/san-pham\/kich-con-doi-hoi-20-tan-sunrun-st-20a\/#breadcrumb"},"inLanguage":"en-US","potentialAction":[{"@type":"ReadAction","target":["https:\/\/anphatco.123websitedev.com\/san-pham\/kich-con-doi-hoi-20-tan-sunrun-st-20a\/"]}]},{"@type":"ImageObject","inLanguage":"en-US","@id":"https:\/\/anphatco.123websitedev.com\/san-pham\/kich-con-doi-hoi-20-tan-sunrun-st-20a\/#primaryimage","url":"https:\/\/anphatco.123websitedev.com\/wp-content\/uploads\/2026\/02\/con-doi-hoi-20-tan-st-20a-b-1.jpg","contentUrl":"https:\/\/anphatco.123websitedev.com\/wp-content\/uploads\/2026\/02\/con-doi-hoi-20-tan-st-20a-b-1.jpg","width":1200,"height":1200},{"@type":"BreadcrumbList","@id":"https:\/\/anphatco.123websitedev.com\/san-pham\/kich-con-doi-hoi-20-tan-sunrun-st-20a\/#breadcrumb","itemListElement":[{"@type":"ListItem","position":1,"name":"Trang ch\u1ee7","item":"https:\/\/anphatco.123websitedev.com\/"},{"@type":"ListItem","position":2,"name":"S\u1ea3n ph\u1ea9m","item":"https:\/\/anphatco.123websitedev.com\/san-pham\/"},{"@type":"ListItem","position":3,"name":"K\u00edch (Con \u0110\u1ed9i) H\u01a1i 20 T\u1ea5n Sunrun ST-20A"}]},{"@type":"WebSite","@id":"https:\/\/anphatco.123websitedev.com\/#website","url":"https:\/\/anphatco.123websitedev.com\/","name":"An Ph\u00e1t","description":"","publisher":{"@id":"https:\/\/anphatco.123websitedev.com\/#organization"},"potentialAction":[{"@type":"SearchAction","target":{"@type":"EntryPoint","urlTemplate":"https:\/\/anphatco.123websitedev.com\/?s={search_term_string}"},"query-input":{"@type":"PropertyValueSpecification","valueRequired":true,"valueName":"search_term_string"}}],"inLanguage":"en-US"},{"@type":"Organization","@id":"https:\/\/anphatco.123websitedev.com\/#organization","name":"An Ph\u00e1t","url":"https:\/\/anphatco.123websitedev.com\/","logo":{"@type":"ImageObject","inLanguage":"en-US","@id":"https:\/\/anphatco.123websitedev.com\/#\/schema\/logo\/image\/","url":"https:\/\/anphatco.123websitedev.com\/wp-content\/uploads\/2025\/12\/an-phat-logo.png","contentUrl":"https:\/\/anphatco.123websitedev.com\/wp-content\/uploads\/2025\/12\/an-phat-logo.png","width":74,"height":68,"caption":"An Ph\u00e1t"},"image":{"@id":"https:\/\/anphatco.123websitedev.com\/#\/schema\/logo\/image\/"}}]}},"_links":{"self":[{"href":"https:\/\/anphatco.123websitedev.com\/en\/wp-json\/wp\/v2\/product\/3286","targetHints":{"allow":["GET"]}}],"collection":[{"href":"https:\/\/anphatco.123websitedev.com\/en\/wp-json\/wp\/v2\/product"}],"about":[{"href":"https:\/\/anphatco.123websitedev.com\/en\/wp-json\/wp\/v2\/types\/product"}],"replies":[{"embeddable":true,"href":"https:\/\/anphatco.123websitedev.com\/en\/wp-json\/wp\/v2\/comments?post=3286"}],"wp:featuredmedia":[{"embeddable":true,"href":"https:\/\/anphatco.123websitedev.com\/en\/wp-json\/wp\/v2\/media\/3080"}],"wp:attachment":[{"href":"https:\/\/anphatco.123websitedev.com\/en\/wp-json\/wp\/v2\/media?parent=3286"}],"wp:term":[{"taxonomy":"product_brand","embeddable":true,"href":"https:\/\/anphatco.123websitedev.com\/en\/wp-json\/wp\/v2\/product_brand?post=3286"},{"taxonomy":"product_cat","embeddable":true,"href":"https:\/\/anphatco.123websitedev.com\/en\/wp-json\/wp\/v2\/product_cat?post=3286"},{"taxonomy":"product_tag","embeddable":true,"href":"https:\/\/anphatco.123websitedev.com\/en\/wp-json\/wp\/v2\/product_tag?post=3286"}],"curies":[{"name":"wp","href":"https:\/\/api.w.org\/{rel}","templated":true}]}}