{"id":3288,"date":"2026-02-10T11:16:52","date_gmt":"2026-02-10T04:16:52","guid":{"rendered":"https:\/\/anphatco.123websitedev.com\/san-pham\/kich-bong-hoi-sunrun-sa-3\/"},"modified":"2026-02-12T16:46:04","modified_gmt":"2026-02-12T09:46:04","slug":"kich-bong-hoi-sunrun-sa-3","status":"publish","type":"product","link":"https:\/\/anphatco.123websitedev.com\/en\/product\/kich-bong-hoi-sunrun-sa-3\/","title":{"rendered":"Sunrun SA-3 Air Inflator"},"content":{"rendered":"<p>M\u1ed9t s\u1ed1 \u01b0u \u0111i\u1ec3m c\u1ee7a k\u00edch b\u00f3ng h\u01a1i Sunrun SA-3:<\/p>\n<p>S\u1eed d\u1ee5ng ph\u00f9 h\u1ee3p trong c\u00e1c hi\u1ec7u l\u00e0m l\u1ed1p xe du l\u1ecbch v\u00e0 c\u00e1c gara xe con: Ph\u00f9 h\u1ee3p v\u1edbi nh\u1eefng lo\u1ea1i xe du l\u1ecbch, xe kh\u00e1ch d\u01b0\u1edbi 24 ch\u1ed7.<\/p>\n<p>&#8211; V\u1edbi thi\u1ebft k\u1ebf 3 b\u00f3ng gi\u00fap h\u00e0nh tr\u00ecnh l\u00ean xu\u1ed1ng \u0111\u01b0\u1ee3c nhanh h\u01a1n v\u00e0 r\u1ea5t \u00eam \u00e1i, kh\u00f4ng rung gi\u1eadt.<\/p>\n<p>&#8211; B\u00f3ng \u0111\u01b0\u1ee3c thi\u1ebft k\u1ebf b\u1eb1ng cao su \u0111\u1eb7c bi\u1ec7t gi\u00fap ch\u1ecbu t\u1ea3i t\u1ed1t v\u00e0 t\u0103ng \u0111\u1ed9 b\u1ec1n s\u1eed d\u1ee5ng<\/p>\n<p>&#8211; K\u00edch c\u00f3 thi\u1ebft k\u1ebf nh\u1ecf g\u1ecdn, d\u1ec5 d\u00e0ng di chuy\u1ec3n v\u00e0 thao t\u00e1c \u1edf nhi\u1ec1u \u0111i\u1ec1u ki\u1ec7n kh\u00e1c nhau.<\/p>\n<p>An Ph\u00e1t l\u00e0 nh\u00e0 cung c\u1ea5p ch\u00ednh h\u00e3ng c\u00e1c s\u1ea3n ph\u1ea9m k\u00edch qu\u1ea3 b\u00f3ng th\u01b0\u01a1ng hi\u1ec7u Sunrun \u2013 \u0110\u00e0i Loan. Th\u01b0\u01a1ng hi\u1ec7u v\u1ec1 c\u00e1c s\u1ea3n ph\u1ea9m n\u00e2ng h\u1ea1 h\u00e0ng \u0111\u1ea7u \u0110\u00e0i Loan. C\u00e1c s\u1ea3n ph\u1ea9m c\u1ee7a Sunrun c\u00f3 ch\u1ea5t l\u01b0\u1ee3ng t\u1ed1t, \u0111\u1ed9 b\u1ec1n cao, ho\u1ea1t \u0111\u1ed9ng \u1ed5n \u0111\u1ecbnh v\u00e0 ph\u00f9 h\u1ee3p v\u1edbi nhi\u1ec1u \u0111i\u1ec1u ki\u1ec7n c\u00f4ng vi\u1ec7c kh\u00e1c nhau.<\/p>","protected":false},"excerpt":{"rendered":"<p>M\u1ed9t s\u1ed1 \u01b0u \u0111i\u1ec3m c\u1ee7a k\u00edch b\u00f3ng h\u01a1i Sunrun SA-3: S\u1eed d\u1ee5ng ph\u00f9 h\u1ee3p trong c\u00e1c hi\u1ec7u l\u00e0m l\u1ed1p xe du l\u1ecbch v\u00e0 c\u00e1c gara xe con: Ph\u00f9 h\u1ee3p v\u1edbi nh\u1eefng lo\u1ea1i xe du l\u1ecbch, xe kh\u00e1ch d\u01b0\u1edbi 24 ch\u1ed7. &#8211; V\u1edbi thi\u1ebft k\u1ebf 3 b\u00f3ng gi\u00fap h\u00e0nh tr\u00ecnh l\u00ean xu\u1ed1ng \u0111\u01b0\u1ee3c nhanh h\u01a1n v\u00e0 [&hellip;]<\/p>","protected":false},"featured_media":3094,"comment_status":"closed","ping_status":"open","template":"","meta":[],"product_brand":[123],"product_cat":[90,91],"product_tag":[],"class_list":{"0":"post-3288","1":"product","2":"type-product","3":"status-publish","4":"has-post-thumbnail","6":"product_brand-sunrun","7":"product_cat-may-moc-thiet-bi","8":"product_cat-kich","10":"first","11":"instock","12":"purchasable","13":"product-type-simple"},"acf":[],"ct_brands":[{"id":123,"name":"Sunrun","slug":"sunrun"}],"yoast_head":"<!-- This site is optimized with the Yoast SEO plugin v26.6 - https:\/\/yoast.com\/wordpress\/plugins\/seo\/ -->\n<title>K\u00edch B\u00f3ng H\u01a1i Sunrun SA-3 - An Ph\u00e1t<\/title>\n<meta name=\"robots\" content=\"noindex, follow, max-snippet:-1, max-image-preview:large, max-video-preview:-1\" \/>\n<meta property=\"og:locale\" content=\"en_US\" \/>\n<meta property=\"og:type\" content=\"article\" \/>\n<meta property=\"og:title\" content=\"K\u00edch B\u00f3ng H\u01a1i Sunrun SA-3 - An Ph\u00e1t\" \/>\n<meta property=\"og:description\" content=\"M\u1ed9t s\u1ed1 \u01b0u \u0111i\u1ec3m c\u1ee7a k\u00edch b\u00f3ng h\u01a1i Sunrun SA-3: S\u1eed d\u1ee5ng ph\u00f9 h\u1ee3p trong c\u00e1c hi\u1ec7u l\u00e0m l\u1ed1p xe du l\u1ecbch v\u00e0 c\u00e1c gara xe con: Ph\u00f9 h\u1ee3p v\u1edbi nh\u1eefng lo\u1ea1i xe du l\u1ecbch, xe kh\u00e1ch d\u01b0\u1edbi 24 ch\u1ed7. &#8211; V\u1edbi thi\u1ebft k\u1ebf 3 b\u00f3ng gi\u00fap h\u00e0nh tr\u00ecnh l\u00ean xu\u1ed1ng \u0111\u01b0\u1ee3c nhanh h\u01a1n v\u00e0 [&hellip;]\" \/>\n<meta property=\"og:url\" content=\"https:\/\/anphatco.123websitedev.com\/en\/product\/kich-bong-hoi-sunrun-sa-3\/\" \/>\n<meta property=\"og:site_name\" content=\"An Ph\u00e1t\" \/>\n<meta property=\"article:modified_time\" content=\"2026-02-12T09:46:04+00:00\" \/>\n<meta property=\"og:image\" content=\"https:\/\/anphatco.123websitedev.com\/wp-content\/uploads\/2026\/02\/kich-bong-hoi-sa3-1.jpg\" \/>\n\t<meta property=\"og:image:width\" content=\"1200\" \/>\n\t<meta property=\"og:image:height\" content=\"1066\" \/>\n\t<meta property=\"og:image:type\" content=\"image\/jpeg\" \/>\n<meta name=\"twitter:card\" content=\"summary_large_image\" \/>\n<meta name=\"twitter:label1\" content=\"Est. reading time\" \/>\n\t<meta name=\"twitter:data1\" content=\"1 minute\" \/>\n<script type=\"application\/ld+json\" class=\"yoast-schema-graph\">{\"@context\":\"https:\/\/schema.org\",\"@graph\":[{\"@type\":\"WebPage\",\"@id\":\"https:\/\/anphatco.123websitedev.com\/san-pham\/kich-bong-hoi-sunrun-sa-3\/\",\"url\":\"https:\/\/anphatco.123websitedev.com\/san-pham\/kich-bong-hoi-sunrun-sa-3\/\",\"name\":\"K\u00edch B\u00f3ng H\u01a1i Sunrun SA-3 - An Ph\u00e1t\",\"isPartOf\":{\"@id\":\"https:\/\/anphatco.123websitedev.com\/#website\"},\"primaryImageOfPage\":{\"@id\":\"https:\/\/anphatco.123websitedev.com\/san-pham\/kich-bong-hoi-sunrun-sa-3\/#primaryimage\"},\"image\":{\"@id\":\"https:\/\/anphatco.123websitedev.com\/san-pham\/kich-bong-hoi-sunrun-sa-3\/#primaryimage\"},\"thumbnailUrl\":\"https:\/\/anphatco.123websitedev.com\/wp-content\/uploads\/2026\/02\/kich-bong-hoi-sa3-1.jpg\",\"datePublished\":\"2026-02-10T04:16:52+00:00\",\"dateModified\":\"2026-02-12T09:46:04+00:00\",\"breadcrumb\":{\"@id\":\"https:\/\/anphatco.123websitedev.com\/san-pham\/kich-bong-hoi-sunrun-sa-3\/#breadcrumb\"},\"inLanguage\":\"en-US\",\"potentialAction\":[{\"@type\":\"ReadAction\",\"target\":[\"https:\/\/anphatco.123websitedev.com\/san-pham\/kich-bong-hoi-sunrun-sa-3\/\"]}]},{\"@type\":\"ImageObject\",\"inLanguage\":\"en-US\",\"@id\":\"https:\/\/anphatco.123websitedev.com\/san-pham\/kich-bong-hoi-sunrun-sa-3\/#primaryimage\",\"url\":\"https:\/\/anphatco.123websitedev.com\/wp-content\/uploads\/2026\/02\/kich-bong-hoi-sa3-1.jpg\",\"contentUrl\":\"https:\/\/anphatco.123websitedev.com\/wp-content\/uploads\/2026\/02\/kich-bong-hoi-sa3-1.jpg\",\"width\":1200,\"height\":1066},{\"@type\":\"BreadcrumbList\",\"@id\":\"https:\/\/anphatco.123websitedev.com\/san-pham\/kich-bong-hoi-sunrun-sa-3\/#breadcrumb\",\"itemListElement\":[{\"@type\":\"ListItem\",\"position\":1,\"name\":\"Trang ch\u1ee7\",\"item\":\"https:\/\/anphatco.123websitedev.com\/\"},{\"@type\":\"ListItem\",\"position\":2,\"name\":\"S\u1ea3n ph\u1ea9m\",\"item\":\"https:\/\/anphatco.123websitedev.com\/san-pham\/\"},{\"@type\":\"ListItem\",\"position\":3,\"name\":\"K\u00edch B\u00f3ng H\u01a1i Sunrun SA-3\"}]},{\"@type\":\"WebSite\",\"@id\":\"https:\/\/anphatco.123websitedev.com\/#website\",\"url\":\"https:\/\/anphatco.123websitedev.com\/\",\"name\":\"An Ph\u00e1t\",\"description\":\"\",\"publisher\":{\"@id\":\"https:\/\/anphatco.123websitedev.com\/#organization\"},\"potentialAction\":[{\"@type\":\"SearchAction\",\"target\":{\"@type\":\"EntryPoint\",\"urlTemplate\":\"https:\/\/anphatco.123websitedev.com\/?s={search_term_string}\"},\"query-input\":{\"@type\":\"PropertyValueSpecification\",\"valueRequired\":true,\"valueName\":\"search_term_string\"}}],\"inLanguage\":\"en-US\"},{\"@type\":\"Organization\",\"@id\":\"https:\/\/anphatco.123websitedev.com\/#organization\",\"name\":\"An Ph\u00e1t\",\"url\":\"https:\/\/anphatco.123websitedev.com\/\",\"logo\":{\"@type\":\"ImageObject\",\"inLanguage\":\"en-US\",\"@id\":\"https:\/\/anphatco.123websitedev.com\/#\/schema\/logo\/image\/\",\"url\":\"https:\/\/anphatco.123websitedev.com\/wp-content\/uploads\/2025\/12\/an-phat-logo.png\",\"contentUrl\":\"https:\/\/anphatco.123websitedev.com\/wp-content\/uploads\/2025\/12\/an-phat-logo.png\",\"width\":74,\"height\":68,\"caption\":\"An Ph\u00e1t\"},\"image\":{\"@id\":\"https:\/\/anphatco.123websitedev.com\/#\/schema\/logo\/image\/\"}}]}<\/script>\n<!-- \/ Yoast SEO plugin. -->","yoast_head_json":{"title":"K\u00edch B\u00f3ng H\u01a1i Sunrun SA-3 - An Ph\u00e1t","robots":{"index":"noindex","follow":"follow","max-snippet":"max-snippet:-1","max-image-preview":"max-image-preview:large","max-video-preview":"max-video-preview:-1"},"og_locale":"en_US","og_type":"article","og_title":"K\u00edch B\u00f3ng H\u01a1i Sunrun SA-3 - An Ph\u00e1t","og_description":"M\u1ed9t s\u1ed1 \u01b0u \u0111i\u1ec3m c\u1ee7a k\u00edch b\u00f3ng h\u01a1i Sunrun SA-3: S\u1eed d\u1ee5ng ph\u00f9 h\u1ee3p trong c\u00e1c hi\u1ec7u l\u00e0m l\u1ed1p xe du l\u1ecbch v\u00e0 c\u00e1c gara xe con: Ph\u00f9 h\u1ee3p v\u1edbi nh\u1eefng lo\u1ea1i xe du l\u1ecbch, xe kh\u00e1ch d\u01b0\u1edbi 24 ch\u1ed7. &#8211; V\u1edbi thi\u1ebft k\u1ebf 3 b\u00f3ng gi\u00fap h\u00e0nh tr\u00ecnh l\u00ean xu\u1ed1ng \u0111\u01b0\u1ee3c nhanh h\u01a1n v\u00e0 [&hellip;]","og_url":"https:\/\/anphatco.123websitedev.com\/en\/product\/kich-bong-hoi-sunrun-sa-3\/","og_site_name":"An Ph\u00e1t","article_modified_time":"2026-02-12T09:46:04+00:00","og_image":[{"width":1200,"height":1066,"url":"https:\/\/anphatco.123websitedev.com\/wp-content\/uploads\/2026\/02\/kich-bong-hoi-sa3-1.jpg","type":"image\/jpeg"}],"twitter_card":"summary_large_image","twitter_misc":{"Est. reading time":"1 minute"},"schema":{"@context":"https:\/\/schema.org","@graph":[{"@type":"WebPage","@id":"https:\/\/anphatco.123websitedev.com\/san-pham\/kich-bong-hoi-sunrun-sa-3\/","url":"https:\/\/anphatco.123websitedev.com\/san-pham\/kich-bong-hoi-sunrun-sa-3\/","name":"K\u00edch B\u00f3ng H\u01a1i Sunrun SA-3 - An Ph\u00e1t","isPartOf":{"@id":"https:\/\/anphatco.123websitedev.com\/#website"},"primaryImageOfPage":{"@id":"https:\/\/anphatco.123websitedev.com\/san-pham\/kich-bong-hoi-sunrun-sa-3\/#primaryimage"},"image":{"@id":"https:\/\/anphatco.123websitedev.com\/san-pham\/kich-bong-hoi-sunrun-sa-3\/#primaryimage"},"thumbnailUrl":"https:\/\/anphatco.123websitedev.com\/wp-content\/uploads\/2026\/02\/kich-bong-hoi-sa3-1.jpg","datePublished":"2026-02-10T04:16:52+00:00","dateModified":"2026-02-12T09:46:04+00:00","breadcrumb":{"@id":"https:\/\/anphatco.123websitedev.com\/san-pham\/kich-bong-hoi-sunrun-sa-3\/#breadcrumb"},"inLanguage":"en-US","potentialAction":[{"@type":"ReadAction","target":["https:\/\/anphatco.123websitedev.com\/san-pham\/kich-bong-hoi-sunrun-sa-3\/"]}]},{"@type":"ImageObject","inLanguage":"en-US","@id":"https:\/\/anphatco.123websitedev.com\/san-pham\/kich-bong-hoi-sunrun-sa-3\/#primaryimage","url":"https:\/\/anphatco.123websitedev.com\/wp-content\/uploads\/2026\/02\/kich-bong-hoi-sa3-1.jpg","contentUrl":"https:\/\/anphatco.123websitedev.com\/wp-content\/uploads\/2026\/02\/kich-bong-hoi-sa3-1.jpg","width":1200,"height":1066},{"@type":"BreadcrumbList","@id":"https:\/\/anphatco.123websitedev.com\/san-pham\/kich-bong-hoi-sunrun-sa-3\/#breadcrumb","itemListElement":[{"@type":"ListItem","position":1,"name":"Trang ch\u1ee7","item":"https:\/\/anphatco.123websitedev.com\/"},{"@type":"ListItem","position":2,"name":"S\u1ea3n ph\u1ea9m","item":"https:\/\/anphatco.123websitedev.com\/san-pham\/"},{"@type":"ListItem","position":3,"name":"K\u00edch B\u00f3ng H\u01a1i Sunrun SA-3"}]},{"@type":"WebSite","@id":"https:\/\/anphatco.123websitedev.com\/#website","url":"https:\/\/anphatco.123websitedev.com\/","name":"An Ph\u00e1t","description":"","publisher":{"@id":"https:\/\/anphatco.123websitedev.com\/#organization"},"potentialAction":[{"@type":"SearchAction","target":{"@type":"EntryPoint","urlTemplate":"https:\/\/anphatco.123websitedev.com\/?s={search_term_string}"},"query-input":{"@type":"PropertyValueSpecification","valueRequired":true,"valueName":"search_term_string"}}],"inLanguage":"en-US"},{"@type":"Organization","@id":"https:\/\/anphatco.123websitedev.com\/#organization","name":"An Ph\u00e1t","url":"https:\/\/anphatco.123websitedev.com\/","logo":{"@type":"ImageObject","inLanguage":"en-US","@id":"https:\/\/anphatco.123websitedev.com\/#\/schema\/logo\/image\/","url":"https:\/\/anphatco.123websitedev.com\/wp-content\/uploads\/2025\/12\/an-phat-logo.png","contentUrl":"https:\/\/anphatco.123websitedev.com\/wp-content\/uploads\/2025\/12\/an-phat-logo.png","width":74,"height":68,"caption":"An Ph\u00e1t"},"image":{"@id":"https:\/\/anphatco.123websitedev.com\/#\/schema\/logo\/image\/"}}]}},"_links":{"self":[{"href":"https:\/\/anphatco.123websitedev.com\/en\/wp-json\/wp\/v2\/product\/3288","targetHints":{"allow":["GET"]}}],"collection":[{"href":"https:\/\/anphatco.123websitedev.com\/en\/wp-json\/wp\/v2\/product"}],"about":[{"href":"https:\/\/anphatco.123websitedev.com\/en\/wp-json\/wp\/v2\/types\/product"}],"replies":[{"embeddable":true,"href":"https:\/\/anphatco.123websitedev.com\/en\/wp-json\/wp\/v2\/comments?post=3288"}],"wp:featuredmedia":[{"embeddable":true,"href":"https:\/\/anphatco.123websitedev.com\/en\/wp-json\/wp\/v2\/media\/3094"}],"wp:attachment":[{"href":"https:\/\/anphatco.123websitedev.com\/en\/wp-json\/wp\/v2\/media?parent=3288"}],"wp:term":[{"taxonomy":"product_brand","embeddable":true,"href":"https:\/\/anphatco.123websitedev.com\/en\/wp-json\/wp\/v2\/product_brand?post=3288"},{"taxonomy":"product_cat","embeddable":true,"href":"https:\/\/anphatco.123websitedev.com\/en\/wp-json\/wp\/v2\/product_cat?post=3288"},{"taxonomy":"product_tag","embeddable":true,"href":"https:\/\/anphatco.123websitedev.com\/en\/wp-json\/wp\/v2\/product_tag?post=3288"}],"curies":[{"name":"wp","href":"https:\/\/api.w.org\/{rel}","templated":true}]}}