{"id":3290,"date":"2026-02-10T11:16:52","date_gmt":"2026-02-10T04:16:52","guid":{"rendered":"https:\/\/anphatco.123websitedev.com\/san-pham\/kich-hoi-thuy-luc-banh-xe-80-tan-tora-tr-80t2t\/"},"modified":"2026-02-12T16:46:04","modified_gmt":"2026-02-12T09:46:04","slug":"kich-hoi-thuy-luc-banh-xe-80-tan-tora-tr-80t2t","status":"publish","type":"product","link":"https:\/\/anphatco.123websitedev.com\/en\/product\/kich-hoi-thuy-luc-banh-xe-80-tan-tora-tr-80t2t\/","title":{"rendered":"Tora TR-80T2T 80-Ton Hydraulic Wheel Jack"},"content":{"rendered":"<p>K\u00edch th\u1ee7y l\u1ef1c b\u00e1nh xe th\u01b0\u01a1ng hi\u1ec7u Tora \u2013 Trung Qu\u1ed1c l\u00e0 lo\u1ea1i k\u00edch th\u1ee7y l\u1ef1c b\u00e1nh xe ch\u1ea5t l\u01b0\u1ee3ng cao chuy\u00ean d\u00e0nh cho c\u00e1c d\u00f2ng xe c\u00f3 t\u1ea3i tr\u1ecdng l\u1edbn v\u00e0 xe kh\u00e1ch. S\u1ea3n ph\u1ea9m \u0111\u1eb7c bi\u1ec7t an to\u00e0n, ti\u1ebft ki\u1ec7m th\u1eddi gian, gi\u1ea3i ph\u00f3ng s\u1ee9c lao \u0111\u1ed9ng n\u00e2ng cao hi\u1ec7u qu\u1ea3 l\u00e0m vi\u1ec7c cho ng\u01b0\u1eddi lao \u0111\u1ed9ng.<\/p>\n<p>1. \u01afu \u0111i\u1ec3m n\u1ed5i b\u1eadt c\u1ee7a k\u00edch th\u1ee7y l\u1ef1c b\u00e1nh xe Tora<\/p>\n<p>&#8211; S\u1ea3n xu\u1ea5t tr\u00ean d\u00e2y chuy\u1ec1n c\u00f4ng ngh\u1ec7 cao c\u1ee7a Nh\u1eadt B\u1ea3n.<\/p>\n<p>&#8211; K\u1ebft c\u1ea5u V\u1ecf &#8211; \u0111\u1ebf d\u00e0y d\u1eb7n r\u1ea5t ch\u1eafc ch\u1eafn, an to\u00e0n.<\/p>\n<p>&#8211; B\u00e1nh xe b\u1eb1ng v\u1eadt li\u1ec7u nh\u00f4m \u0111\u00fac di chuy\u1ec3n d\u1ec5 d\u00e0ng, b\u1ec1n b\u1ec9<\/p>\n<p>&#8211; B\u1ed9 ph\u1eadn t\u00e1ch n\u01b0\u1edbc- x\u1eed l\u00fd kh\u00ed n\u00e9n c\u00f9ng van \u0111i\u1ec1u khi\u1ec3n \u0111\u01b0\u1ee3c c\u1ea3i ti\u1ebfn gi\u00fap t\u0103ng \u0111\u1ed9 b\u1ec1n sp.<\/p>\n<p>&#8211; B\u1ea7u h\u01a1i \u0111\u01b0\u1ee3c thi\u1ebft k\u1ebf \u00eam h\u01a1n v\u1edbi BP gi\u1ea3m thanh v\u00e0 ti\u1ebft ki\u1ec7m kh\u00ed n\u00e9n.<\/p>\n<p>2. M\u1ed9t s\u1ed1 l\u01b0u \u00fd tr\u01b0\u1edbc khi v\u1eadn h\u00e0nh c\u00f4ng vi\u1ec7c v\u1edbi k\u00edch th\u1ee7y l\u1ef1c<\/p>\n<p>1. \u0110i\u1ec1u ch\u1ec9nh \u00e1p l\u1ef1c kh\u00ed n\u00e9n ph\u00f9 h\u1ee3p ( 8-10kg\/cm2)<\/p>\n<p>2. S\u1eed d\u1ee5ng d\u00e2y d\u1eabn kh\u00ed n\u00e9n ph\u00f9 h\u1ee3p v\u1edbi ti\u00eau chu\u1ea9n. (8mm-9,5mm)<\/p>\n<p>3. Ch\u1ecdn k\u00edch (\u0111\u1ed9i) c\u00f3 c\u00f4ng su\u1ea5t ph\u00f9 h\u1ee3p v\u1edbi t\u1ea3i tr\u1ecdng c\u1ea7n n\u00e2ng.<\/p>\n<p>4. Ch\u00e2m d\u1ea7u 10 (SOVG-10) tr\u01b0\u1edbc khi s\u1eed d\u1ee5ng.<\/p>\n<p>5. M\u00f4i tr\u01b0\u1eddng l\u00e0m vi\u1ec7c: H\u1ea1n ch\u1ebf c\u00e1t b\u1ee5i, b\u1ec1 m\u1eb7t ph\u1ea3i b\u1eb1ng ph\u1eb3ng.<\/p>","protected":false},"excerpt":{"rendered":"<p>K\u00edch th\u1ee7y l\u1ef1c b\u00e1nh xe th\u01b0\u01a1ng hi\u1ec7u Tora \u2013 Trung Qu\u1ed1c l\u00e0 lo\u1ea1i k\u00edch th\u1ee7y l\u1ef1c b\u00e1nh xe ch\u1ea5t l\u01b0\u1ee3ng cao chuy\u00ean d\u00e0nh cho c\u00e1c d\u00f2ng xe c\u00f3 t\u1ea3i tr\u1ecdng l\u1edbn v\u00e0 xe kh\u00e1ch. S\u1ea3n ph\u1ea9m \u0111\u1eb7c bi\u1ec7t an to\u00e0n, ti\u1ebft ki\u1ec7m th\u1eddi gian, gi\u1ea3i ph\u00f3ng s\u1ee9c lao \u0111\u1ed9ng n\u00e2ng cao hi\u1ec7u qu\u1ea3 l\u00e0m vi\u1ec7c [&hellip;]<\/p>","protected":false},"featured_media":3105,"comment_status":"closed","ping_status":"open","template":"","meta":[],"product_brand":[139],"product_cat":[90,91],"product_tag":[],"class_list":{"0":"post-3290","1":"product","2":"type-product","3":"status-publish","4":"has-post-thumbnail","6":"product_brand-tora","7":"product_cat-may-moc-thiet-bi","8":"product_cat-kich","10":"first","11":"instock","12":"purchasable","13":"product-type-simple"},"acf":[],"ct_brands":[{"id":139,"name":"Tora","slug":"tora"}],"yoast_head":"<!-- This site is optimized with the Yoast SEO plugin v26.6 - https:\/\/yoast.com\/wordpress\/plugins\/seo\/ -->\n<title>K\u00edch H\u01a1i Th\u1ee7y L\u1ef1c B\u00e1nh Xe 80 T\u1ea5n Tora TR-80T2T - An Ph\u00e1t<\/title>\n<meta name=\"robots\" content=\"noindex, follow, max-snippet:-1, max-image-preview:large, max-video-preview:-1\" \/>\n<meta property=\"og:locale\" content=\"en_US\" \/>\n<meta property=\"og:type\" content=\"article\" \/>\n<meta property=\"og:title\" content=\"K\u00edch H\u01a1i Th\u1ee7y L\u1ef1c B\u00e1nh Xe 80 T\u1ea5n Tora TR-80T2T - An Ph\u00e1t\" \/>\n<meta property=\"og:description\" content=\"K\u00edch th\u1ee7y l\u1ef1c b\u00e1nh xe th\u01b0\u01a1ng hi\u1ec7u Tora \u2013 Trung Qu\u1ed1c l\u00e0 lo\u1ea1i k\u00edch th\u1ee7y l\u1ef1c b\u00e1nh xe ch\u1ea5t l\u01b0\u1ee3ng cao chuy\u00ean d\u00e0nh cho c\u00e1c d\u00f2ng xe c\u00f3 t\u1ea3i tr\u1ecdng l\u1edbn v\u00e0 xe kh\u00e1ch. S\u1ea3n ph\u1ea9m \u0111\u1eb7c bi\u1ec7t an to\u00e0n, ti\u1ebft ki\u1ec7m th\u1eddi gian, gi\u1ea3i ph\u00f3ng s\u1ee9c lao \u0111\u1ed9ng n\u00e2ng cao hi\u1ec7u qu\u1ea3 l\u00e0m vi\u1ec7c [&hellip;]\" \/>\n<meta property=\"og:url\" content=\"https:\/\/anphatco.123websitedev.com\/en\/product\/kich-hoi-thuy-luc-banh-xe-80-tan-tora-tr-80t2t\/\" \/>\n<meta property=\"og:site_name\" content=\"An Ph\u00e1t\" \/>\n<meta property=\"article:modified_time\" content=\"2026-02-12T09:46:04+00:00\" \/>\n<meta property=\"og:image\" content=\"https:\/\/anphatco.123websitedev.com\/wp-content\/uploads\/2026\/02\/kich-tora-2.jpg\" \/>\n\t<meta property=\"og:image:width\" content=\"1200\" \/>\n\t<meta property=\"og:image:height\" content=\"1200\" \/>\n\t<meta property=\"og:image:type\" content=\"image\/jpeg\" \/>\n<meta name=\"twitter:card\" content=\"summary_large_image\" \/>\n<meta name=\"twitter:label1\" content=\"Est. reading time\" \/>\n\t<meta name=\"twitter:data1\" content=\"2 minutes\" \/>\n<script type=\"application\/ld+json\" class=\"yoast-schema-graph\">{\"@context\":\"https:\/\/schema.org\",\"@graph\":[{\"@type\":\"WebPage\",\"@id\":\"https:\/\/anphatco.123websitedev.com\/san-pham\/kich-hoi-thuy-luc-banh-xe-80-tan-tora-tr-80t2t\/\",\"url\":\"https:\/\/anphatco.123websitedev.com\/san-pham\/kich-hoi-thuy-luc-banh-xe-80-tan-tora-tr-80t2t\/\",\"name\":\"K\u00edch H\u01a1i Th\u1ee7y L\u1ef1c B\u00e1nh Xe 80 T\u1ea5n Tora TR-80T2T - An Ph\u00e1t\",\"isPartOf\":{\"@id\":\"https:\/\/anphatco.123websitedev.com\/#website\"},\"primaryImageOfPage\":{\"@id\":\"https:\/\/anphatco.123websitedev.com\/san-pham\/kich-hoi-thuy-luc-banh-xe-80-tan-tora-tr-80t2t\/#primaryimage\"},\"image\":{\"@id\":\"https:\/\/anphatco.123websitedev.com\/san-pham\/kich-hoi-thuy-luc-banh-xe-80-tan-tora-tr-80t2t\/#primaryimage\"},\"thumbnailUrl\":\"https:\/\/anphatco.123websitedev.com\/wp-content\/uploads\/2026\/02\/kich-tora-2.jpg\",\"datePublished\":\"2026-02-10T04:16:52+00:00\",\"dateModified\":\"2026-02-12T09:46:04+00:00\",\"breadcrumb\":{\"@id\":\"https:\/\/anphatco.123websitedev.com\/san-pham\/kich-hoi-thuy-luc-banh-xe-80-tan-tora-tr-80t2t\/#breadcrumb\"},\"inLanguage\":\"en-US\",\"potentialAction\":[{\"@type\":\"ReadAction\",\"target\":[\"https:\/\/anphatco.123websitedev.com\/san-pham\/kich-hoi-thuy-luc-banh-xe-80-tan-tora-tr-80t2t\/\"]}]},{\"@type\":\"ImageObject\",\"inLanguage\":\"en-US\",\"@id\":\"https:\/\/anphatco.123websitedev.com\/san-pham\/kich-hoi-thuy-luc-banh-xe-80-tan-tora-tr-80t2t\/#primaryimage\",\"url\":\"https:\/\/anphatco.123websitedev.com\/wp-content\/uploads\/2026\/02\/kich-tora-2.jpg\",\"contentUrl\":\"https:\/\/anphatco.123websitedev.com\/wp-content\/uploads\/2026\/02\/kich-tora-2.jpg\",\"width\":1200,\"height\":1200},{\"@type\":\"BreadcrumbList\",\"@id\":\"https:\/\/anphatco.123websitedev.com\/san-pham\/kich-hoi-thuy-luc-banh-xe-80-tan-tora-tr-80t2t\/#breadcrumb\",\"itemListElement\":[{\"@type\":\"ListItem\",\"position\":1,\"name\":\"Trang ch\u1ee7\",\"item\":\"https:\/\/anphatco.123websitedev.com\/\"},{\"@type\":\"ListItem\",\"position\":2,\"name\":\"S\u1ea3n ph\u1ea9m\",\"item\":\"https:\/\/anphatco.123websitedev.com\/san-pham\/\"},{\"@type\":\"ListItem\",\"position\":3,\"name\":\"K\u00edch H\u01a1i Th\u1ee7y L\u1ef1c B\u00e1nh Xe 80 T\u1ea5n Tora TR-80T2T\"}]},{\"@type\":\"WebSite\",\"@id\":\"https:\/\/anphatco.123websitedev.com\/#website\",\"url\":\"https:\/\/anphatco.123websitedev.com\/\",\"name\":\"An Ph\u00e1t\",\"description\":\"\",\"publisher\":{\"@id\":\"https:\/\/anphatco.123websitedev.com\/#organization\"},\"potentialAction\":[{\"@type\":\"SearchAction\",\"target\":{\"@type\":\"EntryPoint\",\"urlTemplate\":\"https:\/\/anphatco.123websitedev.com\/?s={search_term_string}\"},\"query-input\":{\"@type\":\"PropertyValueSpecification\",\"valueRequired\":true,\"valueName\":\"search_term_string\"}}],\"inLanguage\":\"en-US\"},{\"@type\":\"Organization\",\"@id\":\"https:\/\/anphatco.123websitedev.com\/#organization\",\"name\":\"An Ph\u00e1t\",\"url\":\"https:\/\/anphatco.123websitedev.com\/\",\"logo\":{\"@type\":\"ImageObject\",\"inLanguage\":\"en-US\",\"@id\":\"https:\/\/anphatco.123websitedev.com\/#\/schema\/logo\/image\/\",\"url\":\"https:\/\/anphatco.123websitedev.com\/wp-content\/uploads\/2025\/12\/an-phat-logo.png\",\"contentUrl\":\"https:\/\/anphatco.123websitedev.com\/wp-content\/uploads\/2025\/12\/an-phat-logo.png\",\"width\":74,\"height\":68,\"caption\":\"An Ph\u00e1t\"},\"image\":{\"@id\":\"https:\/\/anphatco.123websitedev.com\/#\/schema\/logo\/image\/\"}}]}<\/script>\n<!-- \/ Yoast SEO plugin. -->","yoast_head_json":{"title":"K\u00edch H\u01a1i Th\u1ee7y L\u1ef1c B\u00e1nh Xe 80 T\u1ea5n Tora TR-80T2T - An Ph\u00e1t","robots":{"index":"noindex","follow":"follow","max-snippet":"max-snippet:-1","max-image-preview":"max-image-preview:large","max-video-preview":"max-video-preview:-1"},"og_locale":"en_US","og_type":"article","og_title":"K\u00edch H\u01a1i Th\u1ee7y L\u1ef1c B\u00e1nh Xe 80 T\u1ea5n Tora TR-80T2T - An Ph\u00e1t","og_description":"K\u00edch th\u1ee7y l\u1ef1c b\u00e1nh xe th\u01b0\u01a1ng hi\u1ec7u Tora \u2013 Trung Qu\u1ed1c l\u00e0 lo\u1ea1i k\u00edch th\u1ee7y l\u1ef1c b\u00e1nh xe ch\u1ea5t l\u01b0\u1ee3ng cao chuy\u00ean d\u00e0nh cho c\u00e1c d\u00f2ng xe c\u00f3 t\u1ea3i tr\u1ecdng l\u1edbn v\u00e0 xe kh\u00e1ch. S\u1ea3n ph\u1ea9m \u0111\u1eb7c bi\u1ec7t an to\u00e0n, ti\u1ebft ki\u1ec7m th\u1eddi gian, gi\u1ea3i ph\u00f3ng s\u1ee9c lao \u0111\u1ed9ng n\u00e2ng cao hi\u1ec7u qu\u1ea3 l\u00e0m vi\u1ec7c [&hellip;]","og_url":"https:\/\/anphatco.123websitedev.com\/en\/product\/kich-hoi-thuy-luc-banh-xe-80-tan-tora-tr-80t2t\/","og_site_name":"An Ph\u00e1t","article_modified_time":"2026-02-12T09:46:04+00:00","og_image":[{"width":1200,"height":1200,"url":"https:\/\/anphatco.123websitedev.com\/wp-content\/uploads\/2026\/02\/kich-tora-2.jpg","type":"image\/jpeg"}],"twitter_card":"summary_large_image","twitter_misc":{"Est. reading time":"2 minutes"},"schema":{"@context":"https:\/\/schema.org","@graph":[{"@type":"WebPage","@id":"https:\/\/anphatco.123websitedev.com\/san-pham\/kich-hoi-thuy-luc-banh-xe-80-tan-tora-tr-80t2t\/","url":"https:\/\/anphatco.123websitedev.com\/san-pham\/kich-hoi-thuy-luc-banh-xe-80-tan-tora-tr-80t2t\/","name":"K\u00edch H\u01a1i Th\u1ee7y L\u1ef1c B\u00e1nh Xe 80 T\u1ea5n Tora TR-80T2T - An Ph\u00e1t","isPartOf":{"@id":"https:\/\/anphatco.123websitedev.com\/#website"},"primaryImageOfPage":{"@id":"https:\/\/anphatco.123websitedev.com\/san-pham\/kich-hoi-thuy-luc-banh-xe-80-tan-tora-tr-80t2t\/#primaryimage"},"image":{"@id":"https:\/\/anphatco.123websitedev.com\/san-pham\/kich-hoi-thuy-luc-banh-xe-80-tan-tora-tr-80t2t\/#primaryimage"},"thumbnailUrl":"https:\/\/anphatco.123websitedev.com\/wp-content\/uploads\/2026\/02\/kich-tora-2.jpg","datePublished":"2026-02-10T04:16:52+00:00","dateModified":"2026-02-12T09:46:04+00:00","breadcrumb":{"@id":"https:\/\/anphatco.123websitedev.com\/san-pham\/kich-hoi-thuy-luc-banh-xe-80-tan-tora-tr-80t2t\/#breadcrumb"},"inLanguage":"en-US","potentialAction":[{"@type":"ReadAction","target":["https:\/\/anphatco.123websitedev.com\/san-pham\/kich-hoi-thuy-luc-banh-xe-80-tan-tora-tr-80t2t\/"]}]},{"@type":"ImageObject","inLanguage":"en-US","@id":"https:\/\/anphatco.123websitedev.com\/san-pham\/kich-hoi-thuy-luc-banh-xe-80-tan-tora-tr-80t2t\/#primaryimage","url":"https:\/\/anphatco.123websitedev.com\/wp-content\/uploads\/2026\/02\/kich-tora-2.jpg","contentUrl":"https:\/\/anphatco.123websitedev.com\/wp-content\/uploads\/2026\/02\/kich-tora-2.jpg","width":1200,"height":1200},{"@type":"BreadcrumbList","@id":"https:\/\/anphatco.123websitedev.com\/san-pham\/kich-hoi-thuy-luc-banh-xe-80-tan-tora-tr-80t2t\/#breadcrumb","itemListElement":[{"@type":"ListItem","position":1,"name":"Trang ch\u1ee7","item":"https:\/\/anphatco.123websitedev.com\/"},{"@type":"ListItem","position":2,"name":"S\u1ea3n ph\u1ea9m","item":"https:\/\/anphatco.123websitedev.com\/san-pham\/"},{"@type":"ListItem","position":3,"name":"K\u00edch H\u01a1i Th\u1ee7y L\u1ef1c B\u00e1nh Xe 80 T\u1ea5n Tora TR-80T2T"}]},{"@type":"WebSite","@id":"https:\/\/anphatco.123websitedev.com\/#website","url":"https:\/\/anphatco.123websitedev.com\/","name":"An Ph\u00e1t","description":"","publisher":{"@id":"https:\/\/anphatco.123websitedev.com\/#organization"},"potentialAction":[{"@type":"SearchAction","target":{"@type":"EntryPoint","urlTemplate":"https:\/\/anphatco.123websitedev.com\/?s={search_term_string}"},"query-input":{"@type":"PropertyValueSpecification","valueRequired":true,"valueName":"search_term_string"}}],"inLanguage":"en-US"},{"@type":"Organization","@id":"https:\/\/anphatco.123websitedev.com\/#organization","name":"An Ph\u00e1t","url":"https:\/\/anphatco.123websitedev.com\/","logo":{"@type":"ImageObject","inLanguage":"en-US","@id":"https:\/\/anphatco.123websitedev.com\/#\/schema\/logo\/image\/","url":"https:\/\/anphatco.123websitedev.com\/wp-content\/uploads\/2025\/12\/an-phat-logo.png","contentUrl":"https:\/\/anphatco.123websitedev.com\/wp-content\/uploads\/2025\/12\/an-phat-logo.png","width":74,"height":68,"caption":"An Ph\u00e1t"},"image":{"@id":"https:\/\/anphatco.123websitedev.com\/#\/schema\/logo\/image\/"}}]}},"_links":{"self":[{"href":"https:\/\/anphatco.123websitedev.com\/en\/wp-json\/wp\/v2\/product\/3290","targetHints":{"allow":["GET"]}}],"collection":[{"href":"https:\/\/anphatco.123websitedev.com\/en\/wp-json\/wp\/v2\/product"}],"about":[{"href":"https:\/\/anphatco.123websitedev.com\/en\/wp-json\/wp\/v2\/types\/product"}],"replies":[{"embeddable":true,"href":"https:\/\/anphatco.123websitedev.com\/en\/wp-json\/wp\/v2\/comments?post=3290"}],"wp:featuredmedia":[{"embeddable":true,"href":"https:\/\/anphatco.123websitedev.com\/en\/wp-json\/wp\/v2\/media\/3105"}],"wp:attachment":[{"href":"https:\/\/anphatco.123websitedev.com\/en\/wp-json\/wp\/v2\/media?parent=3290"}],"wp:term":[{"taxonomy":"product_brand","embeddable":true,"href":"https:\/\/anphatco.123websitedev.com\/en\/wp-json\/wp\/v2\/product_brand?post=3290"},{"taxonomy":"product_cat","embeddable":true,"href":"https:\/\/anphatco.123websitedev.com\/en\/wp-json\/wp\/v2\/product_cat?post=3290"},{"taxonomy":"product_tag","embeddable":true,"href":"https:\/\/anphatco.123websitedev.com\/en\/wp-json\/wp\/v2\/product_tag?post=3290"}],"curies":[{"name":"wp","href":"https:\/\/api.w.org\/{rel}","templated":true}]}}