{"id":3291,"date":"2026-02-10T11:16:52","date_gmt":"2026-02-10T04:16:52","guid":{"rendered":"https:\/\/anphatco.123websitedev.com\/san-pham\/kich-hoi-thuy-luc-banh-xe-50-tan-tora-tr-50t2\/"},"modified":"2026-02-12T16:46:04","modified_gmt":"2026-02-12T09:46:04","slug":"kich-hoi-thuy-luc-banh-xe-50-tan-tora-tr-50t2","status":"publish","type":"product","link":"https:\/\/anphatco.123websitedev.com\/en\/product\/kich-hoi-thuy-luc-banh-xe-50-tan-tora-tr-50t2\/","title":{"rendered":"Tora TR-50T2 50-Ton Wheel Hydraulic Jack"},"content":{"rendered":"<p>K\u00edch th\u1ee7y l\u1ef1c 50 t\u1ea5n th\u01b0\u01a1ng hi\u1ec7u Tora \u2013 Trung Qu\u1ed1c l\u00e0 lo\u1ea1i k\u00edch th\u1ee7y l\u1ef1c b\u00e1nh xe ch\u1ea5t l\u01b0\u1ee3ng cao chuy\u00ean d\u00e0nh cho c\u00e1c d\u00f2ng xe c\u00f3 t\u1ea3i tr\u1ecdng l\u1edbn v\u00e0 xe kh\u00e1ch. S\u1ea3n ph\u1ea9m \u0111\u1eb7c bi\u1ec7t an to\u00e0n, ti\u1ebft ki\u1ec7m th\u1eddi gian, gi\u1ea3i ph\u00f3ng s\u1ee9c lao \u0111\u1ed9ng v\u00e0 n\u00e2ng cao hi\u1ec7u qu\u1ea3 l\u00e0m vi\u1ec7c cho ng\u01b0\u1eddi lao \u0111\u1ed9ng.<\/p>\n<p>1. Nh\u1eefng \u0111i\u1ec3m kh\u00f4ng th\u1ec3 b\u1ecf qua \u1edf k\u00edch th\u1ee7y l\u1ef1c Tora 50 t\u1ea5n<\/p>\n<p>K\u00edch l\u00e0 s\u1ea3n ph\u1ea9m c\u00f3 ch\u1ee9c n\u0103ng n\u00e2ng\/h\u1ea1 c\u00e1c lo\u1ea1i xe, v\u1eadt n\u1eb7ng, gi\u00fap h\u1ed7 tr\u1ee3 ng\u01b0\u1eddi th\u1ee3 trong qu\u00e1 tr\u00ecnh s\u1eeda ch\u1eefa. K\u00edch th\u1ee7y l\u1ef1c 50 t\u1ea5n Tora c\u00f3 kh\u1ea3 n\u0103ng n\u00e2ng \u0111\u01b0\u1ee3c c\u00e1c lo\u1ea1i xe, v\u1eadt n\u1eb7ng c\u00f3 tr\u1ecdng l\u01b0\u1ee3ng l\u00ean \u0111\u1ebfn 50 t\u1ea5n.<\/p>\n<p>&#8211; S\u1ea3n ph\u1ea9m \u0111\u01b0\u1ee3c s\u1ea3n xu\u1ea5t tr\u00ean d\u00e2y chuy\u1ec1n c\u00f4ng ngh\u1ec7 hi\u1ec7n \u0111\u1ea1i c\u1ee7a Nh\u1eadt B\u1ea3n.<\/p>\n<p>&#8211; C\u00f3 k\u1ebft c\u1ea5u v\u1ecf li\u1ec1n \u0111\u1ebf d\u00e0y d\u1eb7n, ch\u1eafc ch\u1eafn, \u0111\u1ea3m b\u1ea3o an to\u00e0n.<\/p>\n<p>&#8211; B\u00e1nh xe di chuy\u1ec3n l\u00e0m b\u1eb1ng ch\u1ea5t li\u1ec7u nh\u00f4m \u0111\u00fac, gi\u00fap di chuy\u1ec3n d\u1ec5 d\u00e0ng, b\u1ec1n b\u1ec9.<\/p>\n<p>&#8211; B\u1ed9 ph\u1eadn t\u00e1ch n\u01b0\u1edbc, x\u1eed l\u00fd kh\u00ed n\u00e9n c\u00f9ng van \u0111i\u1ec1u khi\u1ec3n \u0111\u01b0\u1ee3c c\u1ea3i ti\u1ebfn gi\u00fap t\u0103ng \u0111\u1ed9 b\u1ec1n s\u1ea3n ph\u1ea9m.<\/p>\n<p>&#8211; B\u1ea7u h\u01a1i \u0111\u01b0\u1ee3c thi\u1ebft k\u1ebf \u00eam h\u01a1n v\u1edbi b\u1ed9 ph\u1eadn gi\u1ea3m thanh v\u00e0 ti\u1ebft ki\u1ec7m kh\u00ed n\u00e9n.<\/p>\n<p>Nh\u1eefng c\u1ea3i ti\u1ebfn c\u1ee7a k\u00edch h\u01a1i 50 t\u1ea5n Tora gi\u00fap \u0111\u1ea3m b\u1ea3o an to\u00e0n v\u00e0 k\u00e9o d\u00e0i tu\u1ed5i th\u1ecd s\u1ea3n ph\u1ea9m h\u01a1n so v\u1edbi c\u00e1c lo\u1ea1i k\u00edch th\u00f4ng th\u01b0\u1eddng kh\u00e1c.<\/p>\n<p>Tora l\u00e0 m\u1ed9t th\u01b0\u01a1ng hi\u1ec7u k\u00edch \u0111\u1ebfn t\u1eeb Trung Qu\u1ed1c, v\u1edbi ch\u1ea5t l\u01b0\u1ee3ng s\u1ea3n ph\u1ea9m v\u01b0\u1ee3t tr\u1ed9i, s\u1ea3n xu\u1ea5t tr\u00ean d\u00e2y chuy\u1ec1n c\u00f4ng ngh\u1ec7 hi\u1ec7n \u0111\u1ea1i v\u00e0 \u0111\u01b0\u1ee3c \u0111\u00f4ng \u0111\u1ea3o kh\u00e1ch h\u00e0ng tin d\u00f9ng. S\u1eed d\u1ee5ng k\u00edch th\u1ee7y l\u1ef1c 50 t\u1ea5n gi\u00fap h\u1ed7 tr\u1ee3 \u0111\u1eafc l\u1ef1c cho ng\u01b0\u1eddi th\u1ee3 s\u1eeda ch\u1eefa khi c\u1ea7n n\u00e2ng, k\u00edch v\u1eadt n\u1eb7ng.<\/p>\n<p>2. H\u01b0\u1edbng d\u1eabn s\u1eed d\u1ee5ng k\u00edch h\u01a1i 50 t\u1ea5n an to\u00e0n<\/p>\n<p>K\u00edch n\u00e2ng l\u00e0 s\u1ea3n ph\u1ea9m gi\u00fap n\u00e2ng, h\u1ea1 \u00f4 t\u00f4 v\u00e0 c\u00e1c lo\u1ea1i xe c\u00f3 tr\u1ecdng t\u1ea3i n\u1eb7ng n\u00ean vi\u1ec7c v\u1eadn h\u00e0nh k\u00edch an to\u00e0n l\u00e0 \u0111i\u1ec1u khi\u1ebfn r\u1ea5t nhi\u1ec1u ng\u01b0\u1eddi quan t\u00e2m. \u0110\u1ec3 \u0111\u1ea3m b\u1ea3o s\u1eed d\u1ee5ng k\u00edch th\u1ee7y l\u1ef1c an to\u00e0n, m\u1eddi c\u00e1c b\u1ea1n tham kh\u1ea3o m\u1ed9t s\u1ed1 h\u01b0\u1edbng d\u1eabn s\u1eed d\u1ee5ng d\u01b0\u1edbi \u0111\u00e2y:<\/p>\n<p>Tr\u01b0\u1edbc khi s\u1eed d\u1ee5ng c\u1ea7n ki\u1ec3m tra ngo\u1ea1i quan xem k\u00edch c\u00f3 v\u1ea5n \u0111\u1ec1 b\u1ea5t th\u01b0\u1eddng n\u00e0o kh\u00f4ng.<\/p>\n<p>S\u1eed d\u1ee5ng k\u00edch \u0111\u00fang tr\u1ecdng t\u1ea3i ti\u00eau chu\u1ea9n, kh\u00f4ng n\u00e2ng v\u1eadt n\u1eb7ng v\u01b0\u1ee3t qu\u00e1 tr\u1ecdng t\u1ea3i cho ph\u00e9p c\u1ee7a k\u00edch, d\u1ec5 g\u00e2y s\u1eadp k\u00edch, h\u1ecfng k\u00edch.<\/p>\n<p>&#8211; \u0110i\u1ec1u ch\u1ec9nh \u00e1p l\u1ef1c kh\u00ed n\u00e9n ph\u00f9 h\u1ee3p (8-10kg\/cm2).<\/p>\n<p>&#8211; S\u1eed d\u1ee5ng d\u00e2y d\u1eabn kh\u00ed n\u00e9n ph\u00f9 h\u1ee3p v\u1edbi ti\u00eau chu\u1ea9n (8-9.5mm).<\/p>\n<p>&#8211; Ch\u00e2m d\u1ea7u 10 (IVG-10) tr\u01b0\u1edbc khi s\u1eed d\u1ee5ng.<\/p>\n<p>&#8211; \u0110\u1eb7t k\u00edch l\u00e0m vi\u1ec7c t\u1ea1i n\u01a1i c\u00f3 b\u1ec1 m\u1eb7t ph\u1eb3ng, kh\u00f4ng b\u1ecb d\u1ed1c ho\u1eb7c nghi\u00eang l\u00e0m s\u1eadp k\u00edch.<\/p>\n<p>&#8211; H\u1ea1 k\u00edch t\u1eeb t\u1eeb, kh\u00f4ng h\u1ea1 k\u00edch \u0111\u1ed9t ng\u1ed9t.<\/p>\n<p>&#8211; Th\u1ef1c hi\u1ec7n b\u1ea3o d\u01b0\u1ee1ng k\u00edch \u0111\u1ecbnh k\u1ef3 \u0111\u1ec3 ki\u1ec3m tra v\u00e0 ph\u00e1t hi\u1ec7n l\u1ed7i k\u1ecbp th\u1eddi.<\/p>\n<p>C\u00e1c chuy\u00ean gia khuy\u1ebfn ngh\u1ecb, ch\u1ecdn mua k\u00edch th\u1ee7y l\u1ef1c 50 t\u1ea5n ch\u00ednh h\u00e3ng, t\u1eeb nh\u1eefng th\u01b0\u01a1ng hi\u1ec7u uy t\u00edn \u0111\u1ec3 \u0111\u1ea3m b\u1ea3o an to\u00e0n trong su\u1ed1t qu\u00e1 tr\u00ecnh thao t\u00e1c k\u00edch.<\/p>","protected":false},"excerpt":{"rendered":"<p>K\u00edch th\u1ee7y l\u1ef1c 50 t\u1ea5n th\u01b0\u01a1ng hi\u1ec7u Tora \u2013 Trung Qu\u1ed1c l\u00e0 lo\u1ea1i k\u00edch th\u1ee7y l\u1ef1c b\u00e1nh xe ch\u1ea5t l\u01b0\u1ee3ng cao chuy\u00ean d\u00e0nh cho c\u00e1c d\u00f2ng xe c\u00f3 t\u1ea3i tr\u1ecdng l\u1edbn v\u00e0 xe kh\u00e1ch. S\u1ea3n ph\u1ea9m \u0111\u1eb7c bi\u1ec7t an to\u00e0n, ti\u1ebft ki\u1ec7m th\u1eddi gian, gi\u1ea3i ph\u00f3ng s\u1ee9c lao \u0111\u1ed9ng v\u00e0 n\u00e2ng cao hi\u1ec7u qu\u1ea3 l\u00e0m [&hellip;]<\/p>","protected":false},"featured_media":3103,"comment_status":"closed","ping_status":"open","template":"","meta":[],"product_brand":[139],"product_cat":[91,90],"product_tag":[],"class_list":{"0":"post-3291","1":"product","2":"type-product","3":"status-publish","4":"has-post-thumbnail","6":"product_brand-tora","7":"product_cat-kich","8":"product_cat-may-moc-thiet-bi","10":"first","11":"instock","12":"purchasable","13":"product-type-simple"},"acf":[],"ct_brands":[{"id":139,"name":"Tora","slug":"tora"}],"yoast_head":"<!-- This site is optimized with the Yoast SEO plugin v26.6 - https:\/\/yoast.com\/wordpress\/plugins\/seo\/ -->\n<title>K\u00edch H\u01a1i Th\u1ee7y L\u1ef1c B\u00e1nh Xe 50 T\u1ea5n Tora TR-50T2 - An Ph\u00e1t<\/title>\n<meta name=\"robots\" content=\"noindex, follow, max-snippet:-1, max-image-preview:large, max-video-preview:-1\" \/>\n<meta property=\"og:locale\" content=\"en_US\" \/>\n<meta property=\"og:type\" content=\"article\" \/>\n<meta property=\"og:title\" content=\"K\u00edch H\u01a1i Th\u1ee7y L\u1ef1c B\u00e1nh Xe 50 T\u1ea5n Tora TR-50T2 - An Ph\u00e1t\" \/>\n<meta property=\"og:description\" content=\"K\u00edch th\u1ee7y l\u1ef1c 50 t\u1ea5n th\u01b0\u01a1ng hi\u1ec7u Tora \u2013 Trung Qu\u1ed1c l\u00e0 lo\u1ea1i k\u00edch th\u1ee7y l\u1ef1c b\u00e1nh xe ch\u1ea5t l\u01b0\u1ee3ng cao chuy\u00ean d\u00e0nh cho c\u00e1c d\u00f2ng xe c\u00f3 t\u1ea3i tr\u1ecdng l\u1edbn v\u00e0 xe kh\u00e1ch. S\u1ea3n ph\u1ea9m \u0111\u1eb7c bi\u1ec7t an to\u00e0n, ti\u1ebft ki\u1ec7m th\u1eddi gian, gi\u1ea3i ph\u00f3ng s\u1ee9c lao \u0111\u1ed9ng v\u00e0 n\u00e2ng cao hi\u1ec7u qu\u1ea3 l\u00e0m [&hellip;]\" \/>\n<meta property=\"og:url\" content=\"https:\/\/anphatco.123websitedev.com\/en\/product\/kich-hoi-thuy-luc-banh-xe-50-tan-tora-tr-50t2\/\" \/>\n<meta property=\"og:site_name\" content=\"An Ph\u00e1t\" \/>\n<meta property=\"article:modified_time\" content=\"2026-02-12T09:46:04+00:00\" \/>\n<meta property=\"og:image\" content=\"https:\/\/anphatco.123websitedev.com\/wp-content\/uploads\/2026\/02\/kich-tora.jpg\" \/>\n\t<meta property=\"og:image:width\" content=\"1280\" \/>\n\t<meta property=\"og:image:height\" content=\"962\" \/>\n\t<meta property=\"og:image:type\" content=\"image\/jpeg\" \/>\n<meta name=\"twitter:card\" content=\"summary_large_image\" \/>\n<meta name=\"twitter:label1\" content=\"Est. reading time\" \/>\n\t<meta name=\"twitter:data1\" content=\"4 minutes\" \/>\n<script type=\"application\/ld+json\" class=\"yoast-schema-graph\">{\"@context\":\"https:\/\/schema.org\",\"@graph\":[{\"@type\":\"WebPage\",\"@id\":\"https:\/\/anphatco.123websitedev.com\/san-pham\/kich-hoi-thuy-luc-banh-xe-50-tan-tora-tr-50t2\/\",\"url\":\"https:\/\/anphatco.123websitedev.com\/san-pham\/kich-hoi-thuy-luc-banh-xe-50-tan-tora-tr-50t2\/\",\"name\":\"K\u00edch H\u01a1i Th\u1ee7y L\u1ef1c B\u00e1nh Xe 50 T\u1ea5n Tora TR-50T2 - An Ph\u00e1t\",\"isPartOf\":{\"@id\":\"https:\/\/anphatco.123websitedev.com\/#website\"},\"primaryImageOfPage\":{\"@id\":\"https:\/\/anphatco.123websitedev.com\/san-pham\/kich-hoi-thuy-luc-banh-xe-50-tan-tora-tr-50t2\/#primaryimage\"},\"image\":{\"@id\":\"https:\/\/anphatco.123websitedev.com\/san-pham\/kich-hoi-thuy-luc-banh-xe-50-tan-tora-tr-50t2\/#primaryimage\"},\"thumbnailUrl\":\"https:\/\/anphatco.123websitedev.com\/wp-content\/uploads\/2026\/02\/kich-tora.jpg\",\"datePublished\":\"2026-02-10T04:16:52+00:00\",\"dateModified\":\"2026-02-12T09:46:04+00:00\",\"breadcrumb\":{\"@id\":\"https:\/\/anphatco.123websitedev.com\/san-pham\/kich-hoi-thuy-luc-banh-xe-50-tan-tora-tr-50t2\/#breadcrumb\"},\"inLanguage\":\"en-US\",\"potentialAction\":[{\"@type\":\"ReadAction\",\"target\":[\"https:\/\/anphatco.123websitedev.com\/san-pham\/kich-hoi-thuy-luc-banh-xe-50-tan-tora-tr-50t2\/\"]}]},{\"@type\":\"ImageObject\",\"inLanguage\":\"en-US\",\"@id\":\"https:\/\/anphatco.123websitedev.com\/san-pham\/kich-hoi-thuy-luc-banh-xe-50-tan-tora-tr-50t2\/#primaryimage\",\"url\":\"https:\/\/anphatco.123websitedev.com\/wp-content\/uploads\/2026\/02\/kich-tora.jpg\",\"contentUrl\":\"https:\/\/anphatco.123websitedev.com\/wp-content\/uploads\/2026\/02\/kich-tora.jpg\",\"width\":1280,\"height\":962},{\"@type\":\"BreadcrumbList\",\"@id\":\"https:\/\/anphatco.123websitedev.com\/san-pham\/kich-hoi-thuy-luc-banh-xe-50-tan-tora-tr-50t2\/#breadcrumb\",\"itemListElement\":[{\"@type\":\"ListItem\",\"position\":1,\"name\":\"Trang ch\u1ee7\",\"item\":\"https:\/\/anphatco.123websitedev.com\/\"},{\"@type\":\"ListItem\",\"position\":2,\"name\":\"S\u1ea3n ph\u1ea9m\",\"item\":\"https:\/\/anphatco.123websitedev.com\/san-pham\/\"},{\"@type\":\"ListItem\",\"position\":3,\"name\":\"K\u00edch H\u01a1i Th\u1ee7y L\u1ef1c B\u00e1nh Xe 50 T\u1ea5n Tora TR-50T2\"}]},{\"@type\":\"WebSite\",\"@id\":\"https:\/\/anphatco.123websitedev.com\/#website\",\"url\":\"https:\/\/anphatco.123websitedev.com\/\",\"name\":\"An Ph\u00e1t\",\"description\":\"\",\"publisher\":{\"@id\":\"https:\/\/anphatco.123websitedev.com\/#organization\"},\"potentialAction\":[{\"@type\":\"SearchAction\",\"target\":{\"@type\":\"EntryPoint\",\"urlTemplate\":\"https:\/\/anphatco.123websitedev.com\/?s={search_term_string}\"},\"query-input\":{\"@type\":\"PropertyValueSpecification\",\"valueRequired\":true,\"valueName\":\"search_term_string\"}}],\"inLanguage\":\"en-US\"},{\"@type\":\"Organization\",\"@id\":\"https:\/\/anphatco.123websitedev.com\/#organization\",\"name\":\"An Ph\u00e1t\",\"url\":\"https:\/\/anphatco.123websitedev.com\/\",\"logo\":{\"@type\":\"ImageObject\",\"inLanguage\":\"en-US\",\"@id\":\"https:\/\/anphatco.123websitedev.com\/#\/schema\/logo\/image\/\",\"url\":\"https:\/\/anphatco.123websitedev.com\/wp-content\/uploads\/2025\/12\/an-phat-logo.png\",\"contentUrl\":\"https:\/\/anphatco.123websitedev.com\/wp-content\/uploads\/2025\/12\/an-phat-logo.png\",\"width\":74,\"height\":68,\"caption\":\"An Ph\u00e1t\"},\"image\":{\"@id\":\"https:\/\/anphatco.123websitedev.com\/#\/schema\/logo\/image\/\"}}]}<\/script>\n<!-- \/ Yoast SEO plugin. -->","yoast_head_json":{"title":"K\u00edch H\u01a1i Th\u1ee7y L\u1ef1c B\u00e1nh Xe 50 T\u1ea5n Tora TR-50T2 - An Ph\u00e1t","robots":{"index":"noindex","follow":"follow","max-snippet":"max-snippet:-1","max-image-preview":"max-image-preview:large","max-video-preview":"max-video-preview:-1"},"og_locale":"en_US","og_type":"article","og_title":"K\u00edch H\u01a1i Th\u1ee7y L\u1ef1c B\u00e1nh Xe 50 T\u1ea5n Tora TR-50T2 - An Ph\u00e1t","og_description":"K\u00edch th\u1ee7y l\u1ef1c 50 t\u1ea5n th\u01b0\u01a1ng hi\u1ec7u Tora \u2013 Trung Qu\u1ed1c l\u00e0 lo\u1ea1i k\u00edch th\u1ee7y l\u1ef1c b\u00e1nh xe ch\u1ea5t l\u01b0\u1ee3ng cao chuy\u00ean d\u00e0nh cho c\u00e1c d\u00f2ng xe c\u00f3 t\u1ea3i tr\u1ecdng l\u1edbn v\u00e0 xe kh\u00e1ch. S\u1ea3n ph\u1ea9m \u0111\u1eb7c bi\u1ec7t an to\u00e0n, ti\u1ebft ki\u1ec7m th\u1eddi gian, gi\u1ea3i ph\u00f3ng s\u1ee9c lao \u0111\u1ed9ng v\u00e0 n\u00e2ng cao hi\u1ec7u qu\u1ea3 l\u00e0m [&hellip;]","og_url":"https:\/\/anphatco.123websitedev.com\/en\/product\/kich-hoi-thuy-luc-banh-xe-50-tan-tora-tr-50t2\/","og_site_name":"An Ph\u00e1t","article_modified_time":"2026-02-12T09:46:04+00:00","og_image":[{"width":1280,"height":962,"url":"https:\/\/anphatco.123websitedev.com\/wp-content\/uploads\/2026\/02\/kich-tora.jpg","type":"image\/jpeg"}],"twitter_card":"summary_large_image","twitter_misc":{"Est. reading time":"4 minutes"},"schema":{"@context":"https:\/\/schema.org","@graph":[{"@type":"WebPage","@id":"https:\/\/anphatco.123websitedev.com\/san-pham\/kich-hoi-thuy-luc-banh-xe-50-tan-tora-tr-50t2\/","url":"https:\/\/anphatco.123websitedev.com\/san-pham\/kich-hoi-thuy-luc-banh-xe-50-tan-tora-tr-50t2\/","name":"K\u00edch H\u01a1i Th\u1ee7y L\u1ef1c B\u00e1nh Xe 50 T\u1ea5n Tora TR-50T2 - An Ph\u00e1t","isPartOf":{"@id":"https:\/\/anphatco.123websitedev.com\/#website"},"primaryImageOfPage":{"@id":"https:\/\/anphatco.123websitedev.com\/san-pham\/kich-hoi-thuy-luc-banh-xe-50-tan-tora-tr-50t2\/#primaryimage"},"image":{"@id":"https:\/\/anphatco.123websitedev.com\/san-pham\/kich-hoi-thuy-luc-banh-xe-50-tan-tora-tr-50t2\/#primaryimage"},"thumbnailUrl":"https:\/\/anphatco.123websitedev.com\/wp-content\/uploads\/2026\/02\/kich-tora.jpg","datePublished":"2026-02-10T04:16:52+00:00","dateModified":"2026-02-12T09:46:04+00:00","breadcrumb":{"@id":"https:\/\/anphatco.123websitedev.com\/san-pham\/kich-hoi-thuy-luc-banh-xe-50-tan-tora-tr-50t2\/#breadcrumb"},"inLanguage":"en-US","potentialAction":[{"@type":"ReadAction","target":["https:\/\/anphatco.123websitedev.com\/san-pham\/kich-hoi-thuy-luc-banh-xe-50-tan-tora-tr-50t2\/"]}]},{"@type":"ImageObject","inLanguage":"en-US","@id":"https:\/\/anphatco.123websitedev.com\/san-pham\/kich-hoi-thuy-luc-banh-xe-50-tan-tora-tr-50t2\/#primaryimage","url":"https:\/\/anphatco.123websitedev.com\/wp-content\/uploads\/2026\/02\/kich-tora.jpg","contentUrl":"https:\/\/anphatco.123websitedev.com\/wp-content\/uploads\/2026\/02\/kich-tora.jpg","width":1280,"height":962},{"@type":"BreadcrumbList","@id":"https:\/\/anphatco.123websitedev.com\/san-pham\/kich-hoi-thuy-luc-banh-xe-50-tan-tora-tr-50t2\/#breadcrumb","itemListElement":[{"@type":"ListItem","position":1,"name":"Trang ch\u1ee7","item":"https:\/\/anphatco.123websitedev.com\/"},{"@type":"ListItem","position":2,"name":"S\u1ea3n ph\u1ea9m","item":"https:\/\/anphatco.123websitedev.com\/san-pham\/"},{"@type":"ListItem","position":3,"name":"K\u00edch H\u01a1i Th\u1ee7y L\u1ef1c B\u00e1nh Xe 50 T\u1ea5n Tora TR-50T2"}]},{"@type":"WebSite","@id":"https:\/\/anphatco.123websitedev.com\/#website","url":"https:\/\/anphatco.123websitedev.com\/","name":"An Ph\u00e1t","description":"","publisher":{"@id":"https:\/\/anphatco.123websitedev.com\/#organization"},"potentialAction":[{"@type":"SearchAction","target":{"@type":"EntryPoint","urlTemplate":"https:\/\/anphatco.123websitedev.com\/?s={search_term_string}"},"query-input":{"@type":"PropertyValueSpecification","valueRequired":true,"valueName":"search_term_string"}}],"inLanguage":"en-US"},{"@type":"Organization","@id":"https:\/\/anphatco.123websitedev.com\/#organization","name":"An Ph\u00e1t","url":"https:\/\/anphatco.123websitedev.com\/","logo":{"@type":"ImageObject","inLanguage":"en-US","@id":"https:\/\/anphatco.123websitedev.com\/#\/schema\/logo\/image\/","url":"https:\/\/anphatco.123websitedev.com\/wp-content\/uploads\/2025\/12\/an-phat-logo.png","contentUrl":"https:\/\/anphatco.123websitedev.com\/wp-content\/uploads\/2025\/12\/an-phat-logo.png","width":74,"height":68,"caption":"An Ph\u00e1t"},"image":{"@id":"https:\/\/anphatco.123websitedev.com\/#\/schema\/logo\/image\/"}}]}},"_links":{"self":[{"href":"https:\/\/anphatco.123websitedev.com\/en\/wp-json\/wp\/v2\/product\/3291","targetHints":{"allow":["GET"]}}],"collection":[{"href":"https:\/\/anphatco.123websitedev.com\/en\/wp-json\/wp\/v2\/product"}],"about":[{"href":"https:\/\/anphatco.123websitedev.com\/en\/wp-json\/wp\/v2\/types\/product"}],"replies":[{"embeddable":true,"href":"https:\/\/anphatco.123websitedev.com\/en\/wp-json\/wp\/v2\/comments?post=3291"}],"wp:featuredmedia":[{"embeddable":true,"href":"https:\/\/anphatco.123websitedev.com\/en\/wp-json\/wp\/v2\/media\/3103"}],"wp:attachment":[{"href":"https:\/\/anphatco.123websitedev.com\/en\/wp-json\/wp\/v2\/media?parent=3291"}],"wp:term":[{"taxonomy":"product_brand","embeddable":true,"href":"https:\/\/anphatco.123websitedev.com\/en\/wp-json\/wp\/v2\/product_brand?post=3291"},{"taxonomy":"product_cat","embeddable":true,"href":"https:\/\/anphatco.123websitedev.com\/en\/wp-json\/wp\/v2\/product_cat?post=3291"},{"taxonomy":"product_tag","embeddable":true,"href":"https:\/\/anphatco.123websitedev.com\/en\/wp-json\/wp\/v2\/product_tag?post=3291"}],"curies":[{"name":"wp","href":"https:\/\/api.w.org\/{rel}","templated":true}]}}