{"id":3299,"date":"2026-02-10T11:16:52","date_gmt":"2026-02-10T04:16:52","guid":{"rendered":"https:\/\/anphatco.123websitedev.com\/san-pham\/vi-15-mieng-va-sam-maruni-l2-41x76mm\/"},"modified":"2026-02-12T16:46:04","modified_gmt":"2026-02-12T09:46:04","slug":"vi-15-mieng-va-sam-maruni-l2-41x76mm","status":"publish","type":"product","link":"https:\/\/anphatco.123websitedev.com\/en\/product\/vi-15-mieng-va-sam-maruni-l2-41x76mm\/","title":{"rendered":"V\u1ec9 15 Mi\u1ebfng V\u00e1 S\u0103m Maruni L2 41x76mm"},"content":{"rendered":"<p>T\u00ean s\u1ea3n ph\u1ea9m: V\u1ec9 15 Mi\u1ebfng V\u00e1 S\u0103m Maruni L2 41x76mm<\/p>\n<p>* \u0110\u1eb6C \u0110I\u1ec2M N\u1ed4I B\u1eacT:<br \/>\n&#8211; Mi\u1ebfng v\u00e1 ch\u1ea5t l\u01b0\u1ee3ng cao d\u00f9ng cho m\u1ecdi lo\u1ea1i s\u0103m.<br \/>\n&#8211; S\u1eed d\u1ee5ng cho v\u00e1 ngu\u1ed9i d\u00f9ng keo v\u00e1 s\u0103m (Valkarn) ho\u1eb7c keo v\u00e1 l\u1ed1p (Super Valkarn G)<br \/>\n&#8211; C\u00f3 th\u1ec3 d\u00e1n ch\u1ed3ng l\u00ean nhau v\u00e0 v\u00e1 \u0111\u01b0\u1ee3c nh\u1eefng l\u1ed7 th\u1ee7ng g\u1ea7n nhau.<br \/>\n&#8211; C\u00f3 nhi\u1ec1u k\u00edch c\u1ee1 th\u00f4ng d\u1ee5ng.<\/p>\n<p>Mi\u1ebfng v\u00e1 Maruni c\u00f3 l\u1edbp ngo\u00e0i c\u00f9ng l\u00e0m b\u1eb1ng cao su b\u00e1n l\u01b0u h\u00f3a. Khi l\u1edbp cao su b\u00e1n l\u01b0u h\u00f3a k\u1ebft h\u1ee3p v\u1edbi keo v\u00e1 Maruni s\u1ebd t\u1ea1o ph\u1ea3n \u1ee9ng chuy\u1ec3n th\u00e0nh l\u1edbp cao su l\u01b0u h\u00f3a v\u00e0 b\u00e1m d\u00ednh ch\u1eafc ch\u1eafn h\u01a1n v\u1edbi b\u1ec1 m\u1eb7t l\u1ed1p.<br \/>\nNh\u1edd c\u00f4ng ngh\u1ec7 \u0111\u1eb7c bi\u1ec7t n\u00e0y m\u00e0 mi\u1ebfng v\u00e1 Maruni c\u00f3 \u0111\u1ed9 b\u1ec1n b\u1ec9 v\u01b0\u1ee3t tr\u1ed9i h\u01a1n h\u1eb3n c\u00e1c lo\u1ea1i mi\u1ebfng v\u00e1 th\u00f4ng th\u01b0\u1eddng kh\u00e1c.<\/p>\n<p>* QUY C\u00c1CH \u0110\u00d3NG G\u00d3I:<br \/>\nS\u1ea3n ph\u1ea9m \u0111\u01b0\u1ee3c \u0111\u00f3ng g\u00f3i d\u1ea1ng v\u1ec9 ho\u1eb7c h\u1ed9p<br \/>\n&#8211; K\u00edch th\u01b0\u1edbc: 41x76mm<br \/>\n&#8211; D\u1ea1ng v\u1ec9: 15 mi\u1ebfng<\/p>\n<p>* H\u01b0\u1edbng d\u1eabn b\u1ea3o qu\u1ea3n s\u1ea3n ph\u1ea9m<br \/>\nB\u1ea3o qu\u1ea3n s\u1ea3n ph\u1ea9m \u1edf n\u01a1i kh\u00f4 r\u00e1o, tr\u00e1nh \u00e1nh s\u00e1ng tr\u1ef1c ti\u1ebfp t\u1eeb m\u1eb7t tr\u1eddi ho\u1eb7c \u0111\u1ec3 c\u1ea1nh c\u00e1c ngu\u1ed3n ph\u00e1t nhi\u1ec7t.<\/p>\n<p>* Cam k\u1ebft c\u1ee7a ch\u00fang t\u00f4i<br \/>\n&#8211; Cam k\u1ebft b\u00e1n h\u00e0ng ch\u00ednh h\u00e3ng UY T\u00cdN &#8211; CH\u1ea4T L\u01af\u1ee2NG<br \/>\n&#8211; S\u1ea3n ph\u1ea9m \u0111\u1ec1u gi\u1ed1ng h\u00ecnh<br \/>\n&#8211; H\u00e0ng \u0111\u01b0\u1ee3c \u0111\u00f3ng g\u00f3i c\u1ea9n th\u1eadn, ch\u1eafc ch\u1eafn.<br \/>\n&#8211; Shop nh\u1eadn \u0111\u1ed5i tr\u1ea3 khi ph\u00e1t hi\u1ec7n l\u1ed7i do nh\u00e0 s\u1ea3n xu\u1ea5t k\u00e8m video quay l\u1ea1i qu\u00e1 tr\u00ecnh khui h\u00e0ng. (L\u01b0u \u00fd)<\/p>\n<p>* L\u01b0u \u00fd: Kh\u00e1ch h\u00e0ng vui l\u00f2ng xem k\u1ef9 ph\u00e2n lo\u1ea1i tr\u01b0\u1edbc khi \u0111\u1eb7t h\u00e0ng.<\/p>","protected":false},"excerpt":{"rendered":"<p>T\u00ean s\u1ea3n ph\u1ea9m: V\u1ec9 15 Mi\u1ebfng V\u00e1 S\u0103m Maruni L2 41x76mm * \u0110\u1eb6C \u0110I\u1ec2M N\u1ed4I B\u1eacT: &#8211; Mi\u1ebfng v\u00e1 ch\u1ea5t l\u01b0\u1ee3ng cao d\u00f9ng cho m\u1ecdi lo\u1ea1i s\u0103m. &#8211; S\u1eed d\u1ee5ng cho v\u00e1 ngu\u1ed9i d\u00f9ng keo v\u00e1 s\u0103m (Valkarn) ho\u1eb7c keo v\u00e1 l\u1ed1p (Super Valkarn G) &#8211; C\u00f3 th\u1ec3 d\u00e1n ch\u1ed3ng l\u00ean nhau v\u00e0 v\u00e1 \u0111\u01b0\u1ee3c [&hellip;]<\/p>","protected":false},"featured_media":3110,"comment_status":"closed","ping_status":"open","template":"","meta":[],"product_brand":[125],"product_cat":[96,97],"product_tag":[],"class_list":{"0":"post-3299","1":"product","2":"type-product","3":"status-publish","4":"has-post-thumbnail","6":"product_brand-maruni","7":"product_cat-vat-tu-tieu-hao","8":"product_cat-mieng-va","10":"first","11":"instock","12":"purchasable","13":"product-type-simple"},"acf":[],"ct_brands":[{"id":125,"name":"Maruni","slug":"maruni"}],"yoast_head":"<!-- This site is optimized with the Yoast SEO plugin v26.6 - https:\/\/yoast.com\/wordpress\/plugins\/seo\/ -->\n<title>V\u1ec9 15 Mi\u1ebfng V\u00e1 S\u0103m Maruni L2 41x76mm - An Ph\u00e1t<\/title>\n<meta name=\"robots\" content=\"noindex, follow, max-snippet:-1, max-image-preview:large, max-video-preview:-1\" \/>\n<meta property=\"og:locale\" content=\"en_US\" \/>\n<meta property=\"og:type\" content=\"article\" \/>\n<meta property=\"og:title\" content=\"V\u1ec9 15 Mi\u1ebfng V\u00e1 S\u0103m Maruni L2 41x76mm - An Ph\u00e1t\" \/>\n<meta property=\"og:description\" content=\"T\u00ean s\u1ea3n ph\u1ea9m: V\u1ec9 15 Mi\u1ebfng V\u00e1 S\u0103m Maruni L2 41x76mm * \u0110\u1eb6C \u0110I\u1ec2M N\u1ed4I B\u1eacT: &#8211; Mi\u1ebfng v\u00e1 ch\u1ea5t l\u01b0\u1ee3ng cao d\u00f9ng cho m\u1ecdi lo\u1ea1i s\u0103m. &#8211; S\u1eed d\u1ee5ng cho v\u00e1 ngu\u1ed9i d\u00f9ng keo v\u00e1 s\u0103m (Valkarn) ho\u1eb7c keo v\u00e1 l\u1ed1p (Super Valkarn G) &#8211; C\u00f3 th\u1ec3 d\u00e1n ch\u1ed3ng l\u00ean nhau v\u00e0 v\u00e1 \u0111\u01b0\u1ee3c [&hellip;]\" \/>\n<meta property=\"og:url\" content=\"https:\/\/anphatco.123websitedev.com\/en\/product\/vi-15-mieng-va-sam-maruni-l2-41x76mm\/\" \/>\n<meta property=\"og:site_name\" content=\"An Ph\u00e1t\" \/>\n<meta property=\"article:modified_time\" content=\"2026-02-12T09:46:04+00:00\" \/>\n<meta property=\"og:image\" content=\"https:\/\/anphatco.123websitedev.com\/wp-content\/uploads\/2026\/02\/maruni-l2-2.jpg\" \/>\n\t<meta property=\"og:image:width\" content=\"1200\" \/>\n\t<meta property=\"og:image:height\" content=\"1200\" \/>\n\t<meta property=\"og:image:type\" content=\"image\/jpeg\" \/>\n<meta name=\"twitter:card\" content=\"summary_large_image\" \/>\n<meta name=\"twitter:label1\" content=\"Est. reading time\" \/>\n\t<meta name=\"twitter:data1\" content=\"2 minutes\" \/>\n<script type=\"application\/ld+json\" class=\"yoast-schema-graph\">{\"@context\":\"https:\/\/schema.org\",\"@graph\":[{\"@type\":\"WebPage\",\"@id\":\"https:\/\/anphatco.123websitedev.com\/san-pham\/vi-15-mieng-va-sam-maruni-l2-41x76mm\/\",\"url\":\"https:\/\/anphatco.123websitedev.com\/san-pham\/vi-15-mieng-va-sam-maruni-l2-41x76mm\/\",\"name\":\"V\u1ec9 15 Mi\u1ebfng V\u00e1 S\u0103m Maruni L2 41x76mm - An Ph\u00e1t\",\"isPartOf\":{\"@id\":\"https:\/\/anphatco.123websitedev.com\/#website\"},\"primaryImageOfPage\":{\"@id\":\"https:\/\/anphatco.123websitedev.com\/san-pham\/vi-15-mieng-va-sam-maruni-l2-41x76mm\/#primaryimage\"},\"image\":{\"@id\":\"https:\/\/anphatco.123websitedev.com\/san-pham\/vi-15-mieng-va-sam-maruni-l2-41x76mm\/#primaryimage\"},\"thumbnailUrl\":\"https:\/\/anphatco.123websitedev.com\/wp-content\/uploads\/2026\/02\/maruni-l2-2.jpg\",\"datePublished\":\"2026-02-10T04:16:52+00:00\",\"dateModified\":\"2026-02-12T09:46:04+00:00\",\"breadcrumb\":{\"@id\":\"https:\/\/anphatco.123websitedev.com\/san-pham\/vi-15-mieng-va-sam-maruni-l2-41x76mm\/#breadcrumb\"},\"inLanguage\":\"en-US\",\"potentialAction\":[{\"@type\":\"ReadAction\",\"target\":[\"https:\/\/anphatco.123websitedev.com\/san-pham\/vi-15-mieng-va-sam-maruni-l2-41x76mm\/\"]}]},{\"@type\":\"ImageObject\",\"inLanguage\":\"en-US\",\"@id\":\"https:\/\/anphatco.123websitedev.com\/san-pham\/vi-15-mieng-va-sam-maruni-l2-41x76mm\/#primaryimage\",\"url\":\"https:\/\/anphatco.123websitedev.com\/wp-content\/uploads\/2026\/02\/maruni-l2-2.jpg\",\"contentUrl\":\"https:\/\/anphatco.123websitedev.com\/wp-content\/uploads\/2026\/02\/maruni-l2-2.jpg\",\"width\":1200,\"height\":1200},{\"@type\":\"BreadcrumbList\",\"@id\":\"https:\/\/anphatco.123websitedev.com\/san-pham\/vi-15-mieng-va-sam-maruni-l2-41x76mm\/#breadcrumb\",\"itemListElement\":[{\"@type\":\"ListItem\",\"position\":1,\"name\":\"Trang ch\u1ee7\",\"item\":\"https:\/\/anphatco.123websitedev.com\/\"},{\"@type\":\"ListItem\",\"position\":2,\"name\":\"S\u1ea3n ph\u1ea9m\",\"item\":\"https:\/\/anphatco.123websitedev.com\/san-pham\/\"},{\"@type\":\"ListItem\",\"position\":3,\"name\":\"V\u1ec9 15 Mi\u1ebfng V\u00e1 S\u0103m Maruni L2 41x76mm\"}]},{\"@type\":\"WebSite\",\"@id\":\"https:\/\/anphatco.123websitedev.com\/#website\",\"url\":\"https:\/\/anphatco.123websitedev.com\/\",\"name\":\"An Ph\u00e1t\",\"description\":\"\",\"publisher\":{\"@id\":\"https:\/\/anphatco.123websitedev.com\/#organization\"},\"potentialAction\":[{\"@type\":\"SearchAction\",\"target\":{\"@type\":\"EntryPoint\",\"urlTemplate\":\"https:\/\/anphatco.123websitedev.com\/?s={search_term_string}\"},\"query-input\":{\"@type\":\"PropertyValueSpecification\",\"valueRequired\":true,\"valueName\":\"search_term_string\"}}],\"inLanguage\":\"en-US\"},{\"@type\":\"Organization\",\"@id\":\"https:\/\/anphatco.123websitedev.com\/#organization\",\"name\":\"An Ph\u00e1t\",\"url\":\"https:\/\/anphatco.123websitedev.com\/\",\"logo\":{\"@type\":\"ImageObject\",\"inLanguage\":\"en-US\",\"@id\":\"https:\/\/anphatco.123websitedev.com\/#\/schema\/logo\/image\/\",\"url\":\"https:\/\/anphatco.123websitedev.com\/wp-content\/uploads\/2025\/12\/an-phat-logo.png\",\"contentUrl\":\"https:\/\/anphatco.123websitedev.com\/wp-content\/uploads\/2025\/12\/an-phat-logo.png\",\"width\":74,\"height\":68,\"caption\":\"An Ph\u00e1t\"},\"image\":{\"@id\":\"https:\/\/anphatco.123websitedev.com\/#\/schema\/logo\/image\/\"}}]}<\/script>\n<!-- \/ Yoast SEO plugin. -->","yoast_head_json":{"title":"V\u1ec9 15 Mi\u1ebfng V\u00e1 S\u0103m Maruni L2 41x76mm - An Ph\u00e1t","robots":{"index":"noindex","follow":"follow","max-snippet":"max-snippet:-1","max-image-preview":"max-image-preview:large","max-video-preview":"max-video-preview:-1"},"og_locale":"en_US","og_type":"article","og_title":"V\u1ec9 15 Mi\u1ebfng V\u00e1 S\u0103m Maruni L2 41x76mm - An Ph\u00e1t","og_description":"T\u00ean s\u1ea3n ph\u1ea9m: V\u1ec9 15 Mi\u1ebfng V\u00e1 S\u0103m Maruni L2 41x76mm * \u0110\u1eb6C \u0110I\u1ec2M N\u1ed4I B\u1eacT: &#8211; Mi\u1ebfng v\u00e1 ch\u1ea5t l\u01b0\u1ee3ng cao d\u00f9ng cho m\u1ecdi lo\u1ea1i s\u0103m. &#8211; S\u1eed d\u1ee5ng cho v\u00e1 ngu\u1ed9i d\u00f9ng keo v\u00e1 s\u0103m (Valkarn) ho\u1eb7c keo v\u00e1 l\u1ed1p (Super Valkarn G) &#8211; C\u00f3 th\u1ec3 d\u00e1n ch\u1ed3ng l\u00ean nhau v\u00e0 v\u00e1 \u0111\u01b0\u1ee3c [&hellip;]","og_url":"https:\/\/anphatco.123websitedev.com\/en\/product\/vi-15-mieng-va-sam-maruni-l2-41x76mm\/","og_site_name":"An Ph\u00e1t","article_modified_time":"2026-02-12T09:46:04+00:00","og_image":[{"width":1200,"height":1200,"url":"https:\/\/anphatco.123websitedev.com\/wp-content\/uploads\/2026\/02\/maruni-l2-2.jpg","type":"image\/jpeg"}],"twitter_card":"summary_large_image","twitter_misc":{"Est. reading time":"2 minutes"},"schema":{"@context":"https:\/\/schema.org","@graph":[{"@type":"WebPage","@id":"https:\/\/anphatco.123websitedev.com\/san-pham\/vi-15-mieng-va-sam-maruni-l2-41x76mm\/","url":"https:\/\/anphatco.123websitedev.com\/san-pham\/vi-15-mieng-va-sam-maruni-l2-41x76mm\/","name":"V\u1ec9 15 Mi\u1ebfng V\u00e1 S\u0103m Maruni L2 41x76mm - An Ph\u00e1t","isPartOf":{"@id":"https:\/\/anphatco.123websitedev.com\/#website"},"primaryImageOfPage":{"@id":"https:\/\/anphatco.123websitedev.com\/san-pham\/vi-15-mieng-va-sam-maruni-l2-41x76mm\/#primaryimage"},"image":{"@id":"https:\/\/anphatco.123websitedev.com\/san-pham\/vi-15-mieng-va-sam-maruni-l2-41x76mm\/#primaryimage"},"thumbnailUrl":"https:\/\/anphatco.123websitedev.com\/wp-content\/uploads\/2026\/02\/maruni-l2-2.jpg","datePublished":"2026-02-10T04:16:52+00:00","dateModified":"2026-02-12T09:46:04+00:00","breadcrumb":{"@id":"https:\/\/anphatco.123websitedev.com\/san-pham\/vi-15-mieng-va-sam-maruni-l2-41x76mm\/#breadcrumb"},"inLanguage":"en-US","potentialAction":[{"@type":"ReadAction","target":["https:\/\/anphatco.123websitedev.com\/san-pham\/vi-15-mieng-va-sam-maruni-l2-41x76mm\/"]}]},{"@type":"ImageObject","inLanguage":"en-US","@id":"https:\/\/anphatco.123websitedev.com\/san-pham\/vi-15-mieng-va-sam-maruni-l2-41x76mm\/#primaryimage","url":"https:\/\/anphatco.123websitedev.com\/wp-content\/uploads\/2026\/02\/maruni-l2-2.jpg","contentUrl":"https:\/\/anphatco.123websitedev.com\/wp-content\/uploads\/2026\/02\/maruni-l2-2.jpg","width":1200,"height":1200},{"@type":"BreadcrumbList","@id":"https:\/\/anphatco.123websitedev.com\/san-pham\/vi-15-mieng-va-sam-maruni-l2-41x76mm\/#breadcrumb","itemListElement":[{"@type":"ListItem","position":1,"name":"Trang ch\u1ee7","item":"https:\/\/anphatco.123websitedev.com\/"},{"@type":"ListItem","position":2,"name":"S\u1ea3n ph\u1ea9m","item":"https:\/\/anphatco.123websitedev.com\/san-pham\/"},{"@type":"ListItem","position":3,"name":"V\u1ec9 15 Mi\u1ebfng V\u00e1 S\u0103m Maruni L2 41x76mm"}]},{"@type":"WebSite","@id":"https:\/\/anphatco.123websitedev.com\/#website","url":"https:\/\/anphatco.123websitedev.com\/","name":"An Ph\u00e1t","description":"","publisher":{"@id":"https:\/\/anphatco.123websitedev.com\/#organization"},"potentialAction":[{"@type":"SearchAction","target":{"@type":"EntryPoint","urlTemplate":"https:\/\/anphatco.123websitedev.com\/?s={search_term_string}"},"query-input":{"@type":"PropertyValueSpecification","valueRequired":true,"valueName":"search_term_string"}}],"inLanguage":"en-US"},{"@type":"Organization","@id":"https:\/\/anphatco.123websitedev.com\/#organization","name":"An Ph\u00e1t","url":"https:\/\/anphatco.123websitedev.com\/","logo":{"@type":"ImageObject","inLanguage":"en-US","@id":"https:\/\/anphatco.123websitedev.com\/#\/schema\/logo\/image\/","url":"https:\/\/anphatco.123websitedev.com\/wp-content\/uploads\/2025\/12\/an-phat-logo.png","contentUrl":"https:\/\/anphatco.123websitedev.com\/wp-content\/uploads\/2025\/12\/an-phat-logo.png","width":74,"height":68,"caption":"An Ph\u00e1t"},"image":{"@id":"https:\/\/anphatco.123websitedev.com\/#\/schema\/logo\/image\/"}}]}},"_links":{"self":[{"href":"https:\/\/anphatco.123websitedev.com\/en\/wp-json\/wp\/v2\/product\/3299","targetHints":{"allow":["GET"]}}],"collection":[{"href":"https:\/\/anphatco.123websitedev.com\/en\/wp-json\/wp\/v2\/product"}],"about":[{"href":"https:\/\/anphatco.123websitedev.com\/en\/wp-json\/wp\/v2\/types\/product"}],"replies":[{"embeddable":true,"href":"https:\/\/anphatco.123websitedev.com\/en\/wp-json\/wp\/v2\/comments?post=3299"}],"wp:featuredmedia":[{"embeddable":true,"href":"https:\/\/anphatco.123websitedev.com\/en\/wp-json\/wp\/v2\/media\/3110"}],"wp:attachment":[{"href":"https:\/\/anphatco.123websitedev.com\/en\/wp-json\/wp\/v2\/media?parent=3299"}],"wp:term":[{"taxonomy":"product_brand","embeddable":true,"href":"https:\/\/anphatco.123websitedev.com\/en\/wp-json\/wp\/v2\/product_brand?post=3299"},{"taxonomy":"product_cat","embeddable":true,"href":"https:\/\/anphatco.123websitedev.com\/en\/wp-json\/wp\/v2\/product_cat?post=3299"},{"taxonomy":"product_tag","embeddable":true,"href":"https:\/\/anphatco.123websitedev.com\/en\/wp-json\/wp\/v2\/product_tag?post=3299"}],"curies":[{"name":"wp","href":"https:\/\/api.w.org\/{rel}","templated":true}]}}