{"id":3307,"date":"2026-02-10T11:17:04","date_gmt":"2026-02-10T04:17:04","guid":{"rendered":"https:\/\/anphatco.123websitedev.com\/san-pham\/tay-thao-ty-van-2-dau-xe-con-va-dau-may-xuc-dct11\/"},"modified":"2026-02-12T16:46:08","modified_gmt":"2026-02-12T09:46:08","slug":"tay-thao-ty-van-2-dau-xe-con-va-dau-may-xuc-dct11","status":"publish","type":"product","link":"https:\/\/anphatco.123websitedev.com\/en\/product\/tay-thao-ty-van-2-dau-xe-con-va-dau-may-xuc-dct11\/","title":{"rendered":"Double-Ended Valve Stem Removal Tool \u2013 for Passenger Cars and Excavators DCT11"},"content":{"rendered":"<p>&#8220;T\u00ean s\u1ea3n ph\u1ea9m: Tay Th\u00e1o Ty Van 2 \u0110\u1ea7u &#8211; Xe Con V\u00e0 \u0110\u1ea7u M\u00e1y X\u00fac DCT11<\/p>\n<p>* C\u00f4ng d\u1ee5ng:<br \/>\n\u25cf S\u1eed d\u1ee5ng \u0111\u1ec3 th\u00e1o l\u1eafp ty van, \u0111\u1eb7c bi\u1ec7t ph\u00f9 h\u1ee3p v\u1edbi xe con<\/p>\n<p>* M\u00f4 t\u1ea3 s\u1ea3n ph\u1ea9m:<br \/>\n\u25cf Tay c\u1ea7m b\u1eb1ng nh\u1ef1a<br \/>\n\u25cf Th\u00e2n th\u00e1o b\u1eb1ng s\u1eaft ph\u1ee7 b\u00f3ng ch\u1eafc ch\u1eafn<\/p>\n<p>* Cam k\u1ebft c\u1ee7a ch\u00fang t\u00f4i<br \/>\n\u25cf Cam k\u1ebft b\u00e1n h\u00e0ng ch\u00ednh h\u00e3ng UY T\u00cdN &#8211; CH\u1ea4T L\u01af\u1ee2NG<br \/>\n\u25cf S\u1ea3n ph\u1ea9m \u0111\u1ec1u gi\u1ed1ng h\u00ecnh v\u00e0 l\u00e0 \u1ea3nh th\u1eadt do shop t\u1ef1 ch\u1ee5p<br \/>\n\u25cf H\u00e0ng \u0111\u01b0\u1ee3c \u0111\u00f3ng g\u00f3i c\u1ea9n th\u1eadn, ch\u1eafc ch\u1eafn.<br \/>\n\u25cf Shop nh\u1eadn \u0111\u1ed5i tr\u1ea3 khi ph\u00e1t hi\u1ec7n l\u1ed7i do nh\u00e0 s\u1ea3n xu\u1ea5t k\u00e8m video quay l\u1ea1i qu\u00e1 tr\u00ecnh khui h\u00e0ng. (L\u01b0u \u00fd)<\/p>\n<p>M\u1ea7u s\u1eafc s\u1ea3n ph\u1ea9m c\u00f3 th\u1ec3 thay \u0111\u1ed5i theo l\u00f4 h\u00e0ng kh\u00e1c nhau.<\/p>\n<p>* L\u01b0u \u00fd: Kh\u00e1ch h\u00e0ng vui l\u00f2ng xem k\u1ef9 ph\u00e2n lo\u1ea1i tr\u01b0\u1edbc khi \u0111\u1eb7t h\u00e0ng.&#8221;<\/p>","protected":false},"excerpt":{"rendered":"<p>&#8220;T\u00ean s\u1ea3n ph\u1ea9m: Tay Th\u00e1o Ty Van 2 \u0110\u1ea7u &#8211; Xe Con V\u00e0 \u0110\u1ea7u M\u00e1y X\u00fac DCT11 * C\u00f4ng d\u1ee5ng: \u25cf S\u1eed d\u1ee5ng \u0111\u1ec3 th\u00e1o l\u1eafp ty van, \u0111\u1eb7c bi\u1ec7t ph\u00f9 h\u1ee3p v\u1edbi xe con * M\u00f4 t\u1ea3 s\u1ea3n ph\u1ea9m: \u25cf Tay c\u1ea7m b\u1eb1ng nh\u1ef1a \u25cf Th\u00e2n th\u00e1o b\u1eb1ng s\u1eaft ph\u1ee7 b\u00f3ng ch\u1eafc ch\u1eafn * [&hellip;]<\/p>","protected":false},"featured_media":3206,"comment_status":"closed","ping_status":"open","template":"","meta":[],"product_brand":[],"product_cat":[96,97],"product_tag":[],"class_list":{"0":"post-3307","1":"product","2":"type-product","3":"status-publish","4":"has-post-thumbnail","6":"product_cat-vat-tu-tieu-hao","7":"product_cat-mieng-va","9":"first","10":"instock","11":"purchasable","12":"product-type-simple"},"acf":[],"ct_brands":[],"yoast_head":"<!-- This site is optimized with the Yoast SEO plugin v26.6 - https:\/\/yoast.com\/wordpress\/plugins\/seo\/ -->\n<title>Tay Th\u00e1o Ty Van 2 \u0110\u1ea7u - Xe Con V\u00e0 \u0110\u1ea7u M\u00e1y X\u00fac DCT11 - An Ph\u00e1t<\/title>\n<meta name=\"robots\" content=\"noindex, follow, max-snippet:-1, max-image-preview:large, max-video-preview:-1\" \/>\n<meta property=\"og:locale\" content=\"en_US\" \/>\n<meta property=\"og:type\" content=\"article\" \/>\n<meta property=\"og:title\" content=\"Tay Th\u00e1o Ty Van 2 \u0110\u1ea7u - Xe Con V\u00e0 \u0110\u1ea7u M\u00e1y X\u00fac DCT11 - An Ph\u00e1t\" \/>\n<meta property=\"og:description\" content=\"&#8220;T\u00ean s\u1ea3n ph\u1ea9m: Tay Th\u00e1o Ty Van 2 \u0110\u1ea7u &#8211; Xe Con V\u00e0 \u0110\u1ea7u M\u00e1y X\u00fac DCT11 * C\u00f4ng d\u1ee5ng: \u25cf S\u1eed d\u1ee5ng \u0111\u1ec3 th\u00e1o l\u1eafp ty van, \u0111\u1eb7c bi\u1ec7t ph\u00f9 h\u1ee3p v\u1edbi xe con * M\u00f4 t\u1ea3 s\u1ea3n ph\u1ea9m: \u25cf Tay c\u1ea7m b\u1eb1ng nh\u1ef1a \u25cf Th\u00e2n th\u00e1o b\u1eb1ng s\u1eaft ph\u1ee7 b\u00f3ng ch\u1eafc ch\u1eafn * [&hellip;]\" \/>\n<meta property=\"og:url\" content=\"https:\/\/anphatco.123websitedev.com\/en\/product\/tay-thao-ty-van-2-dau-xe-con-va-dau-may-xuc-dct11\/\" \/>\n<meta property=\"og:site_name\" content=\"An Ph\u00e1t\" \/>\n<meta property=\"article:modified_time\" content=\"2026-02-12T09:46:08+00:00\" \/>\n<meta property=\"og:image\" content=\"https:\/\/anphatco.123websitedev.com\/wp-content\/uploads\/2026\/02\/vn-11134201-7r98o-lkq5ahctizswba.webp\" \/>\n\t<meta property=\"og:image:width\" content=\"1024\" \/>\n\t<meta property=\"og:image:height\" content=\"1024\" \/>\n\t<meta property=\"og:image:type\" content=\"image\/webp\" \/>\n<meta name=\"twitter:card\" content=\"summary_large_image\" \/>\n<meta name=\"twitter:label1\" content=\"Est. reading time\" \/>\n\t<meta name=\"twitter:data1\" content=\"1 minute\" \/>\n<script type=\"application\/ld+json\" class=\"yoast-schema-graph\">{\"@context\":\"https:\/\/schema.org\",\"@graph\":[{\"@type\":\"WebPage\",\"@id\":\"https:\/\/anphatco.123websitedev.com\/san-pham\/tay-thao-ty-van-2-dau-xe-con-va-dau-may-xuc-dct11\/\",\"url\":\"https:\/\/anphatco.123websitedev.com\/san-pham\/tay-thao-ty-van-2-dau-xe-con-va-dau-may-xuc-dct11\/\",\"name\":\"Tay Th\u00e1o Ty Van 2 \u0110\u1ea7u - Xe Con V\u00e0 \u0110\u1ea7u M\u00e1y X\u00fac DCT11 - An Ph\u00e1t\",\"isPartOf\":{\"@id\":\"https:\/\/anphatco.123websitedev.com\/#website\"},\"primaryImageOfPage\":{\"@id\":\"https:\/\/anphatco.123websitedev.com\/san-pham\/tay-thao-ty-van-2-dau-xe-con-va-dau-may-xuc-dct11\/#primaryimage\"},\"image\":{\"@id\":\"https:\/\/anphatco.123websitedev.com\/san-pham\/tay-thao-ty-van-2-dau-xe-con-va-dau-may-xuc-dct11\/#primaryimage\"},\"thumbnailUrl\":\"https:\/\/anphatco.123websitedev.com\/wp-content\/uploads\/2026\/02\/vn-11134201-7r98o-lkq5ahctizswba.webp\",\"datePublished\":\"2026-02-10T04:17:04+00:00\",\"dateModified\":\"2026-02-12T09:46:08+00:00\",\"breadcrumb\":{\"@id\":\"https:\/\/anphatco.123websitedev.com\/san-pham\/tay-thao-ty-van-2-dau-xe-con-va-dau-may-xuc-dct11\/#breadcrumb\"},\"inLanguage\":\"en-US\",\"potentialAction\":[{\"@type\":\"ReadAction\",\"target\":[\"https:\/\/anphatco.123websitedev.com\/san-pham\/tay-thao-ty-van-2-dau-xe-con-va-dau-may-xuc-dct11\/\"]}]},{\"@type\":\"ImageObject\",\"inLanguage\":\"en-US\",\"@id\":\"https:\/\/anphatco.123websitedev.com\/san-pham\/tay-thao-ty-van-2-dau-xe-con-va-dau-may-xuc-dct11\/#primaryimage\",\"url\":\"https:\/\/anphatco.123websitedev.com\/wp-content\/uploads\/2026\/02\/vn-11134201-7r98o-lkq5ahctizswba.webp\",\"contentUrl\":\"https:\/\/anphatco.123websitedev.com\/wp-content\/uploads\/2026\/02\/vn-11134201-7r98o-lkq5ahctizswba.webp\",\"width\":1024,\"height\":1024},{\"@type\":\"BreadcrumbList\",\"@id\":\"https:\/\/anphatco.123websitedev.com\/san-pham\/tay-thao-ty-van-2-dau-xe-con-va-dau-may-xuc-dct11\/#breadcrumb\",\"itemListElement\":[{\"@type\":\"ListItem\",\"position\":1,\"name\":\"Trang ch\u1ee7\",\"item\":\"https:\/\/anphatco.123websitedev.com\/\"},{\"@type\":\"ListItem\",\"position\":2,\"name\":\"S\u1ea3n ph\u1ea9m\",\"item\":\"https:\/\/anphatco.123websitedev.com\/san-pham\/\"},{\"@type\":\"ListItem\",\"position\":3,\"name\":\"Tay Th\u00e1o Ty Van 2 \u0110\u1ea7u &#8211; Xe Con V\u00e0 \u0110\u1ea7u M\u00e1y X\u00fac DCT11\"}]},{\"@type\":\"WebSite\",\"@id\":\"https:\/\/anphatco.123websitedev.com\/#website\",\"url\":\"https:\/\/anphatco.123websitedev.com\/\",\"name\":\"An Ph\u00e1t\",\"description\":\"\",\"publisher\":{\"@id\":\"https:\/\/anphatco.123websitedev.com\/#organization\"},\"potentialAction\":[{\"@type\":\"SearchAction\",\"target\":{\"@type\":\"EntryPoint\",\"urlTemplate\":\"https:\/\/anphatco.123websitedev.com\/?s={search_term_string}\"},\"query-input\":{\"@type\":\"PropertyValueSpecification\",\"valueRequired\":true,\"valueName\":\"search_term_string\"}}],\"inLanguage\":\"en-US\"},{\"@type\":\"Organization\",\"@id\":\"https:\/\/anphatco.123websitedev.com\/#organization\",\"name\":\"An Ph\u00e1t\",\"url\":\"https:\/\/anphatco.123websitedev.com\/\",\"logo\":{\"@type\":\"ImageObject\",\"inLanguage\":\"en-US\",\"@id\":\"https:\/\/anphatco.123websitedev.com\/#\/schema\/logo\/image\/\",\"url\":\"https:\/\/anphatco.123websitedev.com\/wp-content\/uploads\/2025\/12\/an-phat-logo.png\",\"contentUrl\":\"https:\/\/anphatco.123websitedev.com\/wp-content\/uploads\/2025\/12\/an-phat-logo.png\",\"width\":74,\"height\":68,\"caption\":\"An Ph\u00e1t\"},\"image\":{\"@id\":\"https:\/\/anphatco.123websitedev.com\/#\/schema\/logo\/image\/\"}}]}<\/script>\n<!-- \/ Yoast SEO plugin. -->","yoast_head_json":{"title":"Tay Th\u00e1o Ty Van 2 \u0110\u1ea7u - Xe Con V\u00e0 \u0110\u1ea7u M\u00e1y X\u00fac DCT11 - An Ph\u00e1t","robots":{"index":"noindex","follow":"follow","max-snippet":"max-snippet:-1","max-image-preview":"max-image-preview:large","max-video-preview":"max-video-preview:-1"},"og_locale":"en_US","og_type":"article","og_title":"Tay Th\u00e1o Ty Van 2 \u0110\u1ea7u - Xe Con V\u00e0 \u0110\u1ea7u M\u00e1y X\u00fac DCT11 - An Ph\u00e1t","og_description":"&#8220;T\u00ean s\u1ea3n ph\u1ea9m: Tay Th\u00e1o Ty Van 2 \u0110\u1ea7u &#8211; Xe Con V\u00e0 \u0110\u1ea7u M\u00e1y X\u00fac DCT11 * C\u00f4ng d\u1ee5ng: \u25cf S\u1eed d\u1ee5ng \u0111\u1ec3 th\u00e1o l\u1eafp ty van, \u0111\u1eb7c bi\u1ec7t ph\u00f9 h\u1ee3p v\u1edbi xe con * M\u00f4 t\u1ea3 s\u1ea3n ph\u1ea9m: \u25cf Tay c\u1ea7m b\u1eb1ng nh\u1ef1a \u25cf Th\u00e2n th\u00e1o b\u1eb1ng s\u1eaft ph\u1ee7 b\u00f3ng ch\u1eafc ch\u1eafn * [&hellip;]","og_url":"https:\/\/anphatco.123websitedev.com\/en\/product\/tay-thao-ty-van-2-dau-xe-con-va-dau-may-xuc-dct11\/","og_site_name":"An Ph\u00e1t","article_modified_time":"2026-02-12T09:46:08+00:00","og_image":[{"width":1024,"height":1024,"url":"https:\/\/anphatco.123websitedev.com\/wp-content\/uploads\/2026\/02\/vn-11134201-7r98o-lkq5ahctizswba.webp","type":"image\/webp"}],"twitter_card":"summary_large_image","twitter_misc":{"Est. reading time":"1 minute"},"schema":{"@context":"https:\/\/schema.org","@graph":[{"@type":"WebPage","@id":"https:\/\/anphatco.123websitedev.com\/san-pham\/tay-thao-ty-van-2-dau-xe-con-va-dau-may-xuc-dct11\/","url":"https:\/\/anphatco.123websitedev.com\/san-pham\/tay-thao-ty-van-2-dau-xe-con-va-dau-may-xuc-dct11\/","name":"Tay Th\u00e1o Ty Van 2 \u0110\u1ea7u - Xe Con V\u00e0 \u0110\u1ea7u M\u00e1y X\u00fac DCT11 - An Ph\u00e1t","isPartOf":{"@id":"https:\/\/anphatco.123websitedev.com\/#website"},"primaryImageOfPage":{"@id":"https:\/\/anphatco.123websitedev.com\/san-pham\/tay-thao-ty-van-2-dau-xe-con-va-dau-may-xuc-dct11\/#primaryimage"},"image":{"@id":"https:\/\/anphatco.123websitedev.com\/san-pham\/tay-thao-ty-van-2-dau-xe-con-va-dau-may-xuc-dct11\/#primaryimage"},"thumbnailUrl":"https:\/\/anphatco.123websitedev.com\/wp-content\/uploads\/2026\/02\/vn-11134201-7r98o-lkq5ahctizswba.webp","datePublished":"2026-02-10T04:17:04+00:00","dateModified":"2026-02-12T09:46:08+00:00","breadcrumb":{"@id":"https:\/\/anphatco.123websitedev.com\/san-pham\/tay-thao-ty-van-2-dau-xe-con-va-dau-may-xuc-dct11\/#breadcrumb"},"inLanguage":"en-US","potentialAction":[{"@type":"ReadAction","target":["https:\/\/anphatco.123websitedev.com\/san-pham\/tay-thao-ty-van-2-dau-xe-con-va-dau-may-xuc-dct11\/"]}]},{"@type":"ImageObject","inLanguage":"en-US","@id":"https:\/\/anphatco.123websitedev.com\/san-pham\/tay-thao-ty-van-2-dau-xe-con-va-dau-may-xuc-dct11\/#primaryimage","url":"https:\/\/anphatco.123websitedev.com\/wp-content\/uploads\/2026\/02\/vn-11134201-7r98o-lkq5ahctizswba.webp","contentUrl":"https:\/\/anphatco.123websitedev.com\/wp-content\/uploads\/2026\/02\/vn-11134201-7r98o-lkq5ahctizswba.webp","width":1024,"height":1024},{"@type":"BreadcrumbList","@id":"https:\/\/anphatco.123websitedev.com\/san-pham\/tay-thao-ty-van-2-dau-xe-con-va-dau-may-xuc-dct11\/#breadcrumb","itemListElement":[{"@type":"ListItem","position":1,"name":"Trang ch\u1ee7","item":"https:\/\/anphatco.123websitedev.com\/"},{"@type":"ListItem","position":2,"name":"S\u1ea3n ph\u1ea9m","item":"https:\/\/anphatco.123websitedev.com\/san-pham\/"},{"@type":"ListItem","position":3,"name":"Tay Th\u00e1o Ty Van 2 \u0110\u1ea7u &#8211; Xe Con V\u00e0 \u0110\u1ea7u M\u00e1y X\u00fac DCT11"}]},{"@type":"WebSite","@id":"https:\/\/anphatco.123websitedev.com\/#website","url":"https:\/\/anphatco.123websitedev.com\/","name":"An Ph\u00e1t","description":"","publisher":{"@id":"https:\/\/anphatco.123websitedev.com\/#organization"},"potentialAction":[{"@type":"SearchAction","target":{"@type":"EntryPoint","urlTemplate":"https:\/\/anphatco.123websitedev.com\/?s={search_term_string}"},"query-input":{"@type":"PropertyValueSpecification","valueRequired":true,"valueName":"search_term_string"}}],"inLanguage":"en-US"},{"@type":"Organization","@id":"https:\/\/anphatco.123websitedev.com\/#organization","name":"An Ph\u00e1t","url":"https:\/\/anphatco.123websitedev.com\/","logo":{"@type":"ImageObject","inLanguage":"en-US","@id":"https:\/\/anphatco.123websitedev.com\/#\/schema\/logo\/image\/","url":"https:\/\/anphatco.123websitedev.com\/wp-content\/uploads\/2025\/12\/an-phat-logo.png","contentUrl":"https:\/\/anphatco.123websitedev.com\/wp-content\/uploads\/2025\/12\/an-phat-logo.png","width":74,"height":68,"caption":"An Ph\u00e1t"},"image":{"@id":"https:\/\/anphatco.123websitedev.com\/#\/schema\/logo\/image\/"}}]}},"_links":{"self":[{"href":"https:\/\/anphatco.123websitedev.com\/en\/wp-json\/wp\/v2\/product\/3307","targetHints":{"allow":["GET"]}}],"collection":[{"href":"https:\/\/anphatco.123websitedev.com\/en\/wp-json\/wp\/v2\/product"}],"about":[{"href":"https:\/\/anphatco.123websitedev.com\/en\/wp-json\/wp\/v2\/types\/product"}],"replies":[{"embeddable":true,"href":"https:\/\/anphatco.123websitedev.com\/en\/wp-json\/wp\/v2\/comments?post=3307"}],"wp:featuredmedia":[{"embeddable":true,"href":"https:\/\/anphatco.123websitedev.com\/en\/wp-json\/wp\/v2\/media\/3206"}],"wp:attachment":[{"href":"https:\/\/anphatco.123websitedev.com\/en\/wp-json\/wp\/v2\/media?parent=3307"}],"wp:term":[{"taxonomy":"product_brand","embeddable":true,"href":"https:\/\/anphatco.123websitedev.com\/en\/wp-json\/wp\/v2\/product_brand?post=3307"},{"taxonomy":"product_cat","embeddable":true,"href":"https:\/\/anphatco.123websitedev.com\/en\/wp-json\/wp\/v2\/product_cat?post=3307"},{"taxonomy":"product_tag","embeddable":true,"href":"https:\/\/anphatco.123websitedev.com\/en\/wp-json\/wp\/v2\/product_tag?post=3307"}],"curies":[{"name":"wp","href":"https:\/\/api.w.org\/{rel}","templated":true}]}}