{"id":3308,"date":"2026-02-10T11:17:04","date_gmt":"2026-02-10T04:17:04","guid":{"rendered":"https:\/\/anphatco.123websitedev.com\/san-pham\/mieng-va-lop-bo-thang-maruni-mr-08-48x68mm\/"},"modified":"2026-02-12T16:46:08","modified_gmt":"2026-02-12T09:46:08","slug":"mieng-va-lop-bo-thang-maruni-mr-08-48x68mm","status":"publish","type":"product","link":"https:\/\/anphatco.123websitedev.com\/en\/product\/mieng-va-lop-bo-thang-maruni-mr-08-48x68mm\/","title":{"rendered":"Maruni MR-08 Straight Ply Tire Patch 48x68mm"},"content":{"rendered":"<p>T\u00ean s\u1ea3n ph\u1ea9m: Mi\u1ebfng V\u00e1 L\u1ed1p B\u1ed1 Th\u1eb3ng Maruni MR-08 48x68mm<\/p>\n<p>* \u0110\u1eb6C \u0110I\u1ec2M N\u1ed4I B\u1eacT:<br \/>\n&#8211; G\u1ed3m nhi\u1ec1u l\u1edbp b\u1ed1 cao su b\u1ec1n v\u00e0 m\u1ec1m, b\u00ean trong c\u00f3 c\u00e1c s\u1ee3i nylon dai. L\u1edbp li\u00ean k\u1ebft c\u00f3 kh\u1ea3 n\u0103ng ch\u1ecbu nhi\u1ec7t t\u1ed1t.<br \/>\n&#8211; C\u00f3 th\u1ec3 v\u00e1 \u0111\u01b0\u1ee3c nh\u1eefng l\u1ed7 th\u1ee7ng l\u1edbn v\u1edbi mi\u1ebfng v\u00e1 nh\u1ecf h\u01a1n. Kh\u1ea3 n\u0103ng b\u00e1m d\u00ednh nhanh v\u00e0 ch\u1eafc.<br \/>\n&#8211; C\u00f3 nhi\u1ec1u k\u00edch c\u1ee1 mi\u1ebfng v\u00e1 kh\u00e1c nhau. C\u00f3 th\u1ec3 s\u1eed d\u1ee5ng cho v\u00e1 ch\u00edn. R\u00fat ng\u1eafn th\u1eddi gian thao t\u00e1c cho ng\u01b0\u1eddi s\u1eed d\u1ee5ng.<br \/>\n&#8211; \u0110\u1ec3 c\u00f3 \u0111\u01b0\u1ee3c hi\u1ec7u qu\u1ea3 s\u1eed d\u1ee5ng t\u1ed1t nh\u1ea5t n\u00ean d\u00f9ng mi\u1ebfng v\u00e1 v\u1edbi keo v\u00e1 l\u1ed1p Maruni (Super Valkarn G) v\u00e0 keo l\u00e0m k\u00edn (Sealiner).<br \/>\n&#8211; Kh\u1ea3 n\u0103ng ch\u1ecbu nhi\u1ec7t t\u1ed1t, tu\u1ed5i th\u1ecd cao, gi\u00e1 th\u00e0nh h\u1ee3p l\u00fd.<\/p>\n<p>* QUY C\u00c1CH \u0110\u00d3NG G\u00d3I:<br \/>\n&#8211; K\u00edch th\u01b0\u1edbc: Mi\u1ebfng 48x68mm<br \/>\n&#8211; H\u1ed9p 20 mi\u1ebfng<\/p>\n<p>L\u01b0u \u00fd: Chi\u1ec1u m\u0169i t\u00ean tr\u00ean mi\u1ebfng v\u00e1 \u0111\u01b0\u1ee3c \u0111\u1eb7t h\u01b0\u1edbng v\u1ec1 ph\u00eda m\u00e9p l\u1ed1p.<\/p>\n<p>Mi\u1ebfng v\u00e1 Maruni g\u1ed3m nhi\u1ec1u l\u1edbp ch\u1ed3ng l\u00ean nhau trong \u0111\u00f3 l\u1edbp ngo\u00e0i c\u00f9ng l\u00e0m b\u1eb1ng cao su b\u00e1n l\u01b0u h\u00f3a. Khi l\u1edbp cao su b\u00e1n l\u01b0u h\u00f3a k\u1ebft h\u1ee3p v\u1edbi keo v\u00e1 Maruni s\u1ebd t\u1ea1o ph\u1ea3n \u1ee9ng chuy\u1ec3n th\u00e0nh l\u1edbp cao su l\u01b0u h\u00f3a v\u00e0 b\u00e1m d\u00ednh ch\u1eafc ch\u1eafn h\u01a1n v\u1edbi b\u1ec1 m\u1eb7t l\u1ed1p.<br \/>\nNh\u1edd c\u00f4ng ngh\u1ec7 \u0111\u1eb7c bi\u1ec7t n\u00e0y m\u00e0 mi\u1ebfng v\u00e1 Maruni c\u00f3 \u0111\u1ed9 b\u1ec1n b\u1ec9 v\u01b0\u1ee3t tr\u1ed9i h\u01a1n h\u1eb3n c\u00e1c lo\u1ea1i mi\u1ebfng v\u00e1 th\u00f4ng th\u01b0\u1eddng kh\u00e1c.<\/p>\n<p>* H\u01b0\u1edbng d\u1eabn b\u1ea3o qu\u1ea3n s\u1ea3n ph\u1ea9m<br \/>\nB\u1ea3o qu\u1ea3n s\u1ea3n ph\u1ea9m \u1edf n\u01a1i kh\u00f4 r\u00e1o, tr\u00e1nh \u00e1nh s\u00e1ng tr\u1ef1c ti\u1ebfp t\u1eeb m\u1eb7t tr\u1eddi ho\u1eb7c \u0111\u1ec3 c\u1ea1nh c\u00e1c ngu\u1ed3n ph\u00e1t nhi\u1ec7t.<\/p>\n<p>* Cam k\u1ebft c\u1ee7a ch\u00fang t\u00f4i<br \/>\n&#8211; Cam k\u1ebft b\u00e1n h\u00e0ng ch\u00ednh h\u00e3ng UY T\u00cdN &#8211; CH\u1ea4T L\u01af\u1ee2NG<br \/>\n&#8211; S\u1ea3n ph\u1ea9m \u0111\u1ec1u gi\u1ed1ng h\u00ecnh v\u00e0 l\u00e0 \u1ea3nh th\u1eadt do shop t\u1ef1 ch\u1ee5p<br \/>\n&#8211; H\u00e0ng \u0111\u01b0\u1ee3c \u0111\u00f3ng g\u00f3i c\u1ea9n th\u1eadn, ch\u1eafc ch\u1eafn.<br \/>\n&#8211; Shop nh\u1eadn \u0111\u1ed5i tr\u1ea3 khi ph\u00e1t hi\u1ec7n l\u1ed7i do nh\u00e0 s\u1ea3n xu\u1ea5t k\u00e8m video quay l\u1ea1i qu\u00e1 tr\u00ecnh khui h\u00e0ng. (L\u01b0u \u00fd)<\/p>\n<p>* L\u01b0u \u00fd: Kh\u00e1ch h\u00e0ng vui l\u00f2ng xem k\u1ef9 ph\u00e2n lo\u1ea1i tr\u01b0\u1edbc khi \u0111\u1eb7t h\u00e0ng.<\/p>","protected":false},"excerpt":{"rendered":"<p>T\u00ean s\u1ea3n ph\u1ea9m: Mi\u1ebfng V\u00e1 L\u1ed1p B\u1ed1 Th\u1eb3ng Maruni MR-08 48x68mm * \u0110\u1eb6C \u0110I\u1ec2M N\u1ed4I B\u1eacT: &#8211; G\u1ed3m nhi\u1ec1u l\u1edbp b\u1ed1 cao su b\u1ec1n v\u00e0 m\u1ec1m, b\u00ean trong c\u00f3 c\u00e1c s\u1ee3i nylon dai. L\u1edbp li\u00ean k\u1ebft c\u00f3 kh\u1ea3 n\u0103ng ch\u1ecbu nhi\u1ec7t t\u1ed1t. &#8211; C\u00f3 th\u1ec3 v\u00e1 \u0111\u01b0\u1ee3c nh\u1eefng l\u1ed7 th\u1ee7ng l\u1edbn v\u1edbi mi\u1ebfng v\u00e1 nh\u1ecf [&hellip;]<\/p>","protected":false},"featured_media":3142,"comment_status":"closed","ping_status":"closed","template":"","meta":[],"product_brand":[125],"product_cat":[96,97],"product_tag":[],"class_list":{"0":"post-3308","1":"product","2":"type-product","3":"status-publish","4":"has-post-thumbnail","6":"product_brand-maruni","7":"product_cat-vat-tu-tieu-hao","8":"product_cat-mieng-va","10":"first","11":"instock","12":"purchasable","13":"product-type-simple"},"acf":[],"ct_brands":[{"id":125,"name":"Maruni","slug":"maruni"}],"yoast_head":"<!-- This site is optimized with the Yoast SEO plugin v26.6 - https:\/\/yoast.com\/wordpress\/plugins\/seo\/ -->\n<title>Mi\u1ebfng V\u00e1 L\u1ed1p B\u1ed1 Th\u1eb3ng Maruni MR-08 48X68MM - An Ph\u00e1t<\/title>\n<meta name=\"robots\" content=\"noindex, follow, max-snippet:-1, max-image-preview:large, max-video-preview:-1\" \/>\n<meta property=\"og:locale\" content=\"en_US\" \/>\n<meta property=\"og:type\" content=\"article\" \/>\n<meta property=\"og:title\" content=\"Mi\u1ebfng V\u00e1 L\u1ed1p B\u1ed1 Th\u1eb3ng Maruni MR-08 48X68MM - An Ph\u00e1t\" \/>\n<meta property=\"og:description\" content=\"T\u00ean s\u1ea3n ph\u1ea9m: Mi\u1ebfng V\u00e1 L\u1ed1p B\u1ed1 Th\u1eb3ng Maruni MR-08 48x68mm * \u0110\u1eb6C \u0110I\u1ec2M N\u1ed4I B\u1eacT: &#8211; G\u1ed3m nhi\u1ec1u l\u1edbp b\u1ed1 cao su b\u1ec1n v\u00e0 m\u1ec1m, b\u00ean trong c\u00f3 c\u00e1c s\u1ee3i nylon dai. L\u1edbp li\u00ean k\u1ebft c\u00f3 kh\u1ea3 n\u0103ng ch\u1ecbu nhi\u1ec7t t\u1ed1t. &#8211; C\u00f3 th\u1ec3 v\u00e1 \u0111\u01b0\u1ee3c nh\u1eefng l\u1ed7 th\u1ee7ng l\u1edbn v\u1edbi mi\u1ebfng v\u00e1 nh\u1ecf [&hellip;]\" \/>\n<meta property=\"og:url\" content=\"https:\/\/anphatco.123websitedev.com\/en\/product\/mieng-va-lop-bo-thang-maruni-mr-08-48x68mm\/\" \/>\n<meta property=\"og:site_name\" content=\"An Ph\u00e1t\" \/>\n<meta property=\"article:modified_time\" content=\"2026-02-12T09:46:08+00:00\" \/>\n<meta property=\"og:image\" content=\"https:\/\/anphatco.123websitedev.com\/wp-content\/uploads\/2026\/02\/sp7920-mr-08.jpg\" \/>\n\t<meta property=\"og:image:width\" content=\"1200\" \/>\n\t<meta property=\"og:image:height\" content=\"1200\" \/>\n\t<meta property=\"og:image:type\" content=\"image\/jpeg\" \/>\n<meta name=\"twitter:card\" content=\"summary_large_image\" \/>\n<meta name=\"twitter:label1\" content=\"Est. reading time\" \/>\n\t<meta name=\"twitter:data1\" content=\"1 minute\" \/>\n<script type=\"application\/ld+json\" class=\"yoast-schema-graph\">{\"@context\":\"https:\/\/schema.org\",\"@graph\":[{\"@type\":\"WebPage\",\"@id\":\"https:\/\/anphatco.123websitedev.com\/san-pham\/mieng-va-lop-bo-thang-maruni-mr-08-48x68mm\/\",\"url\":\"https:\/\/anphatco.123websitedev.com\/san-pham\/mieng-va-lop-bo-thang-maruni-mr-08-48x68mm\/\",\"name\":\"Mi\u1ebfng V\u00e1 L\u1ed1p B\u1ed1 Th\u1eb3ng Maruni MR-08 48X68MM - An Ph\u00e1t\",\"isPartOf\":{\"@id\":\"https:\/\/anphatco.123websitedev.com\/#website\"},\"primaryImageOfPage\":{\"@id\":\"https:\/\/anphatco.123websitedev.com\/san-pham\/mieng-va-lop-bo-thang-maruni-mr-08-48x68mm\/#primaryimage\"},\"image\":{\"@id\":\"https:\/\/anphatco.123websitedev.com\/san-pham\/mieng-va-lop-bo-thang-maruni-mr-08-48x68mm\/#primaryimage\"},\"thumbnailUrl\":\"https:\/\/anphatco.123websitedev.com\/wp-content\/uploads\/2026\/02\/sp7920-mr-08.jpg\",\"datePublished\":\"2026-02-10T04:17:04+00:00\",\"dateModified\":\"2026-02-12T09:46:08+00:00\",\"breadcrumb\":{\"@id\":\"https:\/\/anphatco.123websitedev.com\/san-pham\/mieng-va-lop-bo-thang-maruni-mr-08-48x68mm\/#breadcrumb\"},\"inLanguage\":\"en-US\",\"potentialAction\":[{\"@type\":\"ReadAction\",\"target\":[\"https:\/\/anphatco.123websitedev.com\/san-pham\/mieng-va-lop-bo-thang-maruni-mr-08-48x68mm\/\"]}]},{\"@type\":\"ImageObject\",\"inLanguage\":\"en-US\",\"@id\":\"https:\/\/anphatco.123websitedev.com\/san-pham\/mieng-va-lop-bo-thang-maruni-mr-08-48x68mm\/#primaryimage\",\"url\":\"https:\/\/anphatco.123websitedev.com\/wp-content\/uploads\/2026\/02\/sp7920-mr-08.jpg\",\"contentUrl\":\"https:\/\/anphatco.123websitedev.com\/wp-content\/uploads\/2026\/02\/sp7920-mr-08.jpg\",\"width\":1200,\"height\":1200},{\"@type\":\"BreadcrumbList\",\"@id\":\"https:\/\/anphatco.123websitedev.com\/san-pham\/mieng-va-lop-bo-thang-maruni-mr-08-48x68mm\/#breadcrumb\",\"itemListElement\":[{\"@type\":\"ListItem\",\"position\":1,\"name\":\"Trang ch\u1ee7\",\"item\":\"https:\/\/anphatco.123websitedev.com\/\"},{\"@type\":\"ListItem\",\"position\":2,\"name\":\"S\u1ea3n ph\u1ea9m\",\"item\":\"https:\/\/anphatco.123websitedev.com\/san-pham\/\"},{\"@type\":\"ListItem\",\"position\":3,\"name\":\"Mi\u1ebfng V\u00e1 L\u1ed1p B\u1ed1 Th\u1eb3ng Maruni MR-08 48X68MM\"}]},{\"@type\":\"WebSite\",\"@id\":\"https:\/\/anphatco.123websitedev.com\/#website\",\"url\":\"https:\/\/anphatco.123websitedev.com\/\",\"name\":\"An Ph\u00e1t\",\"description\":\"\",\"publisher\":{\"@id\":\"https:\/\/anphatco.123websitedev.com\/#organization\"},\"potentialAction\":[{\"@type\":\"SearchAction\",\"target\":{\"@type\":\"EntryPoint\",\"urlTemplate\":\"https:\/\/anphatco.123websitedev.com\/?s={search_term_string}\"},\"query-input\":{\"@type\":\"PropertyValueSpecification\",\"valueRequired\":true,\"valueName\":\"search_term_string\"}}],\"inLanguage\":\"en-US\"},{\"@type\":\"Organization\",\"@id\":\"https:\/\/anphatco.123websitedev.com\/#organization\",\"name\":\"An Ph\u00e1t\",\"url\":\"https:\/\/anphatco.123websitedev.com\/\",\"logo\":{\"@type\":\"ImageObject\",\"inLanguage\":\"en-US\",\"@id\":\"https:\/\/anphatco.123websitedev.com\/#\/schema\/logo\/image\/\",\"url\":\"https:\/\/anphatco.123websitedev.com\/wp-content\/uploads\/2025\/12\/an-phat-logo.png\",\"contentUrl\":\"https:\/\/anphatco.123websitedev.com\/wp-content\/uploads\/2025\/12\/an-phat-logo.png\",\"width\":74,\"height\":68,\"caption\":\"An Ph\u00e1t\"},\"image\":{\"@id\":\"https:\/\/anphatco.123websitedev.com\/#\/schema\/logo\/image\/\"}}]}<\/script>\n<!-- \/ Yoast SEO plugin. -->","yoast_head_json":{"title":"Mi\u1ebfng V\u00e1 L\u1ed1p B\u1ed1 Th\u1eb3ng Maruni MR-08 48X68MM - An Ph\u00e1t","robots":{"index":"noindex","follow":"follow","max-snippet":"max-snippet:-1","max-image-preview":"max-image-preview:large","max-video-preview":"max-video-preview:-1"},"og_locale":"en_US","og_type":"article","og_title":"Mi\u1ebfng V\u00e1 L\u1ed1p B\u1ed1 Th\u1eb3ng Maruni MR-08 48X68MM - An Ph\u00e1t","og_description":"T\u00ean s\u1ea3n ph\u1ea9m: Mi\u1ebfng V\u00e1 L\u1ed1p B\u1ed1 Th\u1eb3ng Maruni MR-08 48x68mm * \u0110\u1eb6C \u0110I\u1ec2M N\u1ed4I B\u1eacT: &#8211; G\u1ed3m nhi\u1ec1u l\u1edbp b\u1ed1 cao su b\u1ec1n v\u00e0 m\u1ec1m, b\u00ean trong c\u00f3 c\u00e1c s\u1ee3i nylon dai. L\u1edbp li\u00ean k\u1ebft c\u00f3 kh\u1ea3 n\u0103ng ch\u1ecbu nhi\u1ec7t t\u1ed1t. &#8211; C\u00f3 th\u1ec3 v\u00e1 \u0111\u01b0\u1ee3c nh\u1eefng l\u1ed7 th\u1ee7ng l\u1edbn v\u1edbi mi\u1ebfng v\u00e1 nh\u1ecf [&hellip;]","og_url":"https:\/\/anphatco.123websitedev.com\/en\/product\/mieng-va-lop-bo-thang-maruni-mr-08-48x68mm\/","og_site_name":"An Ph\u00e1t","article_modified_time":"2026-02-12T09:46:08+00:00","og_image":[{"width":1200,"height":1200,"url":"https:\/\/anphatco.123websitedev.com\/wp-content\/uploads\/2026\/02\/sp7920-mr-08.jpg","type":"image\/jpeg"}],"twitter_card":"summary_large_image","twitter_misc":{"Est. reading time":"1 minute"},"schema":{"@context":"https:\/\/schema.org","@graph":[{"@type":"WebPage","@id":"https:\/\/anphatco.123websitedev.com\/san-pham\/mieng-va-lop-bo-thang-maruni-mr-08-48x68mm\/","url":"https:\/\/anphatco.123websitedev.com\/san-pham\/mieng-va-lop-bo-thang-maruni-mr-08-48x68mm\/","name":"Mi\u1ebfng V\u00e1 L\u1ed1p B\u1ed1 Th\u1eb3ng Maruni MR-08 48X68MM - An Ph\u00e1t","isPartOf":{"@id":"https:\/\/anphatco.123websitedev.com\/#website"},"primaryImageOfPage":{"@id":"https:\/\/anphatco.123websitedev.com\/san-pham\/mieng-va-lop-bo-thang-maruni-mr-08-48x68mm\/#primaryimage"},"image":{"@id":"https:\/\/anphatco.123websitedev.com\/san-pham\/mieng-va-lop-bo-thang-maruni-mr-08-48x68mm\/#primaryimage"},"thumbnailUrl":"https:\/\/anphatco.123websitedev.com\/wp-content\/uploads\/2026\/02\/sp7920-mr-08.jpg","datePublished":"2026-02-10T04:17:04+00:00","dateModified":"2026-02-12T09:46:08+00:00","breadcrumb":{"@id":"https:\/\/anphatco.123websitedev.com\/san-pham\/mieng-va-lop-bo-thang-maruni-mr-08-48x68mm\/#breadcrumb"},"inLanguage":"en-US","potentialAction":[{"@type":"ReadAction","target":["https:\/\/anphatco.123websitedev.com\/san-pham\/mieng-va-lop-bo-thang-maruni-mr-08-48x68mm\/"]}]},{"@type":"ImageObject","inLanguage":"en-US","@id":"https:\/\/anphatco.123websitedev.com\/san-pham\/mieng-va-lop-bo-thang-maruni-mr-08-48x68mm\/#primaryimage","url":"https:\/\/anphatco.123websitedev.com\/wp-content\/uploads\/2026\/02\/sp7920-mr-08.jpg","contentUrl":"https:\/\/anphatco.123websitedev.com\/wp-content\/uploads\/2026\/02\/sp7920-mr-08.jpg","width":1200,"height":1200},{"@type":"BreadcrumbList","@id":"https:\/\/anphatco.123websitedev.com\/san-pham\/mieng-va-lop-bo-thang-maruni-mr-08-48x68mm\/#breadcrumb","itemListElement":[{"@type":"ListItem","position":1,"name":"Trang ch\u1ee7","item":"https:\/\/anphatco.123websitedev.com\/"},{"@type":"ListItem","position":2,"name":"S\u1ea3n ph\u1ea9m","item":"https:\/\/anphatco.123websitedev.com\/san-pham\/"},{"@type":"ListItem","position":3,"name":"Mi\u1ebfng V\u00e1 L\u1ed1p B\u1ed1 Th\u1eb3ng Maruni MR-08 48X68MM"}]},{"@type":"WebSite","@id":"https:\/\/anphatco.123websitedev.com\/#website","url":"https:\/\/anphatco.123websitedev.com\/","name":"An Ph\u00e1t","description":"","publisher":{"@id":"https:\/\/anphatco.123websitedev.com\/#organization"},"potentialAction":[{"@type":"SearchAction","target":{"@type":"EntryPoint","urlTemplate":"https:\/\/anphatco.123websitedev.com\/?s={search_term_string}"},"query-input":{"@type":"PropertyValueSpecification","valueRequired":true,"valueName":"search_term_string"}}],"inLanguage":"en-US"},{"@type":"Organization","@id":"https:\/\/anphatco.123websitedev.com\/#organization","name":"An Ph\u00e1t","url":"https:\/\/anphatco.123websitedev.com\/","logo":{"@type":"ImageObject","inLanguage":"en-US","@id":"https:\/\/anphatco.123websitedev.com\/#\/schema\/logo\/image\/","url":"https:\/\/anphatco.123websitedev.com\/wp-content\/uploads\/2025\/12\/an-phat-logo.png","contentUrl":"https:\/\/anphatco.123websitedev.com\/wp-content\/uploads\/2025\/12\/an-phat-logo.png","width":74,"height":68,"caption":"An Ph\u00e1t"},"image":{"@id":"https:\/\/anphatco.123websitedev.com\/#\/schema\/logo\/image\/"}}]}},"_links":{"self":[{"href":"https:\/\/anphatco.123websitedev.com\/en\/wp-json\/wp\/v2\/product\/3308","targetHints":{"allow":["GET"]}}],"collection":[{"href":"https:\/\/anphatco.123websitedev.com\/en\/wp-json\/wp\/v2\/product"}],"about":[{"href":"https:\/\/anphatco.123websitedev.com\/en\/wp-json\/wp\/v2\/types\/product"}],"replies":[{"embeddable":true,"href":"https:\/\/anphatco.123websitedev.com\/en\/wp-json\/wp\/v2\/comments?post=3308"}],"wp:featuredmedia":[{"embeddable":true,"href":"https:\/\/anphatco.123websitedev.com\/en\/wp-json\/wp\/v2\/media\/3142"}],"wp:attachment":[{"href":"https:\/\/anphatco.123websitedev.com\/en\/wp-json\/wp\/v2\/media?parent=3308"}],"wp:term":[{"taxonomy":"product_brand","embeddable":true,"href":"https:\/\/anphatco.123websitedev.com\/en\/wp-json\/wp\/v2\/product_brand?post=3308"},{"taxonomy":"product_cat","embeddable":true,"href":"https:\/\/anphatco.123websitedev.com\/en\/wp-json\/wp\/v2\/product_cat?post=3308"},{"taxonomy":"product_tag","embeddable":true,"href":"https:\/\/anphatco.123websitedev.com\/en\/wp-json\/wp\/v2\/product_tag?post=3308"}],"curies":[{"name":"wp","href":"https:\/\/api.w.org\/{rel}","templated":true}]}}